{"id":16683,"date":"2026-05-05T14:12:51","date_gmt":"2026-05-05T12:12:51","guid":{"rendered":"https:\/\/www.lesourceur.com\/?post_type=product&#038;p=16683"},"modified":"2026-05-11T16:42:13","modified_gmt":"2026-05-11T14:42:13","slug":"ginger-lily-alcoolat","status":"publish","type":"product","link":"https:\/\/www.lesourceur.com\/en\/produit\/ginger-lily-alcoolat\/","title":{"rendered":"Ginger Lily"},"content":{"rendered":"<p>L\u2019<strong data-start=\"132\" data-end=\"156\">alcoolat Ginger Lily<\/strong> ou Longoze (<em data-start=\"175\" data-end=\"197\">Hedychium flavescens<\/em>), r\u00e9v\u00e8le toute la richesse aromatique de cette fleur embl\u00e9matique de Madagascar. Encore m\u00e9connu il y a peu, le Ginger Lily s\u2019impose aujourd\u2019hui en parfumerie moderne, o\u00f9 son extrait est int\u00e9gr\u00e9 avec succ\u00e8s dans des cr\u00e9ations des plus grandes Maisons de Parfum. Son profil olfactif singulier s\u00e9duit imm\u00e9diatement : <strong>une fragrance \u00e0 la fois florale et subtilement \u00e9pic\u00e9e, relev\u00e9e par des nuances de gingembre et des accents d\u2019\u00e9corces d\u2019agrumes<\/strong>. Cet \u00e9quilibre raffin\u00e9 fait de l\u2019alcoolat de Ginger Lily une mati\u00e8re premi\u00e8re pr\u00e9cieuse et distinctive, recherch\u00e9e pour apporter caract\u00e8re et originalit\u00e9 aux compositions parfum\u00e9es.<\/p>\n<p>&nbsp;<\/p>\n<p>Au-del\u00e0 de son usage en parfumerie, le Longoze occupe une place importante dans la m\u00e9decine traditionnelle malgache. Ses fleurs sont utilis\u00e9es depuis des g\u00e9n\u00e9rations pour <strong>le nettoyage des plaies, mais aussi dans des rituels spirituels visant \u00e0 stimuler et \u00ab r\u00e9veiller \u00bb l\u2019\u00e9nergie<\/strong>.<\/p>\n<p>&nbsp;<\/p>\n<p>Gr\u00e2ce \u00e0 son parfum chaud et \u00e9pic\u00e9, le Ginger Lily est souvent surnomm\u00e9 <strong>le \u00ab gingembre sauvage malgache de la parfumerie \u00bb<\/strong>, une appellation qui refl\u00e8te parfaitement son identit\u00e9 olfactive unique et son h\u00e9ritage culturel.<\/p>\n","protected":false},"excerpt":{"rendered":"<p>L\u2019alcoolat Ginger Lily ou Longoze (Hedychium flavescens), r\u00e9v\u00e8le toute la richesse aromatique de cette fleur embl\u00e9matique de Madagascar. Encore m\u00e9connu il y a peu, le Ginger Lily s\u2019impose aujourd\u2019hui en parfumerie moderne, o\u00f9 son extrait est int\u00e9gr\u00e9 avec succ\u00e8s dans des cr\u00e9ations des plus grandes Maisons de Parfum. Son profil olfactif singulier s\u00e9duit imm\u00e9diatement : [&hellip;]<\/p>\n","protected":false},"featured_media":16690,"template":"","meta":{"_acf_changed":false},"intervenant":[],"lieu-de-latelier":[],"product_brand":[],"product_cat":[194,254],"product_tag":[195],"class_list":{"0":"post-16683","1":"product","2":"type-product","3":"status-publish","4":"has-post-thumbnail","6":"product_cat-alcoholate","7":"product_cat-nouveautes","8":"product_tag-floral","9":"pa_contenance-10-ml-en","10":"pa_contenance-30-ml-en","12":"first","13":"instock","14":"taxable","15":"shipping-taxable","16":"purchasable","17":"product-type-variable","18":"has-default-attributes"},"acf":[],"yoast_head":"<!-- This site is optimized with the Yoast SEO plugin v27.5 - https:\/\/yoast.com\/product\/yoast-seo-wordpress\/ -->\n<title>Jasmine Alcoholate (Jasminum Grandiflorum): Uses and Benefits<\/title>\n<meta name=\"description\" content=\"Jasmine alcoholate (Jasminum Grandiflorum) is a 100% natural solution obtained by macerating jasmine concrete and used for its white floral notes.\" \/>\n<meta name=\"robots\" content=\"index, follow, max-snippet:-1, max-image-preview:large, max-video-preview:-1\" \/>\n<link rel=\"canonical\" href=\"https:\/\/www.lesourceur.com\/en\/produit\/ginger-lily-alcoolat\/\" \/>\n<meta property=\"og:locale\" content=\"en_US\" \/>\n<meta property=\"og:type\" content=\"article\" \/>\n<meta property=\"og:title\" content=\"Jasmine Alcoholate (Jasminum Grandiflorum): Uses and Benefits\" \/>\n<meta property=\"og:description\" content=\"Jasmine alcoholate (Jasminum Grandiflorum) is a 100% natural solution obtained by macerating jasmine concrete and used for its white floral notes.\" \/>\n<meta property=\"og:url\" content=\"https:\/\/www.lesourceur.com\/en\/produit\/ginger-lily-alcoolat\/\" \/>\n<meta property=\"og:site_name\" content=\"Le sourceur\" \/>\n<meta property=\"article:modified_time\" content=\"2026-05-11T14:42:13+00:00\" \/>\n<meta property=\"og:image\" content=\"https:\/\/www.lesourceur.com\/wp-content\/uploads\/2026\/05\/ginger-lily-lesourceur-produit.webp\" \/>\n\t<meta property=\"og:image:width\" content=\"600\" \/>\n\t<meta property=\"og:image:height\" content=\"805\" \/>\n\t<meta property=\"og:image:type\" content=\"image\/webp\" \/>\n<meta name=\"twitter:card\" content=\"summary_large_image\" \/>\n<meta name=\"twitter:label1\" content=\"Est. reading time\" \/>\n\t<meta name=\"twitter:data1\" content=\"1 minute\" \/>\n<script type=\"application\/ld+json\" class=\"yoast-schema-graph\">{\"@context\":\"https:\\\/\\\/schema.org\",\"@graph\":[{\"@type\":\"WebPage\",\"@id\":\"https:\\\/\\\/www.lesourceur.com\\\/en\\\/produit\\\/ginger-lily-alcoolat\\\/\",\"url\":\"https:\\\/\\\/www.lesourceur.com\\\/en\\\/produit\\\/ginger-lily-alcoolat\\\/\",\"name\":\"Jasmine Alcoholate (Jasminum Grandiflorum): Uses and Benefits\",\"isPartOf\":{\"@id\":\"https:\\\/\\\/www.lesourceur.com\\\/#website\"},\"primaryImageOfPage\":{\"@id\":\"https:\\\/\\\/www.lesourceur.com\\\/en\\\/produit\\\/ginger-lily-alcoolat\\\/#primaryimage\"},\"image\":{\"@id\":\"https:\\\/\\\/www.lesourceur.com\\\/en\\\/produit\\\/ginger-lily-alcoolat\\\/#primaryimage\"},\"thumbnailUrl\":\"https:\\\/\\\/www.lesourceur.com\\\/wp-content\\\/uploads\\\/2026\\\/05\\\/ginger-lily-lesourceur-produit.webp\",\"datePublished\":\"2026-05-05T12:12:51+00:00\",\"dateModified\":\"2026-05-11T14:42:13+00:00\",\"description\":\"Jasmine alcoholate (Jasminum Grandiflorum) is a 100% natural solution obtained by macerating jasmine concrete and used for its white floral notes.\",\"breadcrumb\":{\"@id\":\"https:\\\/\\\/www.lesourceur.com\\\/en\\\/produit\\\/ginger-lily-alcoolat\\\/#breadcrumb\"},\"inLanguage\":\"en-US\",\"potentialAction\":[{\"@type\":\"ReadAction\",\"target\":[\"https:\\\/\\\/www.lesourceur.com\\\/en\\\/produit\\\/ginger-lily-alcoolat\\\/\"]}]},{\"@type\":\"ImageObject\",\"inLanguage\":\"en-US\",\"@id\":\"https:\\\/\\\/www.lesourceur.com\\\/en\\\/produit\\\/ginger-lily-alcoolat\\\/#primaryimage\",\"url\":\"https:\\\/\\\/www.lesourceur.com\\\/wp-content\\\/uploads\\\/2026\\\/05\\\/ginger-lily-lesourceur-produit.webp\",\"contentUrl\":\"https:\\\/\\\/www.lesourceur.com\\\/wp-content\\\/uploads\\\/2026\\\/05\\\/ginger-lily-lesourceur-produit.webp\",\"width\":600,\"height\":805},{\"@type\":\"BreadcrumbList\",\"@id\":\"https:\\\/\\\/www.lesourceur.com\\\/en\\\/produit\\\/ginger-lily-alcoolat\\\/#breadcrumb\",\"itemListElement\":[{\"@type\":\"ListItem\",\"position\":1,\"name\":\"Accueil\",\"item\":\"https:\\\/\\\/www.lesourceur.com\\\/\"},{\"@type\":\"ListItem\",\"position\":2,\"name\":\"Shop\",\"item\":\"https:\\\/\\\/www.lesourceur.com\\\/en\\\/shop\\\/\"},{\"@type\":\"ListItem\",\"position\":3,\"name\":\"Ginger Lily\"}]},{\"@type\":\"WebSite\",\"@id\":\"https:\\\/\\\/www.lesourceur.com\\\/#website\",\"url\":\"https:\\\/\\\/www.lesourceur.com\\\/\",\"name\":\"Le sourceur\",\"description\":\"\",\"potentialAction\":[{\"@type\":\"SearchAction\",\"target\":{\"@type\":\"EntryPoint\",\"urlTemplate\":\"https:\\\/\\\/www.lesourceur.com\\\/?s={search_term_string}\"},\"query-input\":{\"@type\":\"PropertyValueSpecification\",\"valueRequired\":true,\"valueName\":\"search_term_string\"}}],\"inLanguage\":\"en-US\"}]}<\/script>\n<!-- \/ Yoast SEO plugin. -->","yoast_head_json":{"title":"Jasmine Alcoholate (Jasminum Grandiflorum): Uses and Benefits","description":"Jasmine alcoholate (Jasminum Grandiflorum) is a 100% natural solution obtained by macerating jasmine concrete and used for its white floral notes.","robots":{"index":"index","follow":"follow","max-snippet":"max-snippet:-1","max-image-preview":"max-image-preview:large","max-video-preview":"max-video-preview:-1"},"canonical":"https:\/\/www.lesourceur.com\/en\/produit\/ginger-lily-alcoolat\/","og_locale":"en_US","og_type":"article","og_title":"Jasmine Alcoholate (Jasminum Grandiflorum): Uses and Benefits","og_description":"Jasmine alcoholate (Jasminum Grandiflorum) is a 100% natural solution obtained by macerating jasmine concrete and used for its white floral notes.","og_url":"https:\/\/www.lesourceur.com\/en\/produit\/ginger-lily-alcoolat\/","og_site_name":"Le sourceur","article_modified_time":"2026-05-11T14:42:13+00:00","og_image":[{"width":600,"height":805,"url":"https:\/\/www.lesourceur.com\/wp-content\/uploads\/2026\/05\/ginger-lily-lesourceur-produit.webp","type":"image\/webp"}],"twitter_card":"summary_large_image","twitter_misc":{"Est. reading time":"1 minute"},"schema":{"@context":"https:\/\/schema.org","@graph":[{"@type":"WebPage","@id":"https:\/\/www.lesourceur.com\/en\/produit\/ginger-lily-alcoolat\/","url":"https:\/\/www.lesourceur.com\/en\/produit\/ginger-lily-alcoolat\/","name":"Jasmine Alcoholate (Jasminum Grandiflorum): Uses and Benefits","isPartOf":{"@id":"https:\/\/www.lesourceur.com\/#website"},"primaryImageOfPage":{"@id":"https:\/\/www.lesourceur.com\/en\/produit\/ginger-lily-alcoolat\/#primaryimage"},"image":{"@id":"https:\/\/www.lesourceur.com\/en\/produit\/ginger-lily-alcoolat\/#primaryimage"},"thumbnailUrl":"https:\/\/www.lesourceur.com\/wp-content\/uploads\/2026\/05\/ginger-lily-lesourceur-produit.webp","datePublished":"2026-05-05T12:12:51+00:00","dateModified":"2026-05-11T14:42:13+00:00","description":"Jasmine alcoholate (Jasminum Grandiflorum) is a 100% natural solution obtained by macerating jasmine concrete and used for its white floral notes.","breadcrumb":{"@id":"https:\/\/www.lesourceur.com\/en\/produit\/ginger-lily-alcoolat\/#breadcrumb"},"inLanguage":"en-US","potentialAction":[{"@type":"ReadAction","target":["https:\/\/www.lesourceur.com\/en\/produit\/ginger-lily-alcoolat\/"]}]},{"@type":"ImageObject","inLanguage":"en-US","@id":"https:\/\/www.lesourceur.com\/en\/produit\/ginger-lily-alcoolat\/#primaryimage","url":"https:\/\/www.lesourceur.com\/wp-content\/uploads\/2026\/05\/ginger-lily-lesourceur-produit.webp","contentUrl":"https:\/\/www.lesourceur.com\/wp-content\/uploads\/2026\/05\/ginger-lily-lesourceur-produit.webp","width":600,"height":805},{"@type":"BreadcrumbList","@id":"https:\/\/www.lesourceur.com\/en\/produit\/ginger-lily-alcoolat\/#breadcrumb","itemListElement":[{"@type":"ListItem","position":1,"name":"Accueil","item":"https:\/\/www.lesourceur.com\/"},{"@type":"ListItem","position":2,"name":"Shop","item":"https:\/\/www.lesourceur.com\/en\/shop\/"},{"@type":"ListItem","position":3,"name":"Ginger Lily"}]},{"@type":"WebSite","@id":"https:\/\/www.lesourceur.com\/#website","url":"https:\/\/www.lesourceur.com\/","name":"Le sourceur","description":"","potentialAction":[{"@type":"SearchAction","target":{"@type":"EntryPoint","urlTemplate":"https:\/\/www.lesourceur.com\/?s={search_term_string}"},"query-input":{"@type":"PropertyValueSpecification","valueRequired":true,"valueName":"search_term_string"}}],"inLanguage":"en-US"}]}},"_links":{"self":[{"href":"https:\/\/www.lesourceur.com\/en\/wp-json\/wp\/v2\/product\/16683","targetHints":{"allow":["GET"]}}],"collection":[{"href":"https:\/\/www.lesourceur.com\/en\/wp-json\/wp\/v2\/product"}],"about":[{"href":"https:\/\/www.lesourceur.com\/en\/wp-json\/wp\/v2\/types\/product"}],"version-history":[{"count":3,"href":"https:\/\/www.lesourceur.com\/en\/wp-json\/wp\/v2\/product\/16683\/revisions"}],"predecessor-version":[{"id":16979,"href":"https:\/\/www.lesourceur.com\/en\/wp-json\/wp\/v2\/product\/16683\/revisions\/16979"}],"wp:featuredmedia":[{"embeddable":true,"href":"https:\/\/www.lesourceur.com\/en\/wp-json\/wp\/v2\/media\/16690"}],"wp:attachment":[{"href":"https:\/\/www.lesourceur.com\/en\/wp-json\/wp\/v2\/media?parent=16683"}],"wp:term":[{"taxonomy":"intervenant","embeddable":true,"href":"https:\/\/www.lesourceur.com\/en\/wp-json\/wp\/v2\/intervenant?post=16683"},{"taxonomy":"lieu-de-latelier","embeddable":true,"href":"https:\/\/www.lesourceur.com\/en\/wp-json\/wp\/v2\/lieu-de-latelier?post=16683"},{"taxonomy":"product_brand","embeddable":true,"href":"https:\/\/www.lesourceur.com\/en\/wp-json\/wp\/v2\/product_brand?post=16683"},{"taxonomy":"product_cat","embeddable":true,"href":"https:\/\/www.lesourceur.com\/en\/wp-json\/wp\/v2\/product_cat?post=16683"},{"taxonomy":"product_tag","embeddable":true,"href":"https:\/\/www.lesourceur.com\/en\/wp-json\/wp\/v2\/product_tag?post=16683"}],"curies":[{"name":"wp","href":"https:\/\/api.w.org\/{rel}","templated":true}]}}