{"id":13526,"date":"2024-05-23T16:00:49","date_gmt":"2024-05-23T14:00:49","guid":{"rendered":"https:\/\/www.lesourceur.com\/aviso-legal\/"},"modified":"2025-08-26T16:44:32","modified_gmt":"2025-08-26T14:44:32","slug":"aviso-legal","status":"publish","type":"page","link":"https:\/\/www.lesourceur.com\/es\/aviso-legal\/","title":{"rendered":"Aviso legal"},"content":{"rendered":"\t\t<div data-elementor-type=\"wp-page\" data-elementor-id=\"13526\" class=\"elementor elementor-13526 elementor-3029\" data-elementor-post-type=\"page\">\n\t\t\t\t<div class=\"elementor-element elementor-element-b53c6ea e-flex e-con-boxed e-con e-parent\" data-id=\"b53c6ea\" data-element_type=\"container\" data-e-type=\"container\" data-settings=\"{&quot;background_background&quot;:&quot;classic&quot;}\">\n\t\t\t\t\t<div class=\"e-con-inner\">\n\t\t\t\t<div class=\"elementor-element elementor-element-77a37a7 elementor-widget elementor-widget-heading\" data-id=\"77a37a7\" data-element_type=\"widget\" data-e-type=\"widget\" data-widget_type=\"heading.default\">\n\t\t\t\t<div class=\"elementor-widget-container\">\n\t\t\t\t\t<h1 class=\"elementor-heading-title elementor-size-default\">Aviso legal<\/h1>\t\t\t\t<\/div>\n\t\t\t\t<\/div>\n\t\t\t\t\t<\/div>\n\t\t\t\t<\/div>\n\t\t<div class=\"elementor-element elementor-element-b2137bd e-flex e-con-boxed e-con e-parent\" data-id=\"b2137bd\" data-element_type=\"container\" data-e-type=\"container\">\n\t\t\t\t\t<div class=\"e-con-inner\">\n\t\t<div class=\"elementor-element elementor-element-4845cb3 e-flex e-con-boxed e-con e-child\" data-id=\"4845cb3\" data-element_type=\"container\" data-e-type=\"container\">\n\t\t\t\t\t<div class=\"e-con-inner\">\n\t\t<div class=\"elementor-element elementor-element-49c185e e-flex e-con-boxed e-con e-child\" data-id=\"49c185e\" data-element_type=\"container\" data-e-type=\"container\">\n\t\t\t\t\t<div class=\"e-con-inner\">\n\t\t\t\t<div class=\"elementor-element elementor-element-5b8effd elementor-widget__width-inherit elementor-widget elementor-widget-heading\" data-id=\"5b8effd\" data-element_type=\"widget\" data-e-type=\"widget\" data-widget_type=\"heading.default\">\n\t\t\t\t<div class=\"elementor-widget-container\">\n\t\t\t\t\t<h3 class=\"elementor-heading-title elementor-size-default\">Propietario \/ Director de la publicaci\u00f3n<\/h3>\t\t\t\t<\/div>\n\t\t\t\t<\/div>\n\t\t\t\t<div class=\"elementor-element elementor-element-9f277ca elementor-widget__width-inherit elementor-widget elementor-widget-heading\" data-id=\"9f277ca\" data-element_type=\"widget\" data-e-type=\"widget\" data-widget_type=\"heading.default\">\n\t\t\t\t<div class=\"elementor-widget-container\">\n\t\t\t\t\t<h3 class=\"elementor-heading-title elementor-size-default\">Desarrollo<\/h3>\t\t\t\t<\/div>\n\t\t\t\t<\/div>\n\t\t\t\t<div class=\"elementor-element elementor-element-9534850 elementor-widget elementor-widget-text-editor\" data-id=\"9534850\" data-element_type=\"widget\" data-e-type=\"widget\" data-widget_type=\"text-editor.default\">\n\t\t\t\t<div class=\"elementor-widget-container\">\n\t\t\t\t\t\t\t\t\t<p>Behave<br>16 Route de la Garenne<br>Cellule C2,<br>44700 ORVAULT<\/p><p>Tel.: 0650870662<br>Sociedad de responsabilidad limitada con un capital de 258 000 euros.<\/p><p>RCS NANTES 489622027<\/p><p>N.\u00ba IVA intracomunitario: FR40489622027<\/p>\t\t\t\t\t\t\t\t<\/div>\n\t\t\t\t<\/div>\n\t\t\t\t<div class=\"elementor-element elementor-element-7e02a4e elementor-widget__width-inherit elementor-widget elementor-widget-text-editor\" data-id=\"7e02a4e\" data-element_type=\"widget\" data-e-type=\"widget\" data-widget_type=\"text-editor.default\">\n\t\t\t\t<div class=\"elementor-widget-container\">\n\t\t\t\t\t\t\t\t\t<p>Mrlsagency &#8211; <a href=\"http:\/\/www.mrlsagency.com\">www.mrlsagency.com<\/a><\/p>\t\t\t\t\t\t\t\t<\/div>\n\t\t\t\t<\/div>\n\t\t\t\t<div class=\"elementor-element elementor-element-b7dbf4a elementor-widget__width-inherit elementor-widget elementor-widget-heading\" data-id=\"b7dbf4a\" data-element_type=\"widget\" data-e-type=\"widget\" data-widget_type=\"heading.default\">\n\t\t\t\t<div class=\"elementor-widget-container\">\n\t\t\t\t\t<h3 class=\"elementor-heading-title elementor-size-default\">Alojamiento<\/h3>\t\t\t\t<\/div>\n\t\t\t\t<\/div>\n\t\t\t\t<div class=\"elementor-element elementor-element-573d6f3 elementor-widget__width-inherit elementor-widget elementor-widget-text-editor\" data-id=\"573d6f3\" data-element_type=\"widget\" data-e-type=\"widget\" data-widget_type=\"text-editor.default\">\n\t\t\t\t<div class=\"elementor-widget-container\">\n\t\t\t\t\t\t\t\t\t<p>Oadsys- <a href=\"https:\/\/oadsys.net\/\" target=\"_blank\" rel=\"noopener\">www.oasdys.net<\/a><br>8 rue des Jarres \u2013 44700 ORVAULT <\/p>\t\t\t\t\t\t\t\t<\/div>\n\t\t\t\t<\/div>\n\t\t\t\t<div class=\"elementor-element elementor-element-d0cdfc6 elementor-widget__width-inherit elementor-widget elementor-widget-heading\" data-id=\"d0cdfc6\" data-element_type=\"widget\" data-e-type=\"widget\" data-widget_type=\"heading.default\">\n\t\t\t\t<div class=\"elementor-widget-container\">\n\t\t\t\t\t<h3 class=\"elementor-heading-title elementor-size-default\">pol\u00edtica de privacidad\n<\/h3>\t\t\t\t<\/div>\n\t\t\t\t<\/div>\n\t\t\t\t<div class=\"elementor-element elementor-element-2673c74 elementor-widget__width-inherit parae elementor-widget elementor-widget-text-editor\" data-id=\"2673c74\" data-element_type=\"widget\" data-e-type=\"widget\" data-widget_type=\"text-editor.default\">\n\t\t\t\t<div class=\"elementor-widget-container\">\n\t\t\t\t\t\t\t\t\t<h3>DATOS PERSONALES Y COOKIES<\/h3><p>Durante su visita a nuestro sitio web, es posible que se almacene informaci\u00f3n en un archivo \u00abcookie\u00bb emitido por nosotros o por terceros en su dispositivo de visualizaci\u00f3n (ordenador, tableta, m\u00f3vil). En esta p\u00e1gina se explica qu\u00e9 es una cookie, su utilidad en el sitio web y c\u00f3mo la utilizamos, as\u00ed como las opciones que tiene para activar o desactivar estas cookies durante su visita. <\/p><h3>\u00bfQU\u00c9 ES UNA COOKIE?<\/h3><p>El t\u00e9rmino \u00abcookie\u00bb se refiere a un peque\u00f1o archivo de texto que se copia en su disco duro junto con las dem\u00e1s p\u00e1ginas del sitio web y que permite aportar una serie de funcionalidades a su navegaci\u00f3n cuando consulta el sitio web, o analizar su navegaci\u00f3n con el fin de determinar posibles mejoras que se puedan realizar en el sitio.<\/p><p>En sursourceur.com utilizamos dos tipos de cookies:<\/p><ol><li>Cookies de medici\u00f3n de audiencia (v\u00e9ase el p\u00e1rrafo siguiente)<\/li><li>Cookies para compartir en redes sociales (v\u00e9ase el apartado 2)<\/li><\/ol><p>Una cookie no le identifica personalmente. Permite a su emisor reconocer su dispositivo y recopilar cierta informaci\u00f3n relativa a la navegaci\u00f3n realizada desde dicho dispositivo, como por ejemplo sus preferencias en el sitio web, sus elecciones, sus identificadores, comentarios u opciones seleccionadas anteriormente. Para obtener m\u00e1s informaci\u00f3n sobre las cookies, le invitamos a consultar el sitio web de la CNIL (<span style=\"color: #91b4e9;\"><a style=\"color: #91b4e9;\" href=\"https:\/\/www.cnil.fr\/fr\/cnil-direct\/question\/198\" target=\"_blank\" rel=\"noopener\">https:\/\/www.cnil.fr\/fr\/cnil-direct\/question\/198<\/a><\/span>).  <\/p><h4>1. Las cookies de medici\u00f3n de audiencia son emitidas por nuestros proveedores t\u00e9cnicos con el fin de medir la audiencia de los diferentes contenidos y secciones de nuestro Sitio y nuestra aplicaci\u00f3n, con el fin de evaluarlos y organizarlos mejor.<\/h4><p>Las cookies de medici\u00f3n de audiencia son emitidas por nuestros socios t\u00e9cnicos. Su finalidad es analizar el tr\u00e1fico del sitio web (n\u00famero de visitantes, p\u00e1ginas visitadas, etc.) y detectar posibles problemas de navegaci\u00f3n o del sitio web. Por lo tanto, permiten mejorar la ergonom\u00eda del sitio web, su calidad general y la experiencia de los visitantes. Las estad\u00edsticas relativas al tr\u00e1fico del sitio web solo se comunican a nuestros proveedores t\u00e9cnicos de forma an\u00f3nima y sin ninguna informaci\u00f3n individual, en forma de estad\u00edsticas y vol\u00famenes de datos, como el n\u00famero de p\u00e1ginas vistas, la duraci\u00f3n de la visita o las p\u00e1ginas visitadas. Estos datos no est\u00e1n relacionados con su nombre ni con sus datos personales y en ning\u00fan caso permiten seguir su navegaci\u00f3n en otros sitios web distintos al nuestro.    <\/p><p>Tambi\u00e9n se pueden recopilar datos relacionados con el bolet\u00edn informativo para mejorar nuestro servicio y ofrecerle contenidos m\u00e1s relevantes. La duraci\u00f3n de estas cookies de medici\u00f3n de audiencia no supera los 13 meses. Tiene la posibilidad de rechazar estas cookies de medici\u00f3n de audiencia. Encontrar\u00e1 los pasos a seguir en el apartado \u00abDesactivar las cookies\u00bb.  <\/p><h4>2. Las cookies de medici\u00f3n de audiencia son emitidas por nuestros proveedores t\u00e9cnicos con el fin de mejorar la interactividad en el sitio web y permitirle compartir con sus contactos los contenidos, servicios o productos que ofrecemos.<b><br><\/b><\/h4><p>Nuestro sitio web utiliza cookies destinadas a compartir en redes sociales como Facebook, Twitter, Linkedin u otros servicios similares. Estos enlaces para compartir permiten dar a conocer a tus amigos u otras personas los contenidos del sitio web que consideras interesantes o enviarles una opini\u00f3n sobre el tema. Estas cookies son insertadas en el sitio web directamente por la red social en cuesti\u00f3n y no son propiedad del sitio web. Si est\u00e1 conectado a la red social, esta puede, si as\u00ed lo ha previsto, identificarle mediante el bot\u00f3n insertado en el sitio web y vincular los contenidos consultados en el sitio web a su cuenta de usuario.   <\/p><p>Estas cookies son instaladas y gestionadas directamente por las redes sociales correspondientes y, por lo tanto, no nos pertenecen. Se trata de cookies normales, similares a las que utilizan la gran mayor\u00eda de los sitios web que incluyen botones para compartir contenido. No obstante, le recomendamos que lea las pol\u00edticas de privacidad de las redes sociales correspondientes para comprobar qu\u00e9 uso pueden hacer de las cookies instaladas durante su navegaci\u00f3n. La duraci\u00f3n de estas cookies no supera los 13 meses. Tiene la posibilidad de rechazar estas cookies para compartir en redes sociales. Encontrar\u00e1 los pasos a seguir en el apartado \u00abDesactivar las cookies\u00bb.   <\/p><p><span style=\"text-decoration: underline;\"><strong>Desactivar las cookies:<\/strong><\/span> puede elegir activar o desactivar las cookies en lesourceur.com haciendo clic en el bot\u00f3n \u00abGesti\u00f3n de servicios\u00bb situado en la parte inferior derecha de la pantalla.<\/p><h3>SUS OPCIONES RESPECTO A LAS COOKIES<\/h3><p>Al visitar nuestro sitio web, usted acepta el uso de las cookies mencionadas anteriormente. No obstante, puede optar en cualquier momento por desactivar todas o algunas de estas cookies de forma independiente. <\/p><p>Dispone de diferentes opciones para gestionar sus preferencias en materia de cookies y rechazar su uso en el sitio web:<\/p><h4><b>1. Rechazar una cookie mediante su navegador:<\/b><\/h4><p>Sus navegadores, es decir, generalmente Chrome, Mozilla Firefox, Internet Explorer o Safari, pueden configurarse para:<\/p><ol><li>aceptar todas las cookies<\/li><li>solicitar su autorizaci\u00f3n antes de instalar cada cookie caso por caso<\/li><li>Rechazar definitivamente todas las cookies.<\/li><\/ol><p>La decisi\u00f3n de desactivarlas parcialmente, totalmente o aceptarlas depende de usted. No obstante, la navegaci\u00f3n por el sitio web puede verse ligeramente alterada, ya que es posible que no pueda acceder a determinados contenidos o utilizar determinadas funciones del sitio web. Sin embargo, la mayor parte del sitio web sigue siendo utilizable y funcional sin cookies.  <\/p><p><span style=\"text-decoration: underline;\"><strong>Si utiliza el navegador Explorer:<\/strong><\/span> haga clic en el bot\u00f3n Herramientas y, a continuaci\u00f3n, en Opciones de Internet. En la pesta\u00f1a General, Historial de exploraci\u00f3n, haga clic en Configuraci\u00f3n. A continuaci\u00f3n, haga clic en Mostrar archivos y seleccione las cookies que desea desactivar. A continuaci\u00f3n, cierre la ventana que contiene esta lista de cookies y haga doble clic en Aceptar para volver a Internet.   <\/p><p><span style=\"text-decoration: underline;\"><strong>Si utiliza el navegador Firefox<\/strong>:<\/span> haga clic en el icono del men\u00fa Firefox, luego en el bot\u00f3n Herramientas y, a continuaci\u00f3n, en Opciones; en la ventana que aparece, seleccione Privacidad y haga clic en Eliminar cookies espec\u00edficas. Seleccione las cookies que desea desactivar y elim\u00ednelas. <\/p><p><span style=\"text-decoration: underline;\"><strong>Si utiliza el navegador Safari<\/strong>:<\/span> haga clic en el bot\u00f3n Configuraci\u00f3n y, a continuaci\u00f3n, en Preferencias. En la ventana que aparece, seleccione Privacidad\/Seguridad y haga clic en Mostrar cookies. Seleccione las cookies que desea desactivar y haga clic en Eliminar o en Eliminar todo.  <\/p><p><span style=\"text-decoration: underline;\"><strong>Si utiliza el navegador Chrome<\/strong>: <\/span>haga clic en el icono del men\u00fa de Google Chrome y, a continuaci\u00f3n, en Configuraci\u00f3n. En la parte inferior de la p\u00e1gina, haga clic en Mostrar configuraci\u00f3n avanzada. En la secci\u00f3n Privacidad, haga clic en Configuraci\u00f3n de contenido.  <\/p><p>Para desactivar las cookies, seleccione Prohibir a todos los sitios web que almacenen datos, haga clic en Cookies y datos de sitios web, luego pase el rat\u00f3n por encima del sitio web que ha creado la cookie y haga clic en la X de la esquina derecha, o haga clic en Eliminar todo.<\/p><h4> <\/h4><h4><b>2. Rechazar el uso de cookies utilizando enlaces de desactivaci\u00f3n espec\u00edficos.<\/b><\/h4><p>Si prefiere evitar el uso de cookies destinadas a mejorar su navegaci\u00f3n, medir nuestras estad\u00edsticas o poder compartir lo que lee en las redes sociales, tiene la posibilidad de desactivarlas en los respectivos sitios web mediante los siguientes enlaces de desactivaci\u00f3n:<\/p><h4> <\/h4><h4>Cookies de medici\u00f3n de audiencia:<\/h4><p>Google Analytics \/ <a href=\"https:\/\/tools.google.com\/dlpage\/gaoptout?hl=fr\" target=\"_blank\" rel=\"noopener\">Lien de d\u00e9sactivation<\/a><\/p><p>Estas cookies permiten medir el tr\u00e1fico o la audiencia de nuestro sitio web y, por lo tanto, deducir las mejoras que se deben realizar en la navegaci\u00f3n, el contenido o su experiencia de usuario. Desactivarlas nos impedir\u00e1 analizar lo que le gusta o no le gusta del sitio y adaptar nuestra oferta o contenidos a sus preferencias. <\/p><h4>Cookies emitidas por las redes sociales:<\/h4><p>Facebook \/ Enlace para desactivar<br>Twitter \/ Enlace para desactivar<br>Google + \/ Enlace para desactivar<br>Linkedin \/ Enlace para desactivar<br>Yahoo \/ Enlace para desactivar<br>Youtube \/ Enlace para desactivar<\/p><p>Estas cookies permiten medir el tr\u00e1fico o la audiencia de nuestro sitio web y, por lo tanto, deducir las mejoras que se deben realizar en la navegaci\u00f3n, el contenido o su experiencia de usuario. Desactivarlas nos impedir\u00e1 analizar lo que le gusta o no le gusta del sitio y adaptar nuestra oferta o contenidos a sus preferencias. <\/p><p>La desactivaci\u00f3n de estas cookies impedir\u00e1 que sigan su navegaci\u00f3n en nuestro sitio web, pero tambi\u00e9n que compartan o interact\u00faen con ellas, como por ejemplo, compartir una p\u00e1gina o un art\u00edculo del sitio web o dejar un comentario en la red social.<\/p><p>Disabling these cookies will prevent you from browsing our website, but also from sharing or interacting with them, such as sharing a page or article from the website or leaving a comment on social media.<\/p><h4>Who is responsible for the data?<\/h4><p>\u00bfQui\u00e9n es responsable de los datos?<\/p><h4>\u00bfCu\u00e1nto tiempo conservamos los datos que nos env\u00eda?<\/h4><p>Los datos que nos ha facilitado se conservan durante el plazo legal previsto a tal efecto, es decir, durante toda la duraci\u00f3n de la relaci\u00f3n comercial que mantenga con nosotros, hasta un m\u00e1ximo de 3 a\u00f1os para un cliente inactivo y un m\u00e1ximo de 13 meses para las cookies.<\/p><h4>\u00bfC\u00f3mo se protegen sus datos?<\/h4><p>Como responsables del tratamiento, aplicamos las medidas t\u00e9cnicas y organizativas adecuadas, de conformidad con las disposiciones legales aplicables, para proteger sus datos personales contra la alteraci\u00f3n, la p\u00e9rdida accidental o il\u00edcita, el uso, la divulgaci\u00f3n o el acceso no autorizados, y en particular:<\/p><ol><li>El nombramiento de un delegado de protecci\u00f3n de datos.<\/li><li>La implementaci\u00f3n de un gran n\u00famero de medidas y principios de seguridad durante el dise\u00f1o del sitio web.<\/li><li>El cifrado de su navegaci\u00f3n al consultar el sitio web gracias a la conexi\u00f3n segura SSL.<\/li><li>La seguridad del acceso a nuestras instalaciones y plataformas inform\u00e1ticas.<\/li><li>La seguridad del acceso, el intercambio y la transferencia de datos.<\/li><li>El alto nivel de exigencia en materia de protecci\u00f3n de datos a la hora de seleccionar a nuestros subcontratistas y socios.<\/li><\/ol><h4>\u00bfCu\u00e1les son sus derechos?<\/h4><p>Tiene derecho a acceder a sus datos personales y solicitar que se rectifiquen, completen o actualicen. Tambi\u00e9n puede solicitar la supresi\u00f3n de sus datos u oponerse a su tratamiento, siempre que justifique un motivo leg\u00edtimo. <\/p><p>Puede solicitar ejercer su derecho a la portabilidad de sus datos, es decir, el derecho a recibir los datos personales que nos ha facilitado en un formato estructurado y de uso com\u00fan, as\u00ed como el derecho a transmitir dichos datos a otro responsable del tratamiento.<\/p><p>Por \u00faltimo, puede formular instrucciones relativas a la conservaci\u00f3n, supresi\u00f3n y comunicaci\u00f3n de sus datos personales tras su fallecimiento.<\/p><p>Puede ejercer sus derechos ante el delegado de protecci\u00f3n de datos en la siguiente direcci\u00f3nbonjour@lesourceur.com<\/p><p>Antes de responder a su solicitud, es posible que verifiquemos su identidad y\/o le pidamos que nos proporcione m\u00e1s informaci\u00f3n para responder a su solicitud. Nos esforzaremos por responder a su solicitud en un plazo razonable y, en cualquier caso, dentro de los plazos establecidos por la ley. <\/p><p>Si la respuesta no le satisface, puede presentar una reclamaci\u00f3n ante la Comisi\u00f3n Nacional de Inform\u00e1tica y Libertades (CNIL).<\/p>\t\t\t\t\t\t\t\t<\/div>\n\t\t\t\t<\/div>\n\t\t\t\t\t<\/div>\n\t\t\t\t<\/div>\n\t\t\t\t\t<\/div>\n\t\t\t\t<\/div>\n\t\t\t\t\t<\/div>\n\t\t\t\t<\/div>\n\t\t\t\t<\/div>\n\t\t","protected":false},"excerpt":{"rendered":"<p>Aviso legal Propietario \/ Director de la publicaci\u00f3n Desarrollo Behave16 Route de la GarenneCellule C2,44700 ORVAULT Tel.: 0650870662Sociedad de responsabilidad limitada con un capital de 258 000 euros. RCS NANTES 489622027 N.\u00ba IVA intracomunitario: FR40489622027 Mrlsagency &#8211; www.mrlsagency.com Alojamiento Oadsys- www.oasdys.net8 rue des Jarres \u2013 44700 ORVAULT pol\u00edtica de privacidad DATOS PERSONALES Y COOKIES Durante [&hellip;]<\/p>\n","protected":false},"author":2,"featured_media":0,"parent":0,"menu_order":0,"comment_status":"closed","ping_status":"closed","template":"","meta":{"_acf_changed":false,"footnotes":""},"class_list":["post-13526","page","type-page","status-publish","hentry"],"acf":[],"yoast_head":"<!-- This site is optimized with the Yoast SEO plugin v27.5 - https:\/\/yoast.com\/product\/yoast-seo-wordpress\/ -->\n<title>Le Sourceur - Aviso legal<\/title>\n<meta name=\"description\" content=\"Consulte nuestro aviso legal para conocer sus derechos al navegar por el sitio web Le Sourceur.\" \/>\n<meta name=\"robots\" content=\"index, follow, max-snippet:-1, max-image-preview:large, max-video-preview:-1\" \/>\n<link rel=\"canonical\" href=\"https:\/\/www.lesourceur.com\/es\/aviso-legal\/\" \/>\n<meta property=\"og:locale\" content=\"es_ES\" \/>\n<meta property=\"og:type\" content=\"article\" \/>\n<meta property=\"og:title\" content=\"Le Sourceur - Aviso legal\" \/>\n<meta property=\"og:description\" content=\"Consulte nuestro aviso legal para conocer sus derechos al navegar por el sitio web Le Sourceur.\" \/>\n<meta property=\"og:url\" content=\"https:\/\/www.lesourceur.com\/es\/aviso-legal\/\" \/>\n<meta property=\"og:site_name\" content=\"Le sourceur\" \/>\n<meta property=\"article:modified_time\" content=\"2025-08-26T14:44:32+00:00\" \/>\n<meta name=\"twitter:card\" content=\"summary_large_image\" \/>\n<meta name=\"twitter:label1\" content=\"Tiempo de lectura\" \/>\n\t<meta name=\"twitter:data1\" content=\"10 minutos\" \/>\n<script type=\"application\/ld+json\" class=\"yoast-schema-graph\">{\"@context\":\"https:\\\/\\\/schema.org\",\"@graph\":[{\"@type\":\"WebPage\",\"@id\":\"https:\\\/\\\/www.lesourceur.com\\\/es\\\/aviso-legal\\\/\",\"url\":\"https:\\\/\\\/www.lesourceur.com\\\/es\\\/aviso-legal\\\/\",\"name\":\"Le Sourceur - Aviso legal\",\"isPartOf\":{\"@id\":\"https:\\\/\\\/www.lesourceur.com\\\/#website\"},\"datePublished\":\"2024-05-23T14:00:49+00:00\",\"dateModified\":\"2025-08-26T14:44:32+00:00\",\"description\":\"Consulte nuestro aviso legal para conocer sus derechos al navegar por el sitio web Le Sourceur.\",\"breadcrumb\":{\"@id\":\"https:\\\/\\\/www.lesourceur.com\\\/es\\\/aviso-legal\\\/#breadcrumb\"},\"inLanguage\":\"es\",\"potentialAction\":[{\"@type\":\"ReadAction\",\"target\":[\"https:\\\/\\\/www.lesourceur.com\\\/es\\\/aviso-legal\\\/\"]}]},{\"@type\":\"BreadcrumbList\",\"@id\":\"https:\\\/\\\/www.lesourceur.com\\\/es\\\/aviso-legal\\\/#breadcrumb\",\"itemListElement\":[{\"@type\":\"ListItem\",\"position\":1,\"name\":\"Accueil\",\"item\":\"https:\\\/\\\/www.lesourceur.com\\\/es\\\/inicio\\\/\"},{\"@type\":\"ListItem\",\"position\":2,\"name\":\"Aviso legal\"}]},{\"@type\":\"WebSite\",\"@id\":\"https:\\\/\\\/www.lesourceur.com\\\/#website\",\"url\":\"https:\\\/\\\/www.lesourceur.com\\\/\",\"name\":\"Le sourceur\",\"description\":\"\",\"potentialAction\":[{\"@type\":\"SearchAction\",\"target\":{\"@type\":\"EntryPoint\",\"urlTemplate\":\"https:\\\/\\\/www.lesourceur.com\\\/?s={search_term_string}\"},\"query-input\":{\"@type\":\"PropertyValueSpecification\",\"valueRequired\":true,\"valueName\":\"search_term_string\"}}],\"inLanguage\":\"es\"}]}<\/script>\n<!-- \/ Yoast SEO plugin. -->","yoast_head_json":{"title":"Le Sourceur - Aviso legal","description":"Consulte nuestro aviso legal para conocer sus derechos al navegar por el sitio web Le Sourceur.","robots":{"index":"index","follow":"follow","max-snippet":"max-snippet:-1","max-image-preview":"max-image-preview:large","max-video-preview":"max-video-preview:-1"},"canonical":"https:\/\/www.lesourceur.com\/es\/aviso-legal\/","og_locale":"es_ES","og_type":"article","og_title":"Le Sourceur - Aviso legal","og_description":"Consulte nuestro aviso legal para conocer sus derechos al navegar por el sitio web Le Sourceur.","og_url":"https:\/\/www.lesourceur.com\/es\/aviso-legal\/","og_site_name":"Le sourceur","article_modified_time":"2025-08-26T14:44:32+00:00","twitter_card":"summary_large_image","twitter_misc":{"Tiempo de lectura":"10 minutos"},"schema":{"@context":"https:\/\/schema.org","@graph":[{"@type":"WebPage","@id":"https:\/\/www.lesourceur.com\/es\/aviso-legal\/","url":"https:\/\/www.lesourceur.com\/es\/aviso-legal\/","name":"Le Sourceur - Aviso legal","isPartOf":{"@id":"https:\/\/www.lesourceur.com\/#website"},"datePublished":"2024-05-23T14:00:49+00:00","dateModified":"2025-08-26T14:44:32+00:00","description":"Consulte nuestro aviso legal para conocer sus derechos al navegar por el sitio web Le Sourceur.","breadcrumb":{"@id":"https:\/\/www.lesourceur.com\/es\/aviso-legal\/#breadcrumb"},"inLanguage":"es","potentialAction":[{"@type":"ReadAction","target":["https:\/\/www.lesourceur.com\/es\/aviso-legal\/"]}]},{"@type":"BreadcrumbList","@id":"https:\/\/www.lesourceur.com\/es\/aviso-legal\/#breadcrumb","itemListElement":[{"@type":"ListItem","position":1,"name":"Accueil","item":"https:\/\/www.lesourceur.com\/es\/inicio\/"},{"@type":"ListItem","position":2,"name":"Aviso legal"}]},{"@type":"WebSite","@id":"https:\/\/www.lesourceur.com\/#website","url":"https:\/\/www.lesourceur.com\/","name":"Le sourceur","description":"","potentialAction":[{"@type":"SearchAction","target":{"@type":"EntryPoint","urlTemplate":"https:\/\/www.lesourceur.com\/?s={search_term_string}"},"query-input":{"@type":"PropertyValueSpecification","valueRequired":true,"valueName":"search_term_string"}}],"inLanguage":"es"}]}},"_links":{"self":[{"href":"https:\/\/www.lesourceur.com\/es\/wp-json\/wp\/v2\/pages\/13526","targetHints":{"allow":["GET"]}}],"collection":[{"href":"https:\/\/www.lesourceur.com\/es\/wp-json\/wp\/v2\/pages"}],"about":[{"href":"https:\/\/www.lesourceur.com\/es\/wp-json\/wp\/v2\/types\/page"}],"author":[{"embeddable":true,"href":"https:\/\/www.lesourceur.com\/es\/wp-json\/wp\/v2\/users\/2"}],"replies":[{"embeddable":true,"href":"https:\/\/www.lesourceur.com\/es\/wp-json\/wp\/v2\/comments?post=13526"}],"version-history":[{"count":1,"href":"https:\/\/www.lesourceur.com\/es\/wp-json\/wp\/v2\/pages\/13526\/revisions"}],"predecessor-version":[{"id":13527,"href":"https:\/\/www.lesourceur.com\/es\/wp-json\/wp\/v2\/pages\/13526\/revisions\/13527"}],"wp:attachment":[{"href":"https:\/\/www.lesourceur.com\/es\/wp-json\/wp\/v2\/media?parent=13526"}],"curies":[{"name":"wp","href":"https:\/\/api.w.org\/{rel}","templated":true}]}}