{"id":13731,"date":"2024-04-19T09:04:19","date_gmt":"2024-04-19T07:04:19","guid":{"rendered":"https:\/\/www.lesourceur.com\/convertirse-en-formador\/"},"modified":"2025-09-29T11:23:32","modified_gmt":"2025-09-29T09:23:32","slug":"convertirse-en-formador","status":"publish","type":"page","link":"https:\/\/www.lesourceur.com\/es\/convertirse-en-formador\/","title":{"rendered":"CONVERTIRSE EN FORMADOR"},"content":{"rendered":"\t\t<div data-elementor-type=\"wp-page\" data-elementor-id=\"13731\" class=\"elementor elementor-13731 elementor-2125\" data-elementor-post-type=\"page\">\n\t\t\t\t<div class=\"elementor-element elementor-element-8d3d001 e-flex e-con-boxed e-con e-parent\" data-id=\"8d3d001\" data-element_type=\"container\" data-e-type=\"container\" data-settings=\"{&quot;background_background&quot;:&quot;classic&quot;}\">\n\t\t\t\t\t<div class=\"e-con-inner\">\n\t\t\t\t<div class=\"elementor-element elementor-element-5e7cfd6 animated-slow elementor-invisible elementor-widget elementor-widget-heading\" data-id=\"5e7cfd6\" data-element_type=\"widget\" data-e-type=\"widget\" data-settings=\"{&quot;_animation&quot;:&quot;fadeInUp&quot;}\" data-widget_type=\"heading.default\">\n\t\t\t\t<div class=\"elementor-widget-container\">\n\t\t\t\t\t<h1 class=\"elementor-heading-title elementor-size-default\">convertirse en formador<\/h1>\t\t\t\t<\/div>\n\t\t\t\t<\/div>\n\t\t\t\t<div class=\"elementor-element elementor-element-e6fcae6 elementor-widget__width-initial animated-slow elementor-invisible elementor-widget elementor-widget-text-editor\" data-id=\"e6fcae6\" data-element_type=\"widget\" data-e-type=\"widget\" data-settings=\"{&quot;_animation&quot;:&quot;fadeInUp&quot;}\" data-widget_type=\"text-editor.default\">\n\t\t\t\t<div class=\"elementor-widget-container\">\n\t\t\t\t\t\t\t\t\t<p>\u00bfEres formador y deseas <span style=\"font-weight: bold;\">promover un enfoque \u00e9tico <\/span> y responsable, al tiempo que valoras productos con fragancias excepcionales? \u00danete al equipo de Le Sourceur para ofrecer tus talleres de perfumes en tu regi\u00f3n. <\/p>\t\t\t\t\t\t\t\t<\/div>\n\t\t\t\t<\/div>\n\t\t\t\t\t<\/div>\n\t\t\t\t<\/div>\n\t\t<div class=\"elementor-element elementor-element-c96cede e-flex e-con-boxed e-con e-parent\" data-id=\"c96cede\" data-element_type=\"container\" data-e-type=\"container\">\n\t\t\t\t\t<div class=\"e-con-inner\">\n\t\t<div class=\"elementor-element elementor-element-0bd487b e-flex e-con-boxed e-con e-child\" data-id=\"0bd487b\" data-element_type=\"container\" data-e-type=\"container\">\n\t\t\t\t\t<div class=\"e-con-inner\">\n\t\t<div class=\"elementor-element elementor-element-e7b139d e-con-full e-flex e-con e-child\" data-id=\"e7b139d\" data-element_type=\"container\" data-e-type=\"container\">\n\t\t\t\t<div class=\"elementor-element elementor-element-76cd5d3 elementor-widget-tablet__width-inherit elementor-widget elementor-widget-image\" data-id=\"76cd5d3\" data-element_type=\"widget\" data-e-type=\"widget\" data-widget_type=\"image.default\">\n\t\t\t\t<div class=\"elementor-widget-container\">\n\t\t\t\t\t\t\t\t\t\t\t\t\t\t\t<img fetchpriority=\"high\" decoding=\"async\" width=\"1124\" height=\"1500\" src=\"https:\/\/www.lesourceur.com\/wp-content\/uploads\/2024\/03\/p1010505-15.webp\" class=\"attachment-full size-full wp-image-14094\" alt=\"P1010505 15\" srcset=\"https:\/\/www.lesourceur.com\/wp-content\/uploads\/2024\/03\/p1010505-15.webp 1124w, https:\/\/www.lesourceur.com\/wp-content\/uploads\/2024\/03\/p1010505-15-400x534.webp 400w, https:\/\/www.lesourceur.com\/wp-content\/uploads\/2024\/03\/p1010505-15-600x801.webp 600w, https:\/\/www.lesourceur.com\/wp-content\/uploads\/2024\/03\/p1010505-15-225x300.webp 225w, https:\/\/www.lesourceur.com\/wp-content\/uploads\/2024\/03\/p1010505-15-767x1024.webp 767w, https:\/\/www.lesourceur.com\/wp-content\/uploads\/2024\/03\/p1010505-15-768x1025.webp 768w\" sizes=\"(max-width: 1124px) 100vw, 1124px\" \/>\t\t\t\t\t\t\t\t\t\t\t\t\t\t\t<\/div>\n\t\t\t\t<\/div>\n\t\t\t\t<\/div>\n\t\t<div class=\"elementor-element elementor-element-34f1df4 e-con-full e-flex e-con e-child\" data-id=\"34f1df4\" data-element_type=\"container\" data-e-type=\"container\">\n\t\t\t\t<div class=\"elementor-element elementor-element-8c4aa59 elementor-widget-tablet__width-inherit elementor-widget elementor-widget-heading\" data-id=\"8c4aa59\" data-element_type=\"widget\" data-e-type=\"widget\" data-widget_type=\"heading.default\">\n\t\t\t\t<div class=\"elementor-widget-container\">\n\t\t\t\t\t<h3 class=\"elementor-heading-title elementor-size-default\">S\u00e9 <span class=\"green\">protagonista de la Experiencia Sensorial <\/span>\u00danica de Le Sourceur<\/h3>\t\t\t\t<\/div>\n\t\t\t\t<\/div>\n\t\t\t\t<div class=\"elementor-element elementor-element-622fadb elementor-widget elementor-widget-text-editor\" data-id=\"622fadb\" data-element_type=\"widget\" data-e-type=\"widget\" data-widget_type=\"text-editor.default\">\n\t\t\t\t<div class=\"elementor-widget-container\">\n\t\t\t\t\t\t\t\t\t<p>\u00danete a nuestro equipo de artesanos de la olfacci\u00f3n y <b>participa en una aventura sensorial \u00fanica en su g\u00e9nero<\/b>. Le Sourceur, reconocido por sus aceites esenciales de fragancias excepcionales, ampl\u00eda sus horizontes ofreciendo una experiencia in\u00e9dita: los Talleres de Creaci\u00f3n de Perfumes.<\/p>\t\t\t\t\t\t\t\t<\/div>\n\t\t\t\t<\/div>\n\t\t\t\t<div class=\"elementor-element elementor-element-cf09272 elementor-widget-tablet__width-inherit elementor-widget elementor-widget-heading\" data-id=\"cf09272\" data-element_type=\"widget\" data-e-type=\"widget\" data-widget_type=\"heading.default\">\n\t\t\t\t<div class=\"elementor-widget-container\">\n\t\t\t\t\t<h3 class=\"elementor-heading-title elementor-size-default\">Inicia al mundo en <span class=\"green\">el arte cautivador de la creaci\u00f3n perfumada<\/span><\/h3>\t\t\t\t<\/div>\n\t\t\t\t<\/div>\n\t\t\t\t<div class=\"elementor-element elementor-element-7bb3f8d elementor-widget elementor-widget-text-editor\" data-id=\"7bb3f8d\" data-element_type=\"widget\" data-e-type=\"widget\" data-widget_type=\"text-editor.default\">\n\t\t\t\t<div class=\"elementor-widget-container\">\n\t\t\t\t\t\t\t\t\t<p>Al convertirte en Perfumista\/Formador en colaboraci\u00f3n con Le Sourceur, tendr\u00e1s la <b>oportunidad de iniciar al gran p\u00fablico en el arte fascinante de la creaci\u00f3n de perfumes<\/b>. Durante sesiones inmersivas de 3 horas, guiar\u00e1s a los participantes en un viaje sensorial y olfativo a trav\u00e9s de nuestras materias primas naturales m\u00e1s valiosas, cuidadosamente seleccionadas en los cuatro rincones del mundo.<\/p>\t\t\t\t\t\t\t\t<\/div>\n\t\t\t\t<\/div>\n\t\t\t\t<div class=\"elementor-element elementor-element-6da07c8 elementor-widget-tablet__width-inherit elementor-widget elementor-widget-heading\" data-id=\"6da07c8\" data-element_type=\"widget\" data-e-type=\"widget\" data-widget_type=\"heading.default\">\n\t\t\t\t<div class=\"elementor-widget-container\">\n\t\t\t\t\t<h3 class=\"elementor-heading-title elementor-size-default\">Gu\u00eda la creaci\u00f3n de <span class=\"green\">fragancias \u00fanicas<\/span> con tu experiencia<\/h3>\t\t\t\t<\/div>\n\t\t\t\t<\/div>\n\t\t\t\t<div class=\"elementor-element elementor-element-3ab0419 elementor-widget elementor-widget-text-editor\" data-id=\"3ab0419\" data-element_type=\"widget\" data-e-type=\"widget\" data-widget_type=\"text-editor.default\">\n\t\t\t\t<div class=\"elementor-widget-container\">\n\t\t\t\t\t\t\t\t\t<p>Tu papel ser\u00e1 crucial en la elaboraci\u00f3n de esta experiencia excepcional. Compartir\u00e1s <b>tu experiencia<\/b> durante una introducci\u00f3n te\u00f3rica a la composici\u00f3n del perfume, revelar\u00e1s los secretos de los ingredientes de la perfumer\u00eda y acompa\u00f1ar\u00e1s a los participantes en la creaci\u00f3n de su f\u00f3rmula personalizada. Juntos, crear\u00e9is fragancias \u00fanicas y a medida, verdaderas expresiones olfativas de la creatividad y la sensibilidad de cada uno.  <\/p>\t\t\t\t\t\t\t\t<\/div>\n\t\t\t\t<\/div>\n\t\t\t\t<\/div>\n\t\t\t\t\t<\/div>\n\t\t\t\t<\/div>\n\t\t\t\t\t<\/div>\n\t\t\t\t<\/div>\n\t\t<div class=\"elementor-element elementor-element-416e0cf e-flex e-con-boxed e-con e-parent\" data-id=\"416e0cf\" data-element_type=\"container\" data-e-type=\"container\">\n\t\t\t\t\t<div class=\"e-con-inner\">\n\t\t\t\t<div class=\"elementor-element elementor-element-8001754 elementor-widget__width-inherit elementor-widget elementor-widget-heading\" data-id=\"8001754\" data-element_type=\"widget\" data-e-type=\"widget\" data-widget_type=\"heading.default\">\n\t\t\t\t<div class=\"elementor-widget-container\">\n\t\t\t\t\t<h3 class=\"elementor-heading-title elementor-size-default\"><span class=\"green\">Unete<\/span> a los apasionados de la olfaccion<\/h3>\t\t\t\t<\/div>\n\t\t\t\t<\/div>\n\t\t\t\t<div class=\"elementor-element elementor-element-4bfe578 elementor-widget elementor-widget-text-editor\" data-id=\"4bfe578\" data-element_type=\"widget\" data-e-type=\"widget\" data-widget_type=\"text-editor.default\">\n\t\t\t\t<div class=\"elementor-widget-container\">\n\t\t\t\t\t\t\t\t\t<p>Buscamos apasionados, artistas de la olfacci\u00f3n que compartan <b>nuestro compromiso con la autenticidad y el respeto por la naturaleza<\/b>. Tanto si eres un perfumista experimentado como si eres un principiante deseoso de aprender, esta oportunidad est\u00e1 abierta a todos los que <b>deseen compartir su amor por las fragancias con el mundo.<\/b><\/p>\t\t\t\t\t\t\t\t<\/div>\n\t\t\t\t<\/div>\n\t\t\t\t\t<\/div>\n\t\t\t\t<\/div>\n\t\t<div class=\"elementor-element elementor-element-8e1a318 e-flex e-con-boxed e-con e-parent\" data-id=\"8e1a318\" data-element_type=\"container\" data-e-type=\"container\" data-settings=\"{&quot;background_background&quot;:&quot;classic&quot;}\">\n\t\t\t\t\t<div class=\"e-con-inner\">\n\t\t\t\t<div class=\"elementor-element elementor-element-5c46740 elementor-align-center elementor-widget elementor-widget-button\" data-id=\"5c46740\" data-element_type=\"widget\" data-e-type=\"widget\" data-widget_type=\"button.default\">\n\t\t\t\t<div class=\"elementor-widget-container\">\n\t\t\t\t\t\t\t\t\t<div class=\"elementor-button-wrapper\">\n\t\t\t\t\t<a class=\"elementor-button elementor-button-link elementor-size-sm\" href=\"https:\/\/www.lesourceur.com\/es\/contacto\/\">\n\t\t\t\t\t\t<span class=\"elementor-button-content-wrapper\">\n\t\t\t\t\t\t\t\t\t<span class=\"elementor-button-text\">UNIRSE A LA TRIBU<\/span>\n\t\t\t\t\t<\/span>\n\t\t\t\t\t<\/a>\n\t\t\t\t<\/div>\n\t\t\t\t\t\t\t\t<\/div>\n\t\t\t\t<\/div>\n\t\t\t\t\t<\/div>\n\t\t\t\t<\/div>\n\t\t\t\t<\/div>\n\t\t","protected":false},"excerpt":{"rendered":"<p>convertirse en formador \u00bfEres formador y deseas promover un enfoque \u00e9tico y responsable, al tiempo que valoras productos con fragancias excepcionales? \u00danete al equipo de Le Sourceur para ofrecer tus talleres de perfumes en tu regi\u00f3n. S\u00e9 protagonista de la Experiencia Sensorial \u00danica de Le Sourceur \u00danete a nuestro equipo de artesanos de la olfacci\u00f3n [&hellip;]<\/p>\n","protected":false},"author":2,"featured_media":0,"parent":0,"menu_order":0,"comment_status":"closed","ping_status":"closed","template":"","meta":{"_acf_changed":false,"footnotes":""},"class_list":["post-13731","page","type-page","status-publish","hentry"],"acf":[],"yoast_head":"<!-- This site is optimized with the Yoast SEO plugin v27.5 - https:\/\/yoast.com\/product\/yoast-seo-wordpress\/ -->\n<title>Le Sourceur \u2013 Convertirse en Formador<\/title>\n<meta name=\"description\" content=\"Si eres formador, cont\u00e1ctanos y \u00fanete al equipo Le Sourceur para proponer tus talleres de perfumes en tu regi\u00f3n.\" \/>\n<meta name=\"robots\" content=\"index, follow, max-snippet:-1, max-image-preview:large, max-video-preview:-1\" \/>\n<link rel=\"canonical\" href=\"https:\/\/www.lesourceur.com\/es\/convertirse-en-formador\/\" \/>\n<meta property=\"og:locale\" content=\"es_ES\" \/>\n<meta property=\"og:type\" content=\"article\" \/>\n<meta property=\"og:title\" content=\"Le Sourceur \u2013 Convertirse en Formador\" \/>\n<meta property=\"og:description\" content=\"Si eres formador, cont\u00e1ctanos y \u00fanete al equipo Le Sourceur para proponer tus talleres de perfumes en tu regi\u00f3n.\" \/>\n<meta property=\"og:url\" content=\"https:\/\/www.lesourceur.com\/es\/convertirse-en-formador\/\" \/>\n<meta property=\"og:site_name\" content=\"Le sourceur\" \/>\n<meta property=\"article:modified_time\" content=\"2025-09-29T09:23:32+00:00\" \/>\n<meta property=\"og:image\" content=\"https:\/\/www.lesourceur.com\/wp-content\/uploads\/2024\/03\/p1010505-15.webp\" \/>\n\t<meta property=\"og:image:width\" content=\"1124\" \/>\n\t<meta property=\"og:image:height\" content=\"1500\" \/>\n\t<meta property=\"og:image:type\" content=\"image\/webp\" \/>\n<meta name=\"twitter:card\" content=\"summary_large_image\" \/>\n<meta name=\"twitter:label1\" content=\"Tiempo de lectura\" \/>\n\t<meta name=\"twitter:data1\" content=\"2 minutos\" \/>\n<script type=\"application\/ld+json\" class=\"yoast-schema-graph\">{\"@context\":\"https:\\\/\\\/schema.org\",\"@graph\":[{\"@type\":\"WebPage\",\"@id\":\"https:\\\/\\\/www.lesourceur.com\\\/es\\\/convertirse-en-formador\\\/\",\"url\":\"https:\\\/\\\/www.lesourceur.com\\\/es\\\/convertirse-en-formador\\\/\",\"name\":\"Le Sourceur \u2013 Convertirse en Formador\",\"isPartOf\":{\"@id\":\"https:\\\/\\\/www.lesourceur.com\\\/#website\"},\"primaryImageOfPage\":{\"@id\":\"https:\\\/\\\/www.lesourceur.com\\\/es\\\/convertirse-en-formador\\\/#primaryimage\"},\"image\":{\"@id\":\"https:\\\/\\\/www.lesourceur.com\\\/es\\\/convertirse-en-formador\\\/#primaryimage\"},\"thumbnailUrl\":\"https:\\\/\\\/www.lesourceur.com\\\/wp-content\\\/uploads\\\/2024\\\/03\\\/p1010505-15.webp\",\"datePublished\":\"2024-04-19T07:04:19+00:00\",\"dateModified\":\"2025-09-29T09:23:32+00:00\",\"description\":\"Si eres formador, cont\u00e1ctanos y \u00fanete al equipo Le Sourceur para proponer tus talleres de perfumes en tu regi\u00f3n.\",\"breadcrumb\":{\"@id\":\"https:\\\/\\\/www.lesourceur.com\\\/es\\\/convertirse-en-formador\\\/#breadcrumb\"},\"inLanguage\":\"es\",\"potentialAction\":[{\"@type\":\"ReadAction\",\"target\":[\"https:\\\/\\\/www.lesourceur.com\\\/es\\\/convertirse-en-formador\\\/\"]}]},{\"@type\":\"ImageObject\",\"inLanguage\":\"es\",\"@id\":\"https:\\\/\\\/www.lesourceur.com\\\/es\\\/convertirse-en-formador\\\/#primaryimage\",\"url\":\"https:\\\/\\\/www.lesourceur.com\\\/wp-content\\\/uploads\\\/2024\\\/03\\\/p1010505-15.webp\",\"contentUrl\":\"https:\\\/\\\/www.lesourceur.com\\\/wp-content\\\/uploads\\\/2024\\\/03\\\/p1010505-15.webp\"},{\"@type\":\"BreadcrumbList\",\"@id\":\"https:\\\/\\\/www.lesourceur.com\\\/es\\\/convertirse-en-formador\\\/#breadcrumb\",\"itemListElement\":[{\"@type\":\"ListItem\",\"position\":1,\"name\":\"Accueil\",\"item\":\"https:\\\/\\\/www.lesourceur.com\\\/es\\\/inicio\\\/\"},{\"@type\":\"ListItem\",\"position\":2,\"name\":\"CONVERTIRSE EN FORMADOR\"}]},{\"@type\":\"WebSite\",\"@id\":\"https:\\\/\\\/www.lesourceur.com\\\/#website\",\"url\":\"https:\\\/\\\/www.lesourceur.com\\\/\",\"name\":\"Le sourceur\",\"description\":\"\",\"potentialAction\":[{\"@type\":\"SearchAction\",\"target\":{\"@type\":\"EntryPoint\",\"urlTemplate\":\"https:\\\/\\\/www.lesourceur.com\\\/?s={search_term_string}\"},\"query-input\":{\"@type\":\"PropertyValueSpecification\",\"valueRequired\":true,\"valueName\":\"search_term_string\"}}],\"inLanguage\":\"es\"}]}<\/script>\n<!-- \/ Yoast SEO plugin. -->","yoast_head_json":{"title":"Le Sourceur \u2013 Convertirse en Formador","description":"Si eres formador, cont\u00e1ctanos y \u00fanete al equipo Le Sourceur para proponer tus talleres de perfumes en tu regi\u00f3n.","robots":{"index":"index","follow":"follow","max-snippet":"max-snippet:-1","max-image-preview":"max-image-preview:large","max-video-preview":"max-video-preview:-1"},"canonical":"https:\/\/www.lesourceur.com\/es\/convertirse-en-formador\/","og_locale":"es_ES","og_type":"article","og_title":"Le Sourceur \u2013 Convertirse en Formador","og_description":"Si eres formador, cont\u00e1ctanos y \u00fanete al equipo Le Sourceur para proponer tus talleres de perfumes en tu regi\u00f3n.","og_url":"https:\/\/www.lesourceur.com\/es\/convertirse-en-formador\/","og_site_name":"Le sourceur","article_modified_time":"2025-09-29T09:23:32+00:00","og_image":[{"width":1124,"height":1500,"url":"https:\/\/www.lesourceur.com\/wp-content\/uploads\/2024\/03\/p1010505-15.webp","type":"image\/webp"}],"twitter_card":"summary_large_image","twitter_misc":{"Tiempo de lectura":"2 minutos"},"schema":{"@context":"https:\/\/schema.org","@graph":[{"@type":"WebPage","@id":"https:\/\/www.lesourceur.com\/es\/convertirse-en-formador\/","url":"https:\/\/www.lesourceur.com\/es\/convertirse-en-formador\/","name":"Le Sourceur \u2013 Convertirse en Formador","isPartOf":{"@id":"https:\/\/www.lesourceur.com\/#website"},"primaryImageOfPage":{"@id":"https:\/\/www.lesourceur.com\/es\/convertirse-en-formador\/#primaryimage"},"image":{"@id":"https:\/\/www.lesourceur.com\/es\/convertirse-en-formador\/#primaryimage"},"thumbnailUrl":"https:\/\/www.lesourceur.com\/wp-content\/uploads\/2024\/03\/p1010505-15.webp","datePublished":"2024-04-19T07:04:19+00:00","dateModified":"2025-09-29T09:23:32+00:00","description":"Si eres formador, cont\u00e1ctanos y \u00fanete al equipo Le Sourceur para proponer tus talleres de perfumes en tu regi\u00f3n.","breadcrumb":{"@id":"https:\/\/www.lesourceur.com\/es\/convertirse-en-formador\/#breadcrumb"},"inLanguage":"es","potentialAction":[{"@type":"ReadAction","target":["https:\/\/www.lesourceur.com\/es\/convertirse-en-formador\/"]}]},{"@type":"ImageObject","inLanguage":"es","@id":"https:\/\/www.lesourceur.com\/es\/convertirse-en-formador\/#primaryimage","url":"https:\/\/www.lesourceur.com\/wp-content\/uploads\/2024\/03\/p1010505-15.webp","contentUrl":"https:\/\/www.lesourceur.com\/wp-content\/uploads\/2024\/03\/p1010505-15.webp"},{"@type":"BreadcrumbList","@id":"https:\/\/www.lesourceur.com\/es\/convertirse-en-formador\/#breadcrumb","itemListElement":[{"@type":"ListItem","position":1,"name":"Accueil","item":"https:\/\/www.lesourceur.com\/es\/inicio\/"},{"@type":"ListItem","position":2,"name":"CONVERTIRSE EN FORMADOR"}]},{"@type":"WebSite","@id":"https:\/\/www.lesourceur.com\/#website","url":"https:\/\/www.lesourceur.com\/","name":"Le sourceur","description":"","potentialAction":[{"@type":"SearchAction","target":{"@type":"EntryPoint","urlTemplate":"https:\/\/www.lesourceur.com\/?s={search_term_string}"},"query-input":{"@type":"PropertyValueSpecification","valueRequired":true,"valueName":"search_term_string"}}],"inLanguage":"es"}]}},"_links":{"self":[{"href":"https:\/\/www.lesourceur.com\/es\/wp-json\/wp\/v2\/pages\/13731","targetHints":{"allow":["GET"]}}],"collection":[{"href":"https:\/\/www.lesourceur.com\/es\/wp-json\/wp\/v2\/pages"}],"about":[{"href":"https:\/\/www.lesourceur.com\/es\/wp-json\/wp\/v2\/types\/page"}],"author":[{"embeddable":true,"href":"https:\/\/www.lesourceur.com\/es\/wp-json\/wp\/v2\/users\/2"}],"replies":[{"embeddable":true,"href":"https:\/\/www.lesourceur.com\/es\/wp-json\/wp\/v2\/comments?post=13731"}],"version-history":[{"count":3,"href":"https:\/\/www.lesourceur.com\/es\/wp-json\/wp\/v2\/pages\/13731\/revisions"}],"predecessor-version":[{"id":14135,"href":"https:\/\/www.lesourceur.com\/es\/wp-json\/wp\/v2\/pages\/13731\/revisions\/14135"}],"wp:attachment":[{"href":"https:\/\/www.lesourceur.com\/es\/wp-json\/wp\/v2\/media?parent=13731"}],"curies":[{"name":"wp","href":"https:\/\/api.w.org\/{rel}","templated":true}]}}