{"id":13134,"date":"2024-04-05T09:32:29","date_gmt":"2024-04-05T07:32:29","guid":{"rendered":"https:\/\/www.lesourceur.com\/produit\/abeto-baumier\/"},"modified":"2026-01-07T00:14:59","modified_gmt":"2026-01-06T23:14:59","slug":"alcoholato-abeto-balsamico","status":"publish","type":"product","link":"https:\/\/www.lesourceur.com\/es\/produit\/alcoholato-abeto-balsamico\/","title":{"rendered":"Abeto Balsamico"},"content":{"rendered":"<p>El alcoholato de abeto bals\u00e1mico (Abies Balsamea), tambi\u00e9n conocido como Fir Balsam, es un extracto obtenido mediante lavados en fr\u00edo de <strong>la concrete de las agujas del \u00e1rbol recolectadas en Am\u00e9rica del Norte.<\/strong> Este antiguo m\u00e9todo, recuperado por nuestro jefe de abastecimiento, permite acercarse lo m\u00e1s posible al aroma original del \u00e1rbol y reproducir todo su espectro olfativo.<\/p>\n<p>&nbsp;<\/p>\n<p><strong>Cremoso y con notas de cuero<\/strong>, el alcoholato de abeto bals\u00e1mico es ideal para crear perfumes con car\u00e1cter o simplemente para realzar sus creaciones cosm\u00e9ticas. Pero, sobre todo, le sorprender\u00e1 con <strong>su irresistible fragancia, a la vez bals\u00e1mica y ardiente.<\/strong><\/p>\n","protected":false},"excerpt":{"rendered":"<p>El alcoholato de abeto bals\u00e1mico (Abies Balsamea), tambi\u00e9n conocido como Fir Balsam, es un extracto obtenido mediante lavados en fr\u00edo de la concrete de las agujas del \u00e1rbol recolectadas en Am\u00e9rica del Norte. Este antiguo m\u00e9todo, recuperado por nuestro jefe de abastecimiento, permite acercarse lo m\u00e1s posible al aroma original del \u00e1rbol y reproducir todo [&hellip;]<\/p>\n","protected":false},"featured_media":13135,"template":"","meta":{"_acf_changed":false},"intervenant":[],"lieu-de-latelier":[250],"product_brand":[],"product_cat":[201],"product_tag":[208],"class_list":{"0":"post-13134","1":"product","2":"type-product","3":"status-publish","4":"has-post-thumbnail","6":"lieu-de-latelier-sommeil","7":"product_cat-alcoholato","8":"product_tag-cuero","9":"pa_contenance-10-ml-es","10":"pa_contenance-30-ml-es","12":"first","13":"instock","14":"taxable","15":"shipping-taxable","16":"purchasable","17":"product-type-variable","18":"has-default-attributes"},"acf":[],"yoast_head":"<!-- This site is optimized with the Yoast SEO plugin v27.5 - https:\/\/yoast.com\/product\/yoast-seo-wordpress\/ -->\n<title>Alcoholato de abeto bals\u00e1mico (Abies Balsamea): propiedades<\/title>\n<meta name=\"description\" content=\"El alcoholato de abeto bals\u00e1mico es un extracto alcoh\u00f3lico 100 % natural obtenido mediante lavado en fr\u00edo de la sustancia concreta procedente de las agujas del \u00e1rbol.\" \/>\n<meta name=\"robots\" content=\"index, follow, max-snippet:-1, max-image-preview:large, max-video-preview:-1\" \/>\n<link rel=\"canonical\" href=\"https:\/\/www.lesourceur.com\/es\/produit\/alcoholato-abeto-balsamico\/\" \/>\n<meta property=\"og:locale\" content=\"es_ES\" \/>\n<meta property=\"og:type\" content=\"article\" \/>\n<meta property=\"og:title\" content=\"Alcoholato de abeto bals\u00e1mico (Abies Balsamea): propiedades\" \/>\n<meta property=\"og:description\" content=\"El alcoholato de abeto bals\u00e1mico es un extracto alcoh\u00f3lico 100 % natural obtenido mediante lavado en fr\u00edo de la sustancia concreta procedente de las agujas del \u00e1rbol.\" \/>\n<meta property=\"og:url\" content=\"https:\/\/www.lesourceur.com\/es\/produit\/alcoholato-abeto-balsamico\/\" \/>\n<meta property=\"og:site_name\" content=\"Le sourceur\" \/>\n<meta property=\"article:modified_time\" content=\"2026-01-06T23:14:59+00:00\" \/>\n<meta property=\"og:image\" content=\"https:\/\/www.lesourceur.com\/wp-content\/uploads\/2024\/04\/sapin-png.webp\" \/>\n\t<meta property=\"og:image:width\" content=\"600\" \/>\n\t<meta property=\"og:image:height\" content=\"805\" \/>\n\t<meta property=\"og:image:type\" content=\"image\/webp\" \/>\n<meta name=\"twitter:card\" content=\"summary_large_image\" \/>\n<meta name=\"twitter:label1\" content=\"Tiempo de lectura\" \/>\n\t<meta name=\"twitter:data1\" content=\"1 minuto\" \/>\n<script type=\"application\/ld+json\" class=\"yoast-schema-graph\">{\"@context\":\"https:\\\/\\\/schema.org\",\"@graph\":[{\"@type\":\"WebPage\",\"@id\":\"https:\\\/\\\/www.lesourceur.com\\\/es\\\/produit\\\/alcoholato-abeto-balsamico\\\/\",\"url\":\"https:\\\/\\\/www.lesourceur.com\\\/es\\\/produit\\\/alcoholato-abeto-balsamico\\\/\",\"name\":\"Alcoholato de abeto bals\u00e1mico (Abies Balsamea): propiedades\",\"isPartOf\":{\"@id\":\"https:\\\/\\\/www.lesourceur.com\\\/#website\"},\"primaryImageOfPage\":{\"@id\":\"https:\\\/\\\/www.lesourceur.com\\\/es\\\/produit\\\/alcoholato-abeto-balsamico\\\/#primaryimage\"},\"image\":{\"@id\":\"https:\\\/\\\/www.lesourceur.com\\\/es\\\/produit\\\/alcoholato-abeto-balsamico\\\/#primaryimage\"},\"thumbnailUrl\":\"https:\\\/\\\/www.lesourceur.com\\\/wp-content\\\/uploads\\\/2024\\\/04\\\/sapin-png.webp\",\"datePublished\":\"2024-04-05T07:32:29+00:00\",\"dateModified\":\"2026-01-06T23:14:59+00:00\",\"description\":\"El alcoholato de abeto bals\u00e1mico es un extracto alcoh\u00f3lico 100 % natural obtenido mediante lavado en fr\u00edo de la sustancia concreta procedente de las agujas del \u00e1rbol.\",\"breadcrumb\":{\"@id\":\"https:\\\/\\\/www.lesourceur.com\\\/es\\\/produit\\\/alcoholato-abeto-balsamico\\\/#breadcrumb\"},\"inLanguage\":\"es\",\"potentialAction\":[{\"@type\":\"ReadAction\",\"target\":[\"https:\\\/\\\/www.lesourceur.com\\\/es\\\/produit\\\/alcoholato-abeto-balsamico\\\/\"]}]},{\"@type\":\"ImageObject\",\"inLanguage\":\"es\",\"@id\":\"https:\\\/\\\/www.lesourceur.com\\\/es\\\/produit\\\/alcoholato-abeto-balsamico\\\/#primaryimage\",\"url\":\"https:\\\/\\\/www.lesourceur.com\\\/wp-content\\\/uploads\\\/2024\\\/04\\\/sapin-png.webp\",\"contentUrl\":\"https:\\\/\\\/www.lesourceur.com\\\/wp-content\\\/uploads\\\/2024\\\/04\\\/sapin-png.webp\",\"width\":600,\"height\":805,\"caption\":\"sapin.png\"},{\"@type\":\"BreadcrumbList\",\"@id\":\"https:\\\/\\\/www.lesourceur.com\\\/es\\\/produit\\\/alcoholato-abeto-balsamico\\\/#breadcrumb\",\"itemListElement\":[{\"@type\":\"ListItem\",\"position\":1,\"name\":\"Accueil\",\"item\":\"https:\\\/\\\/www.lesourceur.com\\\/es\\\/inicio\\\/\"},{\"@type\":\"ListItem\",\"position\":2,\"name\":\"La tienda\",\"item\":\"https:\\\/\\\/www.lesourceur.com\\\/es\\\/la-tienda\\\/\"},{\"@type\":\"ListItem\",\"position\":3,\"name\":\"Abeto Balsamico\"}]},{\"@type\":\"WebSite\",\"@id\":\"https:\\\/\\\/www.lesourceur.com\\\/#website\",\"url\":\"https:\\\/\\\/www.lesourceur.com\\\/\",\"name\":\"Le sourceur\",\"description\":\"\",\"potentialAction\":[{\"@type\":\"SearchAction\",\"target\":{\"@type\":\"EntryPoint\",\"urlTemplate\":\"https:\\\/\\\/www.lesourceur.com\\\/?s={search_term_string}\"},\"query-input\":{\"@type\":\"PropertyValueSpecification\",\"valueRequired\":true,\"valueName\":\"search_term_string\"}}],\"inLanguage\":\"es\"}]}<\/script>\n<!-- \/ Yoast SEO plugin. -->","yoast_head_json":{"title":"Alcoholato de abeto bals\u00e1mico (Abies Balsamea): propiedades","description":"El alcoholato de abeto bals\u00e1mico es un extracto alcoh\u00f3lico 100 % natural obtenido mediante lavado en fr\u00edo de la sustancia concreta procedente de las agujas del \u00e1rbol.","robots":{"index":"index","follow":"follow","max-snippet":"max-snippet:-1","max-image-preview":"max-image-preview:large","max-video-preview":"max-video-preview:-1"},"canonical":"https:\/\/www.lesourceur.com\/es\/produit\/alcoholato-abeto-balsamico\/","og_locale":"es_ES","og_type":"article","og_title":"Alcoholato de abeto bals\u00e1mico (Abies Balsamea): propiedades","og_description":"El alcoholato de abeto bals\u00e1mico es un extracto alcoh\u00f3lico 100 % natural obtenido mediante lavado en fr\u00edo de la sustancia concreta procedente de las agujas del \u00e1rbol.","og_url":"https:\/\/www.lesourceur.com\/es\/produit\/alcoholato-abeto-balsamico\/","og_site_name":"Le sourceur","article_modified_time":"2026-01-06T23:14:59+00:00","og_image":[{"width":600,"height":805,"url":"https:\/\/www.lesourceur.com\/wp-content\/uploads\/2024\/04\/sapin-png.webp","type":"image\/webp"}],"twitter_card":"summary_large_image","twitter_misc":{"Tiempo de lectura":"1 minuto"},"schema":{"@context":"https:\/\/schema.org","@graph":[{"@type":"WebPage","@id":"https:\/\/www.lesourceur.com\/es\/produit\/alcoholato-abeto-balsamico\/","url":"https:\/\/www.lesourceur.com\/es\/produit\/alcoholato-abeto-balsamico\/","name":"Alcoholato de abeto bals\u00e1mico (Abies Balsamea): propiedades","isPartOf":{"@id":"https:\/\/www.lesourceur.com\/#website"},"primaryImageOfPage":{"@id":"https:\/\/www.lesourceur.com\/es\/produit\/alcoholato-abeto-balsamico\/#primaryimage"},"image":{"@id":"https:\/\/www.lesourceur.com\/es\/produit\/alcoholato-abeto-balsamico\/#primaryimage"},"thumbnailUrl":"https:\/\/www.lesourceur.com\/wp-content\/uploads\/2024\/04\/sapin-png.webp","datePublished":"2024-04-05T07:32:29+00:00","dateModified":"2026-01-06T23:14:59+00:00","description":"El alcoholato de abeto bals\u00e1mico es un extracto alcoh\u00f3lico 100 % natural obtenido mediante lavado en fr\u00edo de la sustancia concreta procedente de las agujas del \u00e1rbol.","breadcrumb":{"@id":"https:\/\/www.lesourceur.com\/es\/produit\/alcoholato-abeto-balsamico\/#breadcrumb"},"inLanguage":"es","potentialAction":[{"@type":"ReadAction","target":["https:\/\/www.lesourceur.com\/es\/produit\/alcoholato-abeto-balsamico\/"]}]},{"@type":"ImageObject","inLanguage":"es","@id":"https:\/\/www.lesourceur.com\/es\/produit\/alcoholato-abeto-balsamico\/#primaryimage","url":"https:\/\/www.lesourceur.com\/wp-content\/uploads\/2024\/04\/sapin-png.webp","contentUrl":"https:\/\/www.lesourceur.com\/wp-content\/uploads\/2024\/04\/sapin-png.webp","width":600,"height":805,"caption":"sapin.png"},{"@type":"BreadcrumbList","@id":"https:\/\/www.lesourceur.com\/es\/produit\/alcoholato-abeto-balsamico\/#breadcrumb","itemListElement":[{"@type":"ListItem","position":1,"name":"Accueil","item":"https:\/\/www.lesourceur.com\/es\/inicio\/"},{"@type":"ListItem","position":2,"name":"La tienda","item":"https:\/\/www.lesourceur.com\/es\/la-tienda\/"},{"@type":"ListItem","position":3,"name":"Abeto Balsamico"}]},{"@type":"WebSite","@id":"https:\/\/www.lesourceur.com\/#website","url":"https:\/\/www.lesourceur.com\/","name":"Le sourceur","description":"","potentialAction":[{"@type":"SearchAction","target":{"@type":"EntryPoint","urlTemplate":"https:\/\/www.lesourceur.com\/?s={search_term_string}"},"query-input":{"@type":"PropertyValueSpecification","valueRequired":true,"valueName":"search_term_string"}}],"inLanguage":"es"}]}},"_links":{"self":[{"href":"https:\/\/www.lesourceur.com\/es\/wp-json\/wp\/v2\/product\/13134","targetHints":{"allow":["GET"]}}],"collection":[{"href":"https:\/\/www.lesourceur.com\/es\/wp-json\/wp\/v2\/product"}],"about":[{"href":"https:\/\/www.lesourceur.com\/es\/wp-json\/wp\/v2\/types\/product"}],"version-history":[{"count":3,"href":"https:\/\/www.lesourceur.com\/es\/wp-json\/wp\/v2\/product\/13134\/revisions"}],"predecessor-version":[{"id":14519,"href":"https:\/\/www.lesourceur.com\/es\/wp-json\/wp\/v2\/product\/13134\/revisions\/14519"}],"wp:featuredmedia":[{"embeddable":true,"href":"https:\/\/www.lesourceur.com\/es\/wp-json\/wp\/v2\/media\/13135"}],"wp:attachment":[{"href":"https:\/\/www.lesourceur.com\/es\/wp-json\/wp\/v2\/media?parent=13134"}],"wp:term":[{"taxonomy":"intervenant","embeddable":true,"href":"https:\/\/www.lesourceur.com\/es\/wp-json\/wp\/v2\/intervenant?post=13134"},{"taxonomy":"lieu-de-latelier","embeddable":true,"href":"https:\/\/www.lesourceur.com\/es\/wp-json\/wp\/v2\/lieu-de-latelier?post=13134"},{"taxonomy":"product_brand","embeddable":true,"href":"https:\/\/www.lesourceur.com\/es\/wp-json\/wp\/v2\/product_brand?post=13134"},{"taxonomy":"product_cat","embeddable":true,"href":"https:\/\/www.lesourceur.com\/es\/wp-json\/wp\/v2\/product_cat?post=13134"},{"taxonomy":"product_tag","embeddable":true,"href":"https:\/\/www.lesourceur.com\/es\/wp-json\/wp\/v2\/product_tag?post=13134"}],"curies":[{"name":"wp","href":"https:\/\/api.w.org\/{rel}","templated":true}]}}