{"id":13158,"date":"2024-04-04T16:59:11","date_gmt":"2024-04-04T14:59:11","guid":{"rendered":"https:\/\/www.lesourceur.com\/produit\/copal-santo\/"},"modified":"2025-11-21T15:57:53","modified_gmt":"2025-11-21T14:57:53","slug":"ae-copal-santo","status":"publish","type":"product","link":"https:\/\/www.lesourceur.com\/es\/produit\/ae-copal-santo\/","title":{"rendered":"Copal Santo"},"content":{"rendered":"<p>El aceite esencial de copal santo (Bursera copallifera) se e<strong>xtrae de la resina de un palo santo originario de M\u00e9xico.<\/strong> Su recolecci\u00f3n es muy original, ya que la resina blanca se recoge en grandes hojas de agave que se atan debajo de la parte del \u00e1rbol que se va a incidir. Es un producto tan raro como precioso, que forma parte de lo que se conoce como notas resinosas. M\u00e1s concretamente, su fragancia es <strong>terp\u00e9nica y arom\u00e1tica, como una sutil mezcla olfativa entre las agujas y la savia del pino que a veces se quedan pegadas a los dedos<\/strong>. Al principio resulta molesto, pero luego se convierte en un aroma reconfortante que nos gusta conservar.<\/p>\n<p>&nbsp;<\/p>\n<p>El Copal Santo es un poco todo eso a la vez, un aceite esencial excepcional que no nos cansamos de respirar varias veces al d\u00eda en un difusor o en un algod\u00f3n y que nos acompa\u00f1a en todo momento<strong> para luchar contra nuestros miedos y preocupaciones cotidianas.<\/strong><\/p>\n<p>&nbsp;<\/p>\n<p>&nbsp;<\/p>\n<p>&nbsp;<\/p>\n","protected":false},"excerpt":{"rendered":"<p>El aceite esencial de copal santo (Bursera copallifera) se extrae de la resina de un palo santo originario de M\u00e9xico. Su recolecci\u00f3n es muy original, ya que la resina blanca se recoge en grandes hojas de agave que se atan debajo de la parte del \u00e1rbol que se va a incidir. Es un producto tan [&hellip;]<\/p>\n","protected":false},"featured_media":13159,"template":"","meta":{"_acf_changed":false},"intervenant":[],"lieu-de-latelier":[],"product_brand":[],"product_cat":[198],"product_tag":[202],"class_list":{"0":"post-13158","1":"product","2":"type-product","3":"status-publish","4":"has-post-thumbnail","6":"product_cat-aceite-esencial","7":"product_tag-balsamicas","8":"pa_contenance-10-ml-es","9":"pa_contenance-5-ml-es","11":"first","12":"instock","13":"taxable","14":"shipping-taxable","15":"purchasable","16":"product-type-variable","17":"has-default-attributes"},"acf":[],"yoast_head":"<!-- This site is optimized with the Yoast SEO plugin v27.5 - https:\/\/yoast.com\/product\/yoast-seo-wordpress\/ -->\n<title>Aceite esencial de Copal Santo (Bursera Copallifera): propiedades<\/title>\n<meta name=\"description\" content=\"El aceite esencial de copal santo (Bursera copallifera) se extrae de la resina del palo santo, originario de M\u00e9xico. Su fragancia es terp\u00e9nica y arom\u00e1tica.\" \/>\n<meta name=\"robots\" content=\"index, follow, max-snippet:-1, max-image-preview:large, max-video-preview:-1\" \/>\n<link rel=\"canonical\" href=\"https:\/\/www.lesourceur.com\/es\/produit\/ae-copal-santo\/\" \/>\n<meta property=\"og:locale\" content=\"es_ES\" \/>\n<meta property=\"og:type\" content=\"article\" \/>\n<meta property=\"og:title\" content=\"Aceite esencial de Copal Santo (Bursera Copallifera): propiedades\" \/>\n<meta property=\"og:description\" content=\"El aceite esencial de copal santo (Bursera copallifera) se extrae de la resina del palo santo, originario de M\u00e9xico. Su fragancia es terp\u00e9nica y arom\u00e1tica.\" \/>\n<meta property=\"og:url\" content=\"https:\/\/www.lesourceur.com\/es\/produit\/ae-copal-santo\/\" \/>\n<meta property=\"og:site_name\" content=\"Le sourceur\" \/>\n<meta property=\"article:modified_time\" content=\"2025-11-21T14:57:53+00:00\" \/>\n<meta property=\"og:image\" content=\"https:\/\/www.lesourceur.com\/wp-content\/uploads\/2024\/04\/copal_santo_flacon-png.webp\" \/>\n\t<meta property=\"og:image:width\" content=\"600\" \/>\n\t<meta property=\"og:image:height\" content=\"805\" \/>\n\t<meta property=\"og:image:type\" content=\"image\/webp\" \/>\n<meta name=\"twitter:card\" content=\"summary_large_image\" \/>\n<meta name=\"twitter:label1\" content=\"Tiempo de lectura\" \/>\n\t<meta name=\"twitter:data1\" content=\"2 minutos\" \/>\n<script type=\"application\/ld+json\" class=\"yoast-schema-graph\">{\"@context\":\"https:\\\/\\\/schema.org\",\"@graph\":[{\"@type\":\"WebPage\",\"@id\":\"https:\\\/\\\/www.lesourceur.com\\\/es\\\/produit\\\/ae-copal-santo\\\/\",\"url\":\"https:\\\/\\\/www.lesourceur.com\\\/es\\\/produit\\\/ae-copal-santo\\\/\",\"name\":\"Aceite esencial de Copal Santo (Bursera Copallifera): propiedades\",\"isPartOf\":{\"@id\":\"https:\\\/\\\/www.lesourceur.com\\\/#website\"},\"primaryImageOfPage\":{\"@id\":\"https:\\\/\\\/www.lesourceur.com\\\/es\\\/produit\\\/ae-copal-santo\\\/#primaryimage\"},\"image\":{\"@id\":\"https:\\\/\\\/www.lesourceur.com\\\/es\\\/produit\\\/ae-copal-santo\\\/#primaryimage\"},\"thumbnailUrl\":\"https:\\\/\\\/www.lesourceur.com\\\/wp-content\\\/uploads\\\/2024\\\/04\\\/copal_santo_flacon-png.webp\",\"datePublished\":\"2024-04-04T14:59:11+00:00\",\"dateModified\":\"2025-11-21T14:57:53+00:00\",\"description\":\"El aceite esencial de copal santo (Bursera copallifera) se extrae de la resina del palo santo, originario de M\u00e9xico. Su fragancia es terp\u00e9nica y arom\u00e1tica.\",\"breadcrumb\":{\"@id\":\"https:\\\/\\\/www.lesourceur.com\\\/es\\\/produit\\\/ae-copal-santo\\\/#breadcrumb\"},\"inLanguage\":\"es\",\"potentialAction\":[{\"@type\":\"ReadAction\",\"target\":[\"https:\\\/\\\/www.lesourceur.com\\\/es\\\/produit\\\/ae-copal-santo\\\/\"]}]},{\"@type\":\"ImageObject\",\"inLanguage\":\"es\",\"@id\":\"https:\\\/\\\/www.lesourceur.com\\\/es\\\/produit\\\/ae-copal-santo\\\/#primaryimage\",\"url\":\"https:\\\/\\\/www.lesourceur.com\\\/wp-content\\\/uploads\\\/2024\\\/04\\\/copal_santo_flacon-png.webp\",\"contentUrl\":\"https:\\\/\\\/www.lesourceur.com\\\/wp-content\\\/uploads\\\/2024\\\/04\\\/copal_santo_flacon-png.webp\",\"width\":600,\"height\":805,\"caption\":\"copal_santo_flacon.png\"},{\"@type\":\"BreadcrumbList\",\"@id\":\"https:\\\/\\\/www.lesourceur.com\\\/es\\\/produit\\\/ae-copal-santo\\\/#breadcrumb\",\"itemListElement\":[{\"@type\":\"ListItem\",\"position\":1,\"name\":\"Accueil\",\"item\":\"https:\\\/\\\/www.lesourceur.com\\\/es\\\/inicio\\\/\"},{\"@type\":\"ListItem\",\"position\":2,\"name\":\"La tienda\",\"item\":\"https:\\\/\\\/www.lesourceur.com\\\/es\\\/la-tienda\\\/\"},{\"@type\":\"ListItem\",\"position\":3,\"name\":\"Copal Santo\"}]},{\"@type\":\"WebSite\",\"@id\":\"https:\\\/\\\/www.lesourceur.com\\\/#website\",\"url\":\"https:\\\/\\\/www.lesourceur.com\\\/\",\"name\":\"Le sourceur\",\"description\":\"\",\"potentialAction\":[{\"@type\":\"SearchAction\",\"target\":{\"@type\":\"EntryPoint\",\"urlTemplate\":\"https:\\\/\\\/www.lesourceur.com\\\/?s={search_term_string}\"},\"query-input\":{\"@type\":\"PropertyValueSpecification\",\"valueRequired\":true,\"valueName\":\"search_term_string\"}}],\"inLanguage\":\"es\"}]}<\/script>\n<!-- \/ Yoast SEO plugin. -->","yoast_head_json":{"title":"Aceite esencial de Copal Santo (Bursera Copallifera): propiedades","description":"El aceite esencial de copal santo (Bursera copallifera) se extrae de la resina del palo santo, originario de M\u00e9xico. Su fragancia es terp\u00e9nica y arom\u00e1tica.","robots":{"index":"index","follow":"follow","max-snippet":"max-snippet:-1","max-image-preview":"max-image-preview:large","max-video-preview":"max-video-preview:-1"},"canonical":"https:\/\/www.lesourceur.com\/es\/produit\/ae-copal-santo\/","og_locale":"es_ES","og_type":"article","og_title":"Aceite esencial de Copal Santo (Bursera Copallifera): propiedades","og_description":"El aceite esencial de copal santo (Bursera copallifera) se extrae de la resina del palo santo, originario de M\u00e9xico. Su fragancia es terp\u00e9nica y arom\u00e1tica.","og_url":"https:\/\/www.lesourceur.com\/es\/produit\/ae-copal-santo\/","og_site_name":"Le sourceur","article_modified_time":"2025-11-21T14:57:53+00:00","og_image":[{"width":600,"height":805,"url":"https:\/\/www.lesourceur.com\/wp-content\/uploads\/2024\/04\/copal_santo_flacon-png.webp","type":"image\/webp"}],"twitter_card":"summary_large_image","twitter_misc":{"Tiempo de lectura":"2 minutos"},"schema":{"@context":"https:\/\/schema.org","@graph":[{"@type":"WebPage","@id":"https:\/\/www.lesourceur.com\/es\/produit\/ae-copal-santo\/","url":"https:\/\/www.lesourceur.com\/es\/produit\/ae-copal-santo\/","name":"Aceite esencial de Copal Santo (Bursera Copallifera): propiedades","isPartOf":{"@id":"https:\/\/www.lesourceur.com\/#website"},"primaryImageOfPage":{"@id":"https:\/\/www.lesourceur.com\/es\/produit\/ae-copal-santo\/#primaryimage"},"image":{"@id":"https:\/\/www.lesourceur.com\/es\/produit\/ae-copal-santo\/#primaryimage"},"thumbnailUrl":"https:\/\/www.lesourceur.com\/wp-content\/uploads\/2024\/04\/copal_santo_flacon-png.webp","datePublished":"2024-04-04T14:59:11+00:00","dateModified":"2025-11-21T14:57:53+00:00","description":"El aceite esencial de copal santo (Bursera copallifera) se extrae de la resina del palo santo, originario de M\u00e9xico. Su fragancia es terp\u00e9nica y arom\u00e1tica.","breadcrumb":{"@id":"https:\/\/www.lesourceur.com\/es\/produit\/ae-copal-santo\/#breadcrumb"},"inLanguage":"es","potentialAction":[{"@type":"ReadAction","target":["https:\/\/www.lesourceur.com\/es\/produit\/ae-copal-santo\/"]}]},{"@type":"ImageObject","inLanguage":"es","@id":"https:\/\/www.lesourceur.com\/es\/produit\/ae-copal-santo\/#primaryimage","url":"https:\/\/www.lesourceur.com\/wp-content\/uploads\/2024\/04\/copal_santo_flacon-png.webp","contentUrl":"https:\/\/www.lesourceur.com\/wp-content\/uploads\/2024\/04\/copal_santo_flacon-png.webp","width":600,"height":805,"caption":"copal_santo_flacon.png"},{"@type":"BreadcrumbList","@id":"https:\/\/www.lesourceur.com\/es\/produit\/ae-copal-santo\/#breadcrumb","itemListElement":[{"@type":"ListItem","position":1,"name":"Accueil","item":"https:\/\/www.lesourceur.com\/es\/inicio\/"},{"@type":"ListItem","position":2,"name":"La tienda","item":"https:\/\/www.lesourceur.com\/es\/la-tienda\/"},{"@type":"ListItem","position":3,"name":"Copal Santo"}]},{"@type":"WebSite","@id":"https:\/\/www.lesourceur.com\/#website","url":"https:\/\/www.lesourceur.com\/","name":"Le sourceur","description":"","potentialAction":[{"@type":"SearchAction","target":{"@type":"EntryPoint","urlTemplate":"https:\/\/www.lesourceur.com\/?s={search_term_string}"},"query-input":{"@type":"PropertyValueSpecification","valueRequired":true,"valueName":"search_term_string"}}],"inLanguage":"es"}]}},"_links":{"self":[{"href":"https:\/\/www.lesourceur.com\/es\/wp-json\/wp\/v2\/product\/13158","targetHints":{"allow":["GET"]}}],"collection":[{"href":"https:\/\/www.lesourceur.com\/es\/wp-json\/wp\/v2\/product"}],"about":[{"href":"https:\/\/www.lesourceur.com\/es\/wp-json\/wp\/v2\/types\/product"}],"version-history":[{"count":2,"href":"https:\/\/www.lesourceur.com\/es\/wp-json\/wp\/v2\/product\/13158\/revisions"}],"predecessor-version":[{"id":14543,"href":"https:\/\/www.lesourceur.com\/es\/wp-json\/wp\/v2\/product\/13158\/revisions\/14543"}],"wp:featuredmedia":[{"embeddable":true,"href":"https:\/\/www.lesourceur.com\/es\/wp-json\/wp\/v2\/media\/13159"}],"wp:attachment":[{"href":"https:\/\/www.lesourceur.com\/es\/wp-json\/wp\/v2\/media?parent=13158"}],"wp:term":[{"taxonomy":"intervenant","embeddable":true,"href":"https:\/\/www.lesourceur.com\/es\/wp-json\/wp\/v2\/intervenant?post=13158"},{"taxonomy":"lieu-de-latelier","embeddable":true,"href":"https:\/\/www.lesourceur.com\/es\/wp-json\/wp\/v2\/lieu-de-latelier?post=13158"},{"taxonomy":"product_brand","embeddable":true,"href":"https:\/\/www.lesourceur.com\/es\/wp-json\/wp\/v2\/product_brand?post=13158"},{"taxonomy":"product_cat","embeddable":true,"href":"https:\/\/www.lesourceur.com\/es\/wp-json\/wp\/v2\/product_cat?post=13158"},{"taxonomy":"product_tag","embeddable":true,"href":"https:\/\/www.lesourceur.com\/es\/wp-json\/wp\/v2\/product_tag?post=13158"}],"curies":[{"name":"wp","href":"https:\/\/api.w.org\/{rel}","templated":true}]}}