{"id":13169,"date":"2024-04-05T08:39:17","date_gmt":"2024-04-05T06:39:17","guid":{"rendered":"https:\/\/www.lesourceur.com\/produit\/manzanilla-del-cabo\/"},"modified":"2026-02-05T00:31:30","modified_gmt":"2026-02-04T23:31:30","slug":"ae-manzanilla-del-cabo","status":"publish","type":"product","link":"https:\/\/www.lesourceur.com\/es\/produit\/ae-manzanilla-del-cabo\/","title":{"rendered":"Manzanilla del Cabo"},"content":{"rendered":"<p>Como su nombre indica, el aceite esencial de manzanilla del Cabo, o Eriocephalus punctulatus, es originario de Sud\u00e1frica. S<strong>e obtiene mediante hidrodestilaci\u00f3n de las sumidades floridas de la planta, que los pocos productores locales recolectan a mano<\/strong>. Un hecho poco com\u00fan y a la vez fascinante es su magn\u00edfico color azul real, que casi invita a sumergirse en \u00e9l.<\/p>\n<p>&nbsp;<\/p>\n<p>Tiene ese algo reconfortante que cobra todo su sentido en el olfato, <strong>con su fragancia de notas dulces, afrutadas o florales<\/strong>. Nos recuerda los aromas m\u00e1s agradables de nuestra infancia, desde los caramelos Arlequin hasta las manzanas maduras. <strong>A la vez reconfortante y relajante, nos hace querer volver a ella una y otra vez. <\/strong>\u00a1Sin querer abandonarla nunca! Desc\u00fabrela sin m\u00e1s demora.<\/p>\n","protected":false},"excerpt":{"rendered":"<p>Como su nombre indica, el aceite esencial de manzanilla del Cabo, o Eriocephalus punctulatus, es originario de Sud\u00e1frica. Se obtiene mediante hidrodestilaci\u00f3n de las sumidades floridas de la planta, que los pocos productores locales recolectan a mano. Un hecho poco com\u00fan y a la vez fascinante es su magn\u00edfico color azul real, que casi invita [&hellip;]<\/p>\n","protected":false},"featured_media":13170,"template":"","meta":{"_acf_changed":false},"intervenant":[],"lieu-de-latelier":[],"product_brand":[],"product_cat":[198,238],"product_tag":[210],"class_list":{"0":"post-13169","1":"product","2":"type-product","3":"status-publish","4":"has-post-thumbnail","6":"product_cat-aceite-esencial","7":"product_cat-seleccion-de-invierno","8":"product_tag-aromaticos","9":"pa_contenance-5-ml-es","11":"first","12":"instock","13":"taxable","14":"shipping-taxable","15":"purchasable","16":"product-type-variable","17":"has-default-attributes"},"acf":[],"yoast_head":"<!-- This site is optimized with the Yoast SEO plugin v27.5 - https:\/\/yoast.com\/product\/yoast-seo-wordpress\/ -->\n<title>Aceite esencial de manzanilla del Cabo (Eriocephalus punctulatus)<\/title>\n<meta name=\"description\" content=\"El aceite esencial de manzanilla del Cabo (Eriocephalus punctulatus) es 100 % puro y natural. Es originario de Sud\u00e1frica y su fragancia es floral\" \/>\n<meta name=\"robots\" content=\"index, follow, max-snippet:-1, max-image-preview:large, max-video-preview:-1\" \/>\n<link rel=\"canonical\" href=\"https:\/\/www.lesourceur.com\/es\/produit\/ae-manzanilla-del-cabo\/\" \/>\n<meta property=\"og:locale\" content=\"es_ES\" \/>\n<meta property=\"og:type\" content=\"article\" \/>\n<meta property=\"og:title\" content=\"Aceite esencial de manzanilla del Cabo (Eriocephalus punctulatus)\" \/>\n<meta property=\"og:description\" content=\"El aceite esencial de manzanilla del Cabo (Eriocephalus punctulatus) es 100 % puro y natural. Es originario de Sud\u00e1frica y su fragancia es floral\" \/>\n<meta property=\"og:url\" content=\"https:\/\/www.lesourceur.com\/es\/produit\/ae-manzanilla-del-cabo\/\" \/>\n<meta property=\"og:site_name\" content=\"Le sourceur\" \/>\n<meta property=\"article:modified_time\" content=\"2026-02-04T23:31:30+00:00\" \/>\n<meta property=\"og:image\" content=\"https:\/\/www.lesourceur.com\/wp-content\/uploads\/2024\/04\/camomille_flacon-png.webp\" \/>\n\t<meta property=\"og:image:width\" content=\"600\" \/>\n\t<meta property=\"og:image:height\" content=\"805\" \/>\n\t<meta property=\"og:image:type\" content=\"image\/webp\" \/>\n<meta name=\"twitter:card\" content=\"summary_large_image\" \/>\n<meta name=\"twitter:label1\" content=\"Tiempo de lectura\" \/>\n\t<meta name=\"twitter:data1\" content=\"1 minuto\" \/>\n<script type=\"application\/ld+json\" class=\"yoast-schema-graph\">{\"@context\":\"https:\\\/\\\/schema.org\",\"@graph\":[{\"@type\":\"WebPage\",\"@id\":\"https:\\\/\\\/www.lesourceur.com\\\/es\\\/produit\\\/ae-manzanilla-del-cabo\\\/\",\"url\":\"https:\\\/\\\/www.lesourceur.com\\\/es\\\/produit\\\/ae-manzanilla-del-cabo\\\/\",\"name\":\"Aceite esencial de manzanilla del Cabo (Eriocephalus punctulatus)\",\"isPartOf\":{\"@id\":\"https:\\\/\\\/www.lesourceur.com\\\/#website\"},\"primaryImageOfPage\":{\"@id\":\"https:\\\/\\\/www.lesourceur.com\\\/es\\\/produit\\\/ae-manzanilla-del-cabo\\\/#primaryimage\"},\"image\":{\"@id\":\"https:\\\/\\\/www.lesourceur.com\\\/es\\\/produit\\\/ae-manzanilla-del-cabo\\\/#primaryimage\"},\"thumbnailUrl\":\"https:\\\/\\\/www.lesourceur.com\\\/wp-content\\\/uploads\\\/2024\\\/04\\\/camomille_flacon-png.webp\",\"datePublished\":\"2024-04-05T06:39:17+00:00\",\"dateModified\":\"2026-02-04T23:31:30+00:00\",\"description\":\"El aceite esencial de manzanilla del Cabo (Eriocephalus punctulatus) es 100 % puro y natural. Es originario de Sud\u00e1frica y su fragancia es floral\",\"breadcrumb\":{\"@id\":\"https:\\\/\\\/www.lesourceur.com\\\/es\\\/produit\\\/ae-manzanilla-del-cabo\\\/#breadcrumb\"},\"inLanguage\":\"es\",\"potentialAction\":[{\"@type\":\"ReadAction\",\"target\":[\"https:\\\/\\\/www.lesourceur.com\\\/es\\\/produit\\\/ae-manzanilla-del-cabo\\\/\"]}]},{\"@type\":\"ImageObject\",\"inLanguage\":\"es\",\"@id\":\"https:\\\/\\\/www.lesourceur.com\\\/es\\\/produit\\\/ae-manzanilla-del-cabo\\\/#primaryimage\",\"url\":\"https:\\\/\\\/www.lesourceur.com\\\/wp-content\\\/uploads\\\/2024\\\/04\\\/camomille_flacon-png.webp\",\"contentUrl\":\"https:\\\/\\\/www.lesourceur.com\\\/wp-content\\\/uploads\\\/2024\\\/04\\\/camomille_flacon-png.webp\",\"width\":600,\"height\":805,\"caption\":\"camomille_flacon.png\"},{\"@type\":\"BreadcrumbList\",\"@id\":\"https:\\\/\\\/www.lesourceur.com\\\/es\\\/produit\\\/ae-manzanilla-del-cabo\\\/#breadcrumb\",\"itemListElement\":[{\"@type\":\"ListItem\",\"position\":1,\"name\":\"Accueil\",\"item\":\"https:\\\/\\\/www.lesourceur.com\\\/es\\\/inicio\\\/\"},{\"@type\":\"ListItem\",\"position\":2,\"name\":\"La tienda\",\"item\":\"https:\\\/\\\/www.lesourceur.com\\\/es\\\/la-tienda\\\/\"},{\"@type\":\"ListItem\",\"position\":3,\"name\":\"Manzanilla del Cabo\"}]},{\"@type\":\"WebSite\",\"@id\":\"https:\\\/\\\/www.lesourceur.com\\\/#website\",\"url\":\"https:\\\/\\\/www.lesourceur.com\\\/\",\"name\":\"Le sourceur\",\"description\":\"\",\"potentialAction\":[{\"@type\":\"SearchAction\",\"target\":{\"@type\":\"EntryPoint\",\"urlTemplate\":\"https:\\\/\\\/www.lesourceur.com\\\/?s={search_term_string}\"},\"query-input\":{\"@type\":\"PropertyValueSpecification\",\"valueRequired\":true,\"valueName\":\"search_term_string\"}}],\"inLanguage\":\"es\"}]}<\/script>\n<!-- \/ Yoast SEO plugin. -->","yoast_head_json":{"title":"Aceite esencial de manzanilla del Cabo (Eriocephalus punctulatus)","description":"El aceite esencial de manzanilla del Cabo (Eriocephalus punctulatus) es 100 % puro y natural. Es originario de Sud\u00e1frica y su fragancia es floral","robots":{"index":"index","follow":"follow","max-snippet":"max-snippet:-1","max-image-preview":"max-image-preview:large","max-video-preview":"max-video-preview:-1"},"canonical":"https:\/\/www.lesourceur.com\/es\/produit\/ae-manzanilla-del-cabo\/","og_locale":"es_ES","og_type":"article","og_title":"Aceite esencial de manzanilla del Cabo (Eriocephalus punctulatus)","og_description":"El aceite esencial de manzanilla del Cabo (Eriocephalus punctulatus) es 100 % puro y natural. Es originario de Sud\u00e1frica y su fragancia es floral","og_url":"https:\/\/www.lesourceur.com\/es\/produit\/ae-manzanilla-del-cabo\/","og_site_name":"Le sourceur","article_modified_time":"2026-02-04T23:31:30+00:00","og_image":[{"width":600,"height":805,"url":"https:\/\/www.lesourceur.com\/wp-content\/uploads\/2024\/04\/camomille_flacon-png.webp","type":"image\/webp"}],"twitter_card":"summary_large_image","twitter_misc":{"Tiempo de lectura":"1 minuto"},"schema":{"@context":"https:\/\/schema.org","@graph":[{"@type":"WebPage","@id":"https:\/\/www.lesourceur.com\/es\/produit\/ae-manzanilla-del-cabo\/","url":"https:\/\/www.lesourceur.com\/es\/produit\/ae-manzanilla-del-cabo\/","name":"Aceite esencial de manzanilla del Cabo (Eriocephalus punctulatus)","isPartOf":{"@id":"https:\/\/www.lesourceur.com\/#website"},"primaryImageOfPage":{"@id":"https:\/\/www.lesourceur.com\/es\/produit\/ae-manzanilla-del-cabo\/#primaryimage"},"image":{"@id":"https:\/\/www.lesourceur.com\/es\/produit\/ae-manzanilla-del-cabo\/#primaryimage"},"thumbnailUrl":"https:\/\/www.lesourceur.com\/wp-content\/uploads\/2024\/04\/camomille_flacon-png.webp","datePublished":"2024-04-05T06:39:17+00:00","dateModified":"2026-02-04T23:31:30+00:00","description":"El aceite esencial de manzanilla del Cabo (Eriocephalus punctulatus) es 100 % puro y natural. Es originario de Sud\u00e1frica y su fragancia es floral","breadcrumb":{"@id":"https:\/\/www.lesourceur.com\/es\/produit\/ae-manzanilla-del-cabo\/#breadcrumb"},"inLanguage":"es","potentialAction":[{"@type":"ReadAction","target":["https:\/\/www.lesourceur.com\/es\/produit\/ae-manzanilla-del-cabo\/"]}]},{"@type":"ImageObject","inLanguage":"es","@id":"https:\/\/www.lesourceur.com\/es\/produit\/ae-manzanilla-del-cabo\/#primaryimage","url":"https:\/\/www.lesourceur.com\/wp-content\/uploads\/2024\/04\/camomille_flacon-png.webp","contentUrl":"https:\/\/www.lesourceur.com\/wp-content\/uploads\/2024\/04\/camomille_flacon-png.webp","width":600,"height":805,"caption":"camomille_flacon.png"},{"@type":"BreadcrumbList","@id":"https:\/\/www.lesourceur.com\/es\/produit\/ae-manzanilla-del-cabo\/#breadcrumb","itemListElement":[{"@type":"ListItem","position":1,"name":"Accueil","item":"https:\/\/www.lesourceur.com\/es\/inicio\/"},{"@type":"ListItem","position":2,"name":"La tienda","item":"https:\/\/www.lesourceur.com\/es\/la-tienda\/"},{"@type":"ListItem","position":3,"name":"Manzanilla del Cabo"}]},{"@type":"WebSite","@id":"https:\/\/www.lesourceur.com\/#website","url":"https:\/\/www.lesourceur.com\/","name":"Le sourceur","description":"","potentialAction":[{"@type":"SearchAction","target":{"@type":"EntryPoint","urlTemplate":"https:\/\/www.lesourceur.com\/?s={search_term_string}"},"query-input":{"@type":"PropertyValueSpecification","valueRequired":true,"valueName":"search_term_string"}}],"inLanguage":"es"}]}},"_links":{"self":[{"href":"https:\/\/www.lesourceur.com\/es\/wp-json\/wp\/v2\/product\/13169","targetHints":{"allow":["GET"]}}],"collection":[{"href":"https:\/\/www.lesourceur.com\/es\/wp-json\/wp\/v2\/product"}],"about":[{"href":"https:\/\/www.lesourceur.com\/es\/wp-json\/wp\/v2\/types\/product"}],"version-history":[{"count":3,"href":"https:\/\/www.lesourceur.com\/es\/wp-json\/wp\/v2\/product\/13169\/revisions"}],"predecessor-version":[{"id":14537,"href":"https:\/\/www.lesourceur.com\/es\/wp-json\/wp\/v2\/product\/13169\/revisions\/14537"}],"wp:featuredmedia":[{"embeddable":true,"href":"https:\/\/www.lesourceur.com\/es\/wp-json\/wp\/v2\/media\/13170"}],"wp:attachment":[{"href":"https:\/\/www.lesourceur.com\/es\/wp-json\/wp\/v2\/media?parent=13169"}],"wp:term":[{"taxonomy":"intervenant","embeddable":true,"href":"https:\/\/www.lesourceur.com\/es\/wp-json\/wp\/v2\/intervenant?post=13169"},{"taxonomy":"lieu-de-latelier","embeddable":true,"href":"https:\/\/www.lesourceur.com\/es\/wp-json\/wp\/v2\/lieu-de-latelier?post=13169"},{"taxonomy":"product_brand","embeddable":true,"href":"https:\/\/www.lesourceur.com\/es\/wp-json\/wp\/v2\/product_brand?post=13169"},{"taxonomy":"product_cat","embeddable":true,"href":"https:\/\/www.lesourceur.com\/es\/wp-json\/wp\/v2\/product_cat?post=13169"},{"taxonomy":"product_tag","embeddable":true,"href":"https:\/\/www.lesourceur.com\/es\/wp-json\/wp\/v2\/product_tag?post=13169"}],"curies":[{"name":"wp","href":"https:\/\/api.w.org\/{rel}","templated":true}]}}