{"id":13187,"date":"2024-04-05T09:24:56","date_gmt":"2024-04-05T07:24:56","guid":{"rendered":"https:\/\/www.lesourceur.com\/produit\/lavanda-verdadera\/"},"modified":"2026-03-23T10:30:45","modified_gmt":"2026-03-23T09:30:45","slug":"ae-lavanda-verdadera","status":"publish","type":"product","link":"https:\/\/www.lesourceur.com\/es\/produit\/ae-lavanda-verdadera\/","title":{"rendered":"Lavanda verdadera"},"content":{"rendered":"<p>La lavanda verdadera (Lavandula Angustifolia) es un aceite esencial cuanto menos <b>indispensable<\/b> en el neceser de todo amante de todo tipo de productos naturales. Tan exquisito de oler como eficaz para las preocupaciones cotidianas, cura y tranquiliza, a la vez que evoca los mejores recuerdos de nuestra infancia. Es una maravilla que se puede comprar en cualquier sitio, y quer\u00edamos que fuera deliberadamente <b>original y aut\u00e9ntica<\/b>. El aroma ten\u00eda que ser sorprendente, porque eso es Le Sourceur: productos de calidad que no se encuentran en ning\u00fan otro sitio.<\/p>\n<p>&nbsp;<\/p>\n<p>Hemos elegido trabajar con el excelente destilador Cassan, <b>certificado Ecocert<\/b> (y por tanto ecol\u00f3gico) y cuyos cultivos de lavanda proceden de los mejores productores de Dr\u00f4me, Vaucluse y Alpes de Haute Provence. Aunque abastece a numerosos perfumistas de renombre, su verdadero aceite esencial de lavanda nos conquist\u00f3 por sus <b>notas lavandinosas, golosas, aterciopeladas y afrutadas<\/b>. Un imprescindible entre los imprescindibles.<\/p>\n","protected":false},"excerpt":{"rendered":"<p>La lavanda verdadera (Lavandula Angustifolia) es un aceite esencial cuanto menos indispensable en el neceser de todo amante de todo tipo de productos naturales. Tan exquisito de oler como eficaz para las preocupaciones cotidianas, cura y tranquiliza, a la vez que evoca los mejores recuerdos de nuestra infancia. Es una maravilla que se puede comprar [&hellip;]<\/p>\n","protected":false},"featured_media":13188,"template":"","meta":{"_acf_changed":false},"intervenant":[],"lieu-de-latelier":[],"product_brand":[],"product_cat":[198,238],"product_tag":[210],"class_list":{"0":"post-13187","1":"product","2":"type-product","3":"status-publish","4":"has-post-thumbnail","6":"product_cat-aceite-esencial","7":"product_cat-seleccion-de-invierno","8":"product_tag-aromaticos","9":"pa_contenance-10-ml-es","10":"pa_contenance-30-ml-es","11":"pa_contenance-5-ml-es","13":"first","14":"instock","15":"taxable","16":"shipping-taxable","17":"purchasable","18":"product-type-variable","19":"has-default-attributes"},"acf":[],"yoast_head":"<!-- This site is optimized with the Yoast SEO plugin v27.5 - https:\/\/yoast.com\/product\/yoast-seo-wordpress\/ -->\n<title>Aceite esencial de lavanda verdadera (Lavandula Angustifolia)<\/title>\n<meta name=\"description\" content=\"El Aceite Esencial de Lavanda (Lavandula Angustifolia) se produce en Francia, en la regi\u00f3n de Dr\u00f4me, y su pureza y naturalidad est\u00e1n garantizadas al 100%.\" \/>\n<meta name=\"robots\" content=\"index, follow, max-snippet:-1, max-image-preview:large, max-video-preview:-1\" \/>\n<link rel=\"canonical\" href=\"https:\/\/www.lesourceur.com\/es\/produit\/ae-lavanda-verdadera\/\" \/>\n<meta property=\"og:locale\" content=\"es_ES\" \/>\n<meta property=\"og:type\" content=\"article\" \/>\n<meta property=\"og:title\" content=\"Aceite esencial de lavanda verdadera (Lavandula Angustifolia)\" \/>\n<meta property=\"og:description\" content=\"El Aceite Esencial de Lavanda (Lavandula Angustifolia) se produce en Francia, en la regi\u00f3n de Dr\u00f4me, y su pureza y naturalidad est\u00e1n garantizadas al 100%.\" \/>\n<meta property=\"og:url\" content=\"https:\/\/www.lesourceur.com\/es\/produit\/ae-lavanda-verdadera\/\" \/>\n<meta property=\"og:site_name\" content=\"Le sourceur\" \/>\n<meta property=\"article:modified_time\" content=\"2026-03-23T09:30:45+00:00\" \/>\n<meta property=\"og:image\" content=\"https:\/\/www.lesourceur.com\/wp-content\/uploads\/2024\/04\/lavande-vraie-matiere-1-scaled.webp\" \/>\n\t<meta property=\"og:image:width\" content=\"1491\" \/>\n\t<meta property=\"og:image:height\" content=\"2000\" \/>\n\t<meta property=\"og:image:type\" content=\"image\/webp\" \/>\n<meta name=\"twitter:card\" content=\"summary_large_image\" \/>\n<meta name=\"twitter:label1\" content=\"Tiempo de lectura\" \/>\n\t<meta name=\"twitter:data1\" content=\"1 minuto\" \/>\n<script type=\"application\/ld+json\" class=\"yoast-schema-graph\">{\"@context\":\"https:\\\/\\\/schema.org\",\"@graph\":[{\"@type\":\"WebPage\",\"@id\":\"https:\\\/\\\/www.lesourceur.com\\\/es\\\/produit\\\/ae-lavanda-verdadera\\\/\",\"url\":\"https:\\\/\\\/www.lesourceur.com\\\/es\\\/produit\\\/ae-lavanda-verdadera\\\/\",\"name\":\"Aceite esencial de lavanda verdadera (Lavandula Angustifolia)\",\"isPartOf\":{\"@id\":\"https:\\\/\\\/www.lesourceur.com\\\/#website\"},\"primaryImageOfPage\":{\"@id\":\"https:\\\/\\\/www.lesourceur.com\\\/es\\\/produit\\\/ae-lavanda-verdadera\\\/#primaryimage\"},\"image\":{\"@id\":\"https:\\\/\\\/www.lesourceur.com\\\/es\\\/produit\\\/ae-lavanda-verdadera\\\/#primaryimage\"},\"thumbnailUrl\":\"https:\\\/\\\/www.lesourceur.com\\\/wp-content\\\/uploads\\\/2024\\\/04\\\/lavande-vraie-matiere-1-scaled.webp\",\"datePublished\":\"2024-04-05T07:24:56+00:00\",\"dateModified\":\"2026-03-23T09:30:45+00:00\",\"description\":\"El Aceite Esencial de Lavanda (Lavandula Angustifolia) se produce en Francia, en la regi\u00f3n de Dr\u00f4me, y su pureza y naturalidad est\u00e1n garantizadas al 100%.\",\"breadcrumb\":{\"@id\":\"https:\\\/\\\/www.lesourceur.com\\\/es\\\/produit\\\/ae-lavanda-verdadera\\\/#breadcrumb\"},\"inLanguage\":\"es\",\"potentialAction\":[{\"@type\":\"ReadAction\",\"target\":[\"https:\\\/\\\/www.lesourceur.com\\\/es\\\/produit\\\/ae-lavanda-verdadera\\\/\"]}]},{\"@type\":\"ImageObject\",\"inLanguage\":\"es\",\"@id\":\"https:\\\/\\\/www.lesourceur.com\\\/es\\\/produit\\\/ae-lavanda-verdadera\\\/#primaryimage\",\"url\":\"https:\\\/\\\/www.lesourceur.com\\\/wp-content\\\/uploads\\\/2024\\\/04\\\/lavande-vraie-matiere-1-scaled.webp\",\"contentUrl\":\"https:\\\/\\\/www.lesourceur.com\\\/wp-content\\\/uploads\\\/2024\\\/04\\\/lavande-vraie-matiere-1-scaled.webp\",\"width\":1491,\"height\":2000,\"caption\":\"Lavande-Vraie-Matiere 1\"},{\"@type\":\"BreadcrumbList\",\"@id\":\"https:\\\/\\\/www.lesourceur.com\\\/es\\\/produit\\\/ae-lavanda-verdadera\\\/#breadcrumb\",\"itemListElement\":[{\"@type\":\"ListItem\",\"position\":1,\"name\":\"Accueil\",\"item\":\"https:\\\/\\\/www.lesourceur.com\\\/es\\\/inicio\\\/\"},{\"@type\":\"ListItem\",\"position\":2,\"name\":\"La tienda\",\"item\":\"https:\\\/\\\/www.lesourceur.com\\\/es\\\/la-tienda\\\/\"},{\"@type\":\"ListItem\",\"position\":3,\"name\":\"Lavanda verdadera\"}]},{\"@type\":\"WebSite\",\"@id\":\"https:\\\/\\\/www.lesourceur.com\\\/#website\",\"url\":\"https:\\\/\\\/www.lesourceur.com\\\/\",\"name\":\"Le sourceur\",\"description\":\"\",\"potentialAction\":[{\"@type\":\"SearchAction\",\"target\":{\"@type\":\"EntryPoint\",\"urlTemplate\":\"https:\\\/\\\/www.lesourceur.com\\\/?s={search_term_string}\"},\"query-input\":{\"@type\":\"PropertyValueSpecification\",\"valueRequired\":true,\"valueName\":\"search_term_string\"}}],\"inLanguage\":\"es\"}]}<\/script>\n<!-- \/ Yoast SEO plugin. -->","yoast_head_json":{"title":"Aceite esencial de lavanda verdadera (Lavandula Angustifolia)","description":"El Aceite Esencial de Lavanda (Lavandula Angustifolia) se produce en Francia, en la regi\u00f3n de Dr\u00f4me, y su pureza y naturalidad est\u00e1n garantizadas al 100%.","robots":{"index":"index","follow":"follow","max-snippet":"max-snippet:-1","max-image-preview":"max-image-preview:large","max-video-preview":"max-video-preview:-1"},"canonical":"https:\/\/www.lesourceur.com\/es\/produit\/ae-lavanda-verdadera\/","og_locale":"es_ES","og_type":"article","og_title":"Aceite esencial de lavanda verdadera (Lavandula Angustifolia)","og_description":"El Aceite Esencial de Lavanda (Lavandula Angustifolia) se produce en Francia, en la regi\u00f3n de Dr\u00f4me, y su pureza y naturalidad est\u00e1n garantizadas al 100%.","og_url":"https:\/\/www.lesourceur.com\/es\/produit\/ae-lavanda-verdadera\/","og_site_name":"Le sourceur","article_modified_time":"2026-03-23T09:30:45+00:00","og_image":[{"width":1491,"height":2000,"url":"https:\/\/www.lesourceur.com\/wp-content\/uploads\/2024\/04\/lavande-vraie-matiere-1-scaled.webp","type":"image\/webp"}],"twitter_card":"summary_large_image","twitter_misc":{"Tiempo de lectura":"1 minuto"},"schema":{"@context":"https:\/\/schema.org","@graph":[{"@type":"WebPage","@id":"https:\/\/www.lesourceur.com\/es\/produit\/ae-lavanda-verdadera\/","url":"https:\/\/www.lesourceur.com\/es\/produit\/ae-lavanda-verdadera\/","name":"Aceite esencial de lavanda verdadera (Lavandula Angustifolia)","isPartOf":{"@id":"https:\/\/www.lesourceur.com\/#website"},"primaryImageOfPage":{"@id":"https:\/\/www.lesourceur.com\/es\/produit\/ae-lavanda-verdadera\/#primaryimage"},"image":{"@id":"https:\/\/www.lesourceur.com\/es\/produit\/ae-lavanda-verdadera\/#primaryimage"},"thumbnailUrl":"https:\/\/www.lesourceur.com\/wp-content\/uploads\/2024\/04\/lavande-vraie-matiere-1-scaled.webp","datePublished":"2024-04-05T07:24:56+00:00","dateModified":"2026-03-23T09:30:45+00:00","description":"El Aceite Esencial de Lavanda (Lavandula Angustifolia) se produce en Francia, en la regi\u00f3n de Dr\u00f4me, y su pureza y naturalidad est\u00e1n garantizadas al 100%.","breadcrumb":{"@id":"https:\/\/www.lesourceur.com\/es\/produit\/ae-lavanda-verdadera\/#breadcrumb"},"inLanguage":"es","potentialAction":[{"@type":"ReadAction","target":["https:\/\/www.lesourceur.com\/es\/produit\/ae-lavanda-verdadera\/"]}]},{"@type":"ImageObject","inLanguage":"es","@id":"https:\/\/www.lesourceur.com\/es\/produit\/ae-lavanda-verdadera\/#primaryimage","url":"https:\/\/www.lesourceur.com\/wp-content\/uploads\/2024\/04\/lavande-vraie-matiere-1-scaled.webp","contentUrl":"https:\/\/www.lesourceur.com\/wp-content\/uploads\/2024\/04\/lavande-vraie-matiere-1-scaled.webp","width":1491,"height":2000,"caption":"Lavande-Vraie-Matiere 1"},{"@type":"BreadcrumbList","@id":"https:\/\/www.lesourceur.com\/es\/produit\/ae-lavanda-verdadera\/#breadcrumb","itemListElement":[{"@type":"ListItem","position":1,"name":"Accueil","item":"https:\/\/www.lesourceur.com\/es\/inicio\/"},{"@type":"ListItem","position":2,"name":"La tienda","item":"https:\/\/www.lesourceur.com\/es\/la-tienda\/"},{"@type":"ListItem","position":3,"name":"Lavanda verdadera"}]},{"@type":"WebSite","@id":"https:\/\/www.lesourceur.com\/#website","url":"https:\/\/www.lesourceur.com\/","name":"Le sourceur","description":"","potentialAction":[{"@type":"SearchAction","target":{"@type":"EntryPoint","urlTemplate":"https:\/\/www.lesourceur.com\/?s={search_term_string}"},"query-input":{"@type":"PropertyValueSpecification","valueRequired":true,"valueName":"search_term_string"}}],"inLanguage":"es"}]}},"_links":{"self":[{"href":"https:\/\/www.lesourceur.com\/es\/wp-json\/wp\/v2\/product\/13187","targetHints":{"allow":["GET"]}}],"collection":[{"href":"https:\/\/www.lesourceur.com\/es\/wp-json\/wp\/v2\/product"}],"about":[{"href":"https:\/\/www.lesourceur.com\/es\/wp-json\/wp\/v2\/types\/product"}],"version-history":[{"count":2,"href":"https:\/\/www.lesourceur.com\/es\/wp-json\/wp\/v2\/product\/13187\/revisions"}],"predecessor-version":[{"id":14520,"href":"https:\/\/www.lesourceur.com\/es\/wp-json\/wp\/v2\/product\/13187\/revisions\/14520"}],"wp:featuredmedia":[{"embeddable":true,"href":"https:\/\/www.lesourceur.com\/es\/wp-json\/wp\/v2\/media\/13188"}],"wp:attachment":[{"href":"https:\/\/www.lesourceur.com\/es\/wp-json\/wp\/v2\/media?parent=13187"}],"wp:term":[{"taxonomy":"intervenant","embeddable":true,"href":"https:\/\/www.lesourceur.com\/es\/wp-json\/wp\/v2\/intervenant?post=13187"},{"taxonomy":"lieu-de-latelier","embeddable":true,"href":"https:\/\/www.lesourceur.com\/es\/wp-json\/wp\/v2\/lieu-de-latelier?post=13187"},{"taxonomy":"product_brand","embeddable":true,"href":"https:\/\/www.lesourceur.com\/es\/wp-json\/wp\/v2\/product_brand?post=13187"},{"taxonomy":"product_cat","embeddable":true,"href":"https:\/\/www.lesourceur.com\/es\/wp-json\/wp\/v2\/product_cat?post=13187"},{"taxonomy":"product_tag","embeddable":true,"href":"https:\/\/www.lesourceur.com\/es\/wp-json\/wp\/v2\/product_tag?post=13187"}],"curies":[{"name":"wp","href":"https:\/\/api.w.org\/{rel}","templated":true}]}}