{"id":13195,"date":"2024-04-05T09:42:03","date_gmt":"2024-04-05T07:42:03","guid":{"rendered":"https:\/\/www.lesourceur.com\/produit\/bushman-candle\/"},"modified":"2026-01-29T00:52:36","modified_gmt":"2026-01-28T23:52:36","slug":"oleorresina-bushman-candle","status":"publish","type":"product","link":"https:\/\/www.lesourceur.com\/es\/produit\/oleorresina-bushman-candle\/","title":{"rendered":"Bushman Candle"},"content":{"rendered":"<p>La oleorresina de Bushman Candle (Sarcocaulon Mossamedense) es \u00fanica. S\u00f3lo se encuentra en <strong>Namibia<\/strong>, concretamente en el <strong>desierto de Kaokoland<\/strong>, donde s\u00f3lo las <strong>tribus himbas<\/strong> pueden obtenerla. Su fragancia es tan sorprendente como cautivadora, y seguro que le encantar\u00e1 con sus <strong>notas de benju\u00ed y vainilla<\/strong>. Una peque\u00f1a maravilla que combina a la perfecci\u00f3n con un <strong>acorde oriental.<\/strong><\/p>\n<p>&nbsp;<\/p>\n<p><span style=\"font-weight: 400;\">En su estado natural, se encuentra en forma de <strong>cera incandescente<\/strong>. Protege al Sarcocaulon del calor extremo del verano namibio. Los himbas la <strong>recolectan a mano<\/strong> directamente del arbusto espinoso y a veces a sus pies. Forma parte de la vida cotidiana de las tribus himba de Namibia, que lo utilizan como antorcha, especia para la carne de oryx y repelente de insectos. <\/span><\/p>\n<p>&nbsp;<\/p>\n<p>La oleorresina de vela de los bosquimanos es <strong>rica en cumarina<\/strong>. Se dice que tiene un efecto positivo en el drenaje sangu\u00edneo y linf\u00e1tico. A su vez, calma los nervios y los m\u00fasculos. Hidratante natural, se utiliza en \u00c1frica austral por sus propiedades regeneradoras.<\/p>\n","protected":false},"excerpt":{"rendered":"<p>La oleorresina de Bushman Candle (Sarcocaulon Mossamedense) es \u00fanica. S\u00f3lo se encuentra en Namibia, concretamente en el desierto de Kaokoland, donde s\u00f3lo las tribus himbas pueden obtenerla. Su fragancia es tan sorprendente como cautivadora, y seguro que le encantar\u00e1 con sus notas de benju\u00ed y vainilla. Una peque\u00f1a maravilla que combina a la perfecci\u00f3n con [&hellip;]<\/p>\n","protected":false},"featured_media":13196,"template":"","meta":{"_acf_changed":false},"intervenant":[],"lieu-de-latelier":[],"product_brand":[],"product_cat":[198,211],"product_tag":[202],"class_list":{"0":"post-13195","1":"product","2":"type-product","3":"status-publish","4":"has-post-thumbnail","6":"product_cat-aceite-esencial","7":"product_cat-oleoresina","8":"product_tag-balsamicas","9":"pa_contenance-10-ml-es","10":"pa_contenance-30-ml-es","11":"pa_contenance-5-ml-es","13":"first","14":"instock","15":"taxable","16":"shipping-taxable","17":"purchasable","18":"product-type-variable","19":"has-default-attributes"},"acf":[],"yoast_head":"<!-- This site is optimized with the Yoast SEO plugin v27.5 - https:\/\/yoast.com\/product\/yoast-seo-wordpress\/ -->\n<title>Oleorresina de Bushman Candle (Sarcocaulon Mossamedense)<\/title>\n<meta name=\"description\" content=\"La oleorresina del Bushman Candle (Sarcocaulon Mossamedense) es un extracto alcoh\u00f3lico que se obtiene macerando la resina para favorecer la relajaci\u00f3n.\" \/>\n<meta name=\"robots\" content=\"index, follow, max-snippet:-1, max-image-preview:large, max-video-preview:-1\" \/>\n<link rel=\"canonical\" href=\"https:\/\/www.lesourceur.com\/es\/produit\/oleorresina-bushman-candle\/\" \/>\n<meta property=\"og:locale\" content=\"es_ES\" \/>\n<meta property=\"og:type\" content=\"article\" \/>\n<meta property=\"og:title\" content=\"Oleorresina de Bushman Candle (Sarcocaulon Mossamedense)\" \/>\n<meta property=\"og:description\" content=\"La oleorresina del Bushman Candle (Sarcocaulon Mossamedense) es un extracto alcoh\u00f3lico que se obtiene macerando la resina para favorecer la relajaci\u00f3n.\" \/>\n<meta property=\"og:url\" content=\"https:\/\/www.lesourceur.com\/es\/produit\/oleorresina-bushman-candle\/\" \/>\n<meta property=\"og:site_name\" content=\"Le sourceur\" \/>\n<meta property=\"article:modified_time\" content=\"2026-01-28T23:52:36+00:00\" \/>\n<meta property=\"og:image\" content=\"https:\/\/www.lesourceur.com\/wp-content\/uploads\/2024\/04\/bushman-candle-matiere-png.webp\" \/>\n\t<meta property=\"og:image:width\" content=\"600\" \/>\n\t<meta property=\"og:image:height\" content=\"805\" \/>\n\t<meta property=\"og:image:type\" content=\"image\/webp\" \/>\n<meta name=\"twitter:card\" content=\"summary_large_image\" \/>\n<meta name=\"twitter:label1\" content=\"Tiempo de lectura\" \/>\n\t<meta name=\"twitter:data1\" content=\"2 minutos\" \/>\n<script type=\"application\/ld+json\" class=\"yoast-schema-graph\">{\"@context\":\"https:\\\/\\\/schema.org\",\"@graph\":[{\"@type\":\"WebPage\",\"@id\":\"https:\\\/\\\/www.lesourceur.com\\\/es\\\/produit\\\/oleorresina-bushman-candle\\\/\",\"url\":\"https:\\\/\\\/www.lesourceur.com\\\/es\\\/produit\\\/oleorresina-bushman-candle\\\/\",\"name\":\"Oleorresina de Bushman Candle (Sarcocaulon Mossamedense)\",\"isPartOf\":{\"@id\":\"https:\\\/\\\/www.lesourceur.com\\\/#website\"},\"primaryImageOfPage\":{\"@id\":\"https:\\\/\\\/www.lesourceur.com\\\/es\\\/produit\\\/oleorresina-bushman-candle\\\/#primaryimage\"},\"image\":{\"@id\":\"https:\\\/\\\/www.lesourceur.com\\\/es\\\/produit\\\/oleorresina-bushman-candle\\\/#primaryimage\"},\"thumbnailUrl\":\"https:\\\/\\\/www.lesourceur.com\\\/wp-content\\\/uploads\\\/2024\\\/04\\\/bushman-candle-matiere-png.webp\",\"datePublished\":\"2024-04-05T07:42:03+00:00\",\"dateModified\":\"2026-01-28T23:52:36+00:00\",\"description\":\"La oleorresina del Bushman Candle (Sarcocaulon Mossamedense) es un extracto alcoh\u00f3lico que se obtiene macerando la resina para favorecer la relajaci\u00f3n.\",\"breadcrumb\":{\"@id\":\"https:\\\/\\\/www.lesourceur.com\\\/es\\\/produit\\\/oleorresina-bushman-candle\\\/#breadcrumb\"},\"inLanguage\":\"es\",\"potentialAction\":[{\"@type\":\"ReadAction\",\"target\":[\"https:\\\/\\\/www.lesourceur.com\\\/es\\\/produit\\\/oleorresina-bushman-candle\\\/\"]}]},{\"@type\":\"ImageObject\",\"inLanguage\":\"es\",\"@id\":\"https:\\\/\\\/www.lesourceur.com\\\/es\\\/produit\\\/oleorresina-bushman-candle\\\/#primaryimage\",\"url\":\"https:\\\/\\\/www.lesourceur.com\\\/wp-content\\\/uploads\\\/2024\\\/04\\\/bushman-candle-matiere-png.webp\",\"contentUrl\":\"https:\\\/\\\/www.lesourceur.com\\\/wp-content\\\/uploads\\\/2024\\\/04\\\/bushman-candle-matiere-png.webp\",\"width\":600,\"height\":805,\"caption\":\"Bushman-Candle-Matiere.png\"},{\"@type\":\"BreadcrumbList\",\"@id\":\"https:\\\/\\\/www.lesourceur.com\\\/es\\\/produit\\\/oleorresina-bushman-candle\\\/#breadcrumb\",\"itemListElement\":[{\"@type\":\"ListItem\",\"position\":1,\"name\":\"Accueil\",\"item\":\"https:\\\/\\\/www.lesourceur.com\\\/es\\\/inicio\\\/\"},{\"@type\":\"ListItem\",\"position\":2,\"name\":\"La tienda\",\"item\":\"https:\\\/\\\/www.lesourceur.com\\\/es\\\/la-tienda\\\/\"},{\"@type\":\"ListItem\",\"position\":3,\"name\":\"Bushman Candle\"}]},{\"@type\":\"WebSite\",\"@id\":\"https:\\\/\\\/www.lesourceur.com\\\/#website\",\"url\":\"https:\\\/\\\/www.lesourceur.com\\\/\",\"name\":\"Le sourceur\",\"description\":\"\",\"potentialAction\":[{\"@type\":\"SearchAction\",\"target\":{\"@type\":\"EntryPoint\",\"urlTemplate\":\"https:\\\/\\\/www.lesourceur.com\\\/?s={search_term_string}\"},\"query-input\":{\"@type\":\"PropertyValueSpecification\",\"valueRequired\":true,\"valueName\":\"search_term_string\"}}],\"inLanguage\":\"es\"}]}<\/script>\n<!-- \/ Yoast SEO plugin. -->","yoast_head_json":{"title":"Oleorresina de Bushman Candle (Sarcocaulon Mossamedense)","description":"La oleorresina del Bushman Candle (Sarcocaulon Mossamedense) es un extracto alcoh\u00f3lico que se obtiene macerando la resina para favorecer la relajaci\u00f3n.","robots":{"index":"index","follow":"follow","max-snippet":"max-snippet:-1","max-image-preview":"max-image-preview:large","max-video-preview":"max-video-preview:-1"},"canonical":"https:\/\/www.lesourceur.com\/es\/produit\/oleorresina-bushman-candle\/","og_locale":"es_ES","og_type":"article","og_title":"Oleorresina de Bushman Candle (Sarcocaulon Mossamedense)","og_description":"La oleorresina del Bushman Candle (Sarcocaulon Mossamedense) es un extracto alcoh\u00f3lico que se obtiene macerando la resina para favorecer la relajaci\u00f3n.","og_url":"https:\/\/www.lesourceur.com\/es\/produit\/oleorresina-bushman-candle\/","og_site_name":"Le sourceur","article_modified_time":"2026-01-28T23:52:36+00:00","og_image":[{"width":600,"height":805,"url":"https:\/\/www.lesourceur.com\/wp-content\/uploads\/2024\/04\/bushman-candle-matiere-png.webp","type":"image\/webp"}],"twitter_card":"summary_large_image","twitter_misc":{"Tiempo de lectura":"2 minutos"},"schema":{"@context":"https:\/\/schema.org","@graph":[{"@type":"WebPage","@id":"https:\/\/www.lesourceur.com\/es\/produit\/oleorresina-bushman-candle\/","url":"https:\/\/www.lesourceur.com\/es\/produit\/oleorresina-bushman-candle\/","name":"Oleorresina de Bushman Candle (Sarcocaulon Mossamedense)","isPartOf":{"@id":"https:\/\/www.lesourceur.com\/#website"},"primaryImageOfPage":{"@id":"https:\/\/www.lesourceur.com\/es\/produit\/oleorresina-bushman-candle\/#primaryimage"},"image":{"@id":"https:\/\/www.lesourceur.com\/es\/produit\/oleorresina-bushman-candle\/#primaryimage"},"thumbnailUrl":"https:\/\/www.lesourceur.com\/wp-content\/uploads\/2024\/04\/bushman-candle-matiere-png.webp","datePublished":"2024-04-05T07:42:03+00:00","dateModified":"2026-01-28T23:52:36+00:00","description":"La oleorresina del Bushman Candle (Sarcocaulon Mossamedense) es un extracto alcoh\u00f3lico que se obtiene macerando la resina para favorecer la relajaci\u00f3n.","breadcrumb":{"@id":"https:\/\/www.lesourceur.com\/es\/produit\/oleorresina-bushman-candle\/#breadcrumb"},"inLanguage":"es","potentialAction":[{"@type":"ReadAction","target":["https:\/\/www.lesourceur.com\/es\/produit\/oleorresina-bushman-candle\/"]}]},{"@type":"ImageObject","inLanguage":"es","@id":"https:\/\/www.lesourceur.com\/es\/produit\/oleorresina-bushman-candle\/#primaryimage","url":"https:\/\/www.lesourceur.com\/wp-content\/uploads\/2024\/04\/bushman-candle-matiere-png.webp","contentUrl":"https:\/\/www.lesourceur.com\/wp-content\/uploads\/2024\/04\/bushman-candle-matiere-png.webp","width":600,"height":805,"caption":"Bushman-Candle-Matiere.png"},{"@type":"BreadcrumbList","@id":"https:\/\/www.lesourceur.com\/es\/produit\/oleorresina-bushman-candle\/#breadcrumb","itemListElement":[{"@type":"ListItem","position":1,"name":"Accueil","item":"https:\/\/www.lesourceur.com\/es\/inicio\/"},{"@type":"ListItem","position":2,"name":"La tienda","item":"https:\/\/www.lesourceur.com\/es\/la-tienda\/"},{"@type":"ListItem","position":3,"name":"Bushman Candle"}]},{"@type":"WebSite","@id":"https:\/\/www.lesourceur.com\/#website","url":"https:\/\/www.lesourceur.com\/","name":"Le sourceur","description":"","potentialAction":[{"@type":"SearchAction","target":{"@type":"EntryPoint","urlTemplate":"https:\/\/www.lesourceur.com\/?s={search_term_string}"},"query-input":{"@type":"PropertyValueSpecification","valueRequired":true,"valueName":"search_term_string"}}],"inLanguage":"es"}]}},"_links":{"self":[{"href":"https:\/\/www.lesourceur.com\/es\/wp-json\/wp\/v2\/product\/13195","targetHints":{"allow":["GET"]}}],"collection":[{"href":"https:\/\/www.lesourceur.com\/es\/wp-json\/wp\/v2\/product"}],"about":[{"href":"https:\/\/www.lesourceur.com\/es\/wp-json\/wp\/v2\/types\/product"}],"version-history":[{"count":2,"href":"https:\/\/www.lesourceur.com\/es\/wp-json\/wp\/v2\/product\/13195\/revisions"}],"predecessor-version":[{"id":14511,"href":"https:\/\/www.lesourceur.com\/es\/wp-json\/wp\/v2\/product\/13195\/revisions\/14511"}],"wp:featuredmedia":[{"embeddable":true,"href":"https:\/\/www.lesourceur.com\/es\/wp-json\/wp\/v2\/media\/13196"}],"wp:attachment":[{"href":"https:\/\/www.lesourceur.com\/es\/wp-json\/wp\/v2\/media?parent=13195"}],"wp:term":[{"taxonomy":"intervenant","embeddable":true,"href":"https:\/\/www.lesourceur.com\/es\/wp-json\/wp\/v2\/intervenant?post=13195"},{"taxonomy":"lieu-de-latelier","embeddable":true,"href":"https:\/\/www.lesourceur.com\/es\/wp-json\/wp\/v2\/lieu-de-latelier?post=13195"},{"taxonomy":"product_brand","embeddable":true,"href":"https:\/\/www.lesourceur.com\/es\/wp-json\/wp\/v2\/product_brand?post=13195"},{"taxonomy":"product_cat","embeddable":true,"href":"https:\/\/www.lesourceur.com\/es\/wp-json\/wp\/v2\/product_cat?post=13195"},{"taxonomy":"product_tag","embeddable":true,"href":"https:\/\/www.lesourceur.com\/es\/wp-json\/wp\/v2\/product_tag?post=13195"}],"curies":[{"name":"wp","href":"https:\/\/api.w.org\/{rel}","templated":true}]}}