{"id":13206,"date":"2024-04-05T09:49:26","date_gmt":"2024-04-05T07:49:26","guid":{"rendered":"https:\/\/www.lesourceur.com\/produit\/geranio-bourbon\/"},"modified":"2025-10-30T11:37:28","modified_gmt":"2025-10-30T10:37:28","slug":"ae-geranio-bourbon","status":"publish","type":"product","link":"https:\/\/www.lesourceur.com\/es\/produit\/ae-geranio-bourbon\/","title":{"rendered":"Geranio Bourbon"},"content":{"rendered":"<p>El aceite esencial Geranium Bourbon o <em>Pelargonium Graveolens<\/em> se introdujo en la <strong>isla de la Reuni\u00f3n en 1870 y, posteriormente, en Madagascar<\/strong>. Esta variedad, que crece en las altas mesetas de la isla, tiene fama de florida. <strong>Su aroma es entre rosado y afrutado<\/strong>. El extracto se <strong>destila in situ<\/strong> por arrastre de vapor, para obtener<strong> un aceite esencial 100% puro y natural.<\/strong><\/p>\n<p>&nbsp;<\/p>\n<p>El aceite esencial de Geranio Borb\u00f3n es famoso por sus innumerables virtudes. En primer lugar, se considera un <strong>antiinfeccioso suave (antiviral, antibacteriano, antif\u00fangico)<\/strong>. Tambi\u00e9n posee propiedades t\u00f3nicas que favorecen la circulaci\u00f3n sangu\u00ednea. <strong>Tambi\u00e9n es antiinflamatorio y estimulante<\/strong>. Indispensable en las distintas disciplinas de la perfumer\u00eda, la aromaterapia y la olfatoterapia.<\/p>\n","protected":false},"excerpt":{"rendered":"<p>El aceite esencial Geranium Bourbon o Pelargonium Graveolens se introdujo en la isla de la Reuni\u00f3n en 1870 y, posteriormente, en Madagascar. Esta variedad, que crece en las altas mesetas de la isla, tiene fama de florida. Su aroma es entre rosado y afrutado. El extracto se destila in situ por arrastre de vapor, para [&hellip;]<\/p>\n","protected":false},"featured_media":12911,"template":"","meta":{"_acf_changed":false},"intervenant":[],"lieu-de-latelier":[],"product_brand":[],"product_cat":[198,238],"product_tag":[206],"class_list":{"0":"post-13206","1":"product","2":"type-product","3":"status-publish","4":"has-post-thumbnail","6":"product_cat-aceite-esencial","7":"product_cat-seleccion-de-invierno","8":"product_tag-florales-es","9":"pa_contenance-10-ml-es","10":"pa_contenance-30-ml-es","11":"pa_contenance-5-ml-es","13":"first","14":"instock","15":"taxable","16":"shipping-taxable","17":"purchasable","18":"product-type-variable","19":"has-default-attributes"},"acf":[],"yoast_head":"<!-- This site is optimized with the Yoast SEO plugin v27.3 - https:\/\/yoast.com\/product\/yoast-seo-wordpress\/ -->\n<title>Aceite Esencial de Geranio Bourbon (Pelargonium Graveolens)<\/title>\n<meta name=\"description\" content=\"Nuestro Aceite Esencial de Geranio Bourbon (Pelargonium Graveolens) es producido en Madagascar por Coeur de For\u00eat. Est\u00e1 garantizado 100% puro y natural.\" \/>\n<meta name=\"robots\" content=\"index, follow, max-snippet:-1, max-image-preview:large, max-video-preview:-1\" \/>\n<link rel=\"canonical\" href=\"https:\/\/www.lesourceur.com\/es\/produit\/ae-geranio-bourbon\/\" \/>\n<meta property=\"og:locale\" content=\"es_ES\" \/>\n<meta property=\"og:type\" content=\"article\" \/>\n<meta property=\"og:title\" content=\"Aceite Esencial de Geranio Bourbon (Pelargonium Graveolens)\" \/>\n<meta property=\"og:description\" content=\"Nuestro Aceite Esencial de Geranio Bourbon (Pelargonium Graveolens) es producido en Madagascar por Coeur de For\u00eat. Est\u00e1 garantizado 100% puro y natural.\" \/>\n<meta property=\"og:url\" content=\"https:\/\/www.lesourceur.com\/es\/produit\/ae-geranio-bourbon\/\" \/>\n<meta property=\"og:site_name\" content=\"Le sourceur\" \/>\n<meta property=\"article:modified_time\" content=\"2025-10-30T10:37:28+00:00\" \/>\n<meta property=\"og:image\" content=\"https:\/\/www.lesourceur.com\/wp-content\/uploads\/2024\/04\/geranium-bourbon-matiere-png.webp\" \/>\n\t<meta property=\"og:image:width\" content=\"600\" \/>\n\t<meta property=\"og:image:height\" content=\"805\" \/>\n\t<meta property=\"og:image:type\" content=\"image\/webp\" \/>\n<meta name=\"twitter:card\" content=\"summary_large_image\" \/>\n<meta name=\"twitter:label1\" content=\"Tiempo de lectura\" \/>\n\t<meta name=\"twitter:data1\" content=\"1 minuto\" \/>\n<script type=\"application\/ld+json\" class=\"yoast-schema-graph\">{\"@context\":\"https:\\\/\\\/schema.org\",\"@graph\":[{\"@type\":\"WebPage\",\"@id\":\"https:\\\/\\\/www.lesourceur.com\\\/es\\\/produit\\\/ae-geranio-bourbon\\\/\",\"url\":\"https:\\\/\\\/www.lesourceur.com\\\/es\\\/produit\\\/ae-geranio-bourbon\\\/\",\"name\":\"Aceite Esencial de Geranio Bourbon (Pelargonium Graveolens)\",\"isPartOf\":{\"@id\":\"https:\\\/\\\/www.lesourceur.com\\\/#website\"},\"primaryImageOfPage\":{\"@id\":\"https:\\\/\\\/www.lesourceur.com\\\/es\\\/produit\\\/ae-geranio-bourbon\\\/#primaryimage\"},\"image\":{\"@id\":\"https:\\\/\\\/www.lesourceur.com\\\/es\\\/produit\\\/ae-geranio-bourbon\\\/#primaryimage\"},\"thumbnailUrl\":\"https:\\\/\\\/www.lesourceur.com\\\/wp-content\\\/uploads\\\/2024\\\/04\\\/geranium-bourbon-matiere-png.webp\",\"datePublished\":\"2024-04-05T07:49:26+00:00\",\"dateModified\":\"2025-10-30T10:37:28+00:00\",\"description\":\"Nuestro Aceite Esencial de Geranio Bourbon (Pelargonium Graveolens) es producido en Madagascar por Coeur de For\u00eat. Est\u00e1 garantizado 100% puro y natural.\",\"breadcrumb\":{\"@id\":\"https:\\\/\\\/www.lesourceur.com\\\/es\\\/produit\\\/ae-geranio-bourbon\\\/#breadcrumb\"},\"inLanguage\":\"es\",\"potentialAction\":[{\"@type\":\"ReadAction\",\"target\":[\"https:\\\/\\\/www.lesourceur.com\\\/es\\\/produit\\\/ae-geranio-bourbon\\\/\"]}]},{\"@type\":\"ImageObject\",\"inLanguage\":\"es\",\"@id\":\"https:\\\/\\\/www.lesourceur.com\\\/es\\\/produit\\\/ae-geranio-bourbon\\\/#primaryimage\",\"url\":\"https:\\\/\\\/www.lesourceur.com\\\/wp-content\\\/uploads\\\/2024\\\/04\\\/geranium-bourbon-matiere-png.webp\",\"contentUrl\":\"https:\\\/\\\/www.lesourceur.com\\\/wp-content\\\/uploads\\\/2024\\\/04\\\/geranium-bourbon-matiere-png.webp\",\"width\":600,\"height\":805,\"caption\":\"Geranium-Bourbon-Matiere.png\"},{\"@type\":\"BreadcrumbList\",\"@id\":\"https:\\\/\\\/www.lesourceur.com\\\/es\\\/produit\\\/ae-geranio-bourbon\\\/#breadcrumb\",\"itemListElement\":[{\"@type\":\"ListItem\",\"position\":1,\"name\":\"Accueil\",\"item\":\"https:\\\/\\\/www.lesourceur.com\\\/es\\\/inicio\\\/\"},{\"@type\":\"ListItem\",\"position\":2,\"name\":\"La tienda\",\"item\":\"https:\\\/\\\/www.lesourceur.com\\\/es\\\/la-tienda\\\/\"},{\"@type\":\"ListItem\",\"position\":3,\"name\":\"Geranio Bourbon\"}]},{\"@type\":\"WebSite\",\"@id\":\"https:\\\/\\\/www.lesourceur.com\\\/#website\",\"url\":\"https:\\\/\\\/www.lesourceur.com\\\/\",\"name\":\"Le sourceur\",\"description\":\"\",\"potentialAction\":[{\"@type\":\"SearchAction\",\"target\":{\"@type\":\"EntryPoint\",\"urlTemplate\":\"https:\\\/\\\/www.lesourceur.com\\\/?s={search_term_string}\"},\"query-input\":{\"@type\":\"PropertyValueSpecification\",\"valueRequired\":true,\"valueName\":\"search_term_string\"}}],\"inLanguage\":\"es\"}]}<\/script>\n<!-- \/ Yoast SEO plugin. -->","yoast_head_json":{"title":"Aceite Esencial de Geranio Bourbon (Pelargonium Graveolens)","description":"Nuestro Aceite Esencial de Geranio Bourbon (Pelargonium Graveolens) es producido en Madagascar por Coeur de For\u00eat. Est\u00e1 garantizado 100% puro y natural.","robots":{"index":"index","follow":"follow","max-snippet":"max-snippet:-1","max-image-preview":"max-image-preview:large","max-video-preview":"max-video-preview:-1"},"canonical":"https:\/\/www.lesourceur.com\/es\/produit\/ae-geranio-bourbon\/","og_locale":"es_ES","og_type":"article","og_title":"Aceite Esencial de Geranio Bourbon (Pelargonium Graveolens)","og_description":"Nuestro Aceite Esencial de Geranio Bourbon (Pelargonium Graveolens) es producido en Madagascar por Coeur de For\u00eat. Est\u00e1 garantizado 100% puro y natural.","og_url":"https:\/\/www.lesourceur.com\/es\/produit\/ae-geranio-bourbon\/","og_site_name":"Le sourceur","article_modified_time":"2025-10-30T10:37:28+00:00","og_image":[{"width":600,"height":805,"url":"https:\/\/www.lesourceur.com\/wp-content\/uploads\/2024\/04\/geranium-bourbon-matiere-png.webp","type":"image\/webp"}],"twitter_card":"summary_large_image","twitter_misc":{"Tiempo de lectura":"1 minuto"},"schema":{"@context":"https:\/\/schema.org","@graph":[{"@type":"WebPage","@id":"https:\/\/www.lesourceur.com\/es\/produit\/ae-geranio-bourbon\/","url":"https:\/\/www.lesourceur.com\/es\/produit\/ae-geranio-bourbon\/","name":"Aceite Esencial de Geranio Bourbon (Pelargonium Graveolens)","isPartOf":{"@id":"https:\/\/www.lesourceur.com\/#website"},"primaryImageOfPage":{"@id":"https:\/\/www.lesourceur.com\/es\/produit\/ae-geranio-bourbon\/#primaryimage"},"image":{"@id":"https:\/\/www.lesourceur.com\/es\/produit\/ae-geranio-bourbon\/#primaryimage"},"thumbnailUrl":"https:\/\/www.lesourceur.com\/wp-content\/uploads\/2024\/04\/geranium-bourbon-matiere-png.webp","datePublished":"2024-04-05T07:49:26+00:00","dateModified":"2025-10-30T10:37:28+00:00","description":"Nuestro Aceite Esencial de Geranio Bourbon (Pelargonium Graveolens) es producido en Madagascar por Coeur de For\u00eat. Est\u00e1 garantizado 100% puro y natural.","breadcrumb":{"@id":"https:\/\/www.lesourceur.com\/es\/produit\/ae-geranio-bourbon\/#breadcrumb"},"inLanguage":"es","potentialAction":[{"@type":"ReadAction","target":["https:\/\/www.lesourceur.com\/es\/produit\/ae-geranio-bourbon\/"]}]},{"@type":"ImageObject","inLanguage":"es","@id":"https:\/\/www.lesourceur.com\/es\/produit\/ae-geranio-bourbon\/#primaryimage","url":"https:\/\/www.lesourceur.com\/wp-content\/uploads\/2024\/04\/geranium-bourbon-matiere-png.webp","contentUrl":"https:\/\/www.lesourceur.com\/wp-content\/uploads\/2024\/04\/geranium-bourbon-matiere-png.webp","width":600,"height":805,"caption":"Geranium-Bourbon-Matiere.png"},{"@type":"BreadcrumbList","@id":"https:\/\/www.lesourceur.com\/es\/produit\/ae-geranio-bourbon\/#breadcrumb","itemListElement":[{"@type":"ListItem","position":1,"name":"Accueil","item":"https:\/\/www.lesourceur.com\/es\/inicio\/"},{"@type":"ListItem","position":2,"name":"La tienda","item":"https:\/\/www.lesourceur.com\/es\/la-tienda\/"},{"@type":"ListItem","position":3,"name":"Geranio Bourbon"}]},{"@type":"WebSite","@id":"https:\/\/www.lesourceur.com\/#website","url":"https:\/\/www.lesourceur.com\/","name":"Le sourceur","description":"","potentialAction":[{"@type":"SearchAction","target":{"@type":"EntryPoint","urlTemplate":"https:\/\/www.lesourceur.com\/?s={search_term_string}"},"query-input":{"@type":"PropertyValueSpecification","valueRequired":true,"valueName":"search_term_string"}}],"inLanguage":"es"}]}},"_links":{"self":[{"href":"https:\/\/www.lesourceur.com\/es\/wp-json\/wp\/v2\/product\/13206","targetHints":{"allow":["GET"]}}],"collection":[{"href":"https:\/\/www.lesourceur.com\/es\/wp-json\/wp\/v2\/product"}],"about":[{"href":"https:\/\/www.lesourceur.com\/es\/wp-json\/wp\/v2\/types\/product"}],"version-history":[{"count":3,"href":"https:\/\/www.lesourceur.com\/es\/wp-json\/wp\/v2\/product\/13206\/revisions"}],"predecessor-version":[{"id":14509,"href":"https:\/\/www.lesourceur.com\/es\/wp-json\/wp\/v2\/product\/13206\/revisions\/14509"}],"wp:featuredmedia":[{"embeddable":true,"href":"https:\/\/www.lesourceur.com\/es\/wp-json\/wp\/v2\/media\/12911"}],"wp:attachment":[{"href":"https:\/\/www.lesourceur.com\/es\/wp-json\/wp\/v2\/media?parent=13206"}],"wp:term":[{"taxonomy":"intervenant","embeddable":true,"href":"https:\/\/www.lesourceur.com\/es\/wp-json\/wp\/v2\/intervenant?post=13206"},{"taxonomy":"lieu-de-latelier","embeddable":true,"href":"https:\/\/www.lesourceur.com\/es\/wp-json\/wp\/v2\/lieu-de-latelier?post=13206"},{"taxonomy":"product_brand","embeddable":true,"href":"https:\/\/www.lesourceur.com\/es\/wp-json\/wp\/v2\/product_brand?post=13206"},{"taxonomy":"product_cat","embeddable":true,"href":"https:\/\/www.lesourceur.com\/es\/wp-json\/wp\/v2\/product_cat?post=13206"},{"taxonomy":"product_tag","embeddable":true,"href":"https:\/\/www.lesourceur.com\/es\/wp-json\/wp\/v2\/product_tag?post=13206"}],"curies":[{"name":"wp","href":"https:\/\/api.w.org\/{rel}","templated":true}]}}