{"id":13211,"date":"2024-04-05T10:42:15","date_gmt":"2024-04-05T08:42:15","guid":{"rendered":"https:\/\/www.lesourceur.com\/produit\/mirra-de-namibia\/"},"modified":"2026-02-05T00:31:31","modified_gmt":"2026-02-04T23:31:31","slug":"ae-mirra-de-namibia","status":"publish","type":"product","link":"https:\/\/www.lesourceur.com\/es\/produit\/ae-mirra-de-namibia\/","title":{"rendered":"Mirra de Namibia"},"content":{"rendered":"<p>La mirra Namibia (Commiphora Wildii) es una materia prima cultivada por la tribu himba en la regi\u00f3n de Kunene, al noroeste de Namibia. Las mujeres de la comunidad la recolectan en forma de resina, que rezuma directamente del \u00e1rbol. El aceite esencial de mirra de Namibia se obtiene por destilaci\u00f3n al vapor de esta resina. Desprende un aroma <strong>similar al de la trementina, con notas c\u00e1lidas, bals\u00e1micas, anisadas y persistentes<\/strong> que recuerdan a las barricas de roble.<\/p>\n<p>&nbsp;<\/p>\n<p>El aceite esencial de mirra de Namibia es <strong>un excelente regenerante natural.<\/strong> Las mujeres de la tribu lo utilizan as\u00ed. Lo mezclan con hematites en polvo y leche de su ganado para proteger e hidratar la piel.<\/p>\n","protected":false},"excerpt":{"rendered":"<p>La mirra Namibia (Commiphora Wildii) es una materia prima cultivada por la tribu himba en la regi\u00f3n de Kunene, al noroeste de Namibia. Las mujeres de la comunidad la recolectan en forma de resina, que rezuma directamente del \u00e1rbol. El aceite esencial de mirra de Namibia se obtiene por destilaci\u00f3n al vapor de esta resina. [&hellip;]<\/p>\n","protected":false},"featured_media":12903,"template":"","meta":{"_acf_changed":false},"intervenant":[],"lieu-de-latelier":[],"product_brand":[],"product_cat":[198],"product_tag":[202],"class_list":{"0":"post-13211","1":"product","2":"type-product","3":"status-publish","4":"has-post-thumbnail","6":"product_cat-aceite-esencial","7":"product_tag-balsamicas","8":"pa_contenance-10-ml-es","9":"pa_contenance-30-ml-es","10":"pa_contenance-5-ml-es","12":"first","13":"instock","14":"taxable","15":"shipping-taxable","16":"purchasable","17":"product-type-variable","18":"has-default-attributes"},"acf":[],"yoast_head":"<!-- This site is optimized with the Yoast SEO plugin v27.3 - https:\/\/yoast.com\/product\/yoast-seo-wordpress\/ -->\n<title>Aceite esencial de mirra de Namibia (Commiphora Wildii) : usos<\/title>\n<meta name=\"description\" content=\"El Aceite Esencial de Mirra de Namibia (Commiphora Wildii) es 100% puro y natural. Se obtiene por hidrodestilaci\u00f3n de la resina de Mirra.\" \/>\n<meta name=\"robots\" content=\"index, follow, max-snippet:-1, max-image-preview:large, max-video-preview:-1\" \/>\n<link rel=\"canonical\" href=\"https:\/\/www.lesourceur.com\/es\/produit\/ae-mirra-de-namibia\/\" \/>\n<meta property=\"og:locale\" content=\"es_ES\" \/>\n<meta property=\"og:type\" content=\"article\" \/>\n<meta property=\"og:title\" content=\"Aceite esencial de mirra de Namibia (Commiphora Wildii) : usos\" \/>\n<meta property=\"og:description\" content=\"El Aceite Esencial de Mirra de Namibia (Commiphora Wildii) es 100% puro y natural. Se obtiene por hidrodestilaci\u00f3n de la resina de Mirra.\" \/>\n<meta property=\"og:url\" content=\"https:\/\/www.lesourceur.com\/es\/produit\/ae-mirra-de-namibia\/\" \/>\n<meta property=\"og:site_name\" content=\"Le sourceur\" \/>\n<meta property=\"article:modified_time\" content=\"2026-02-04T23:31:31+00:00\" \/>\n<meta property=\"og:image\" content=\"https:\/\/www.lesourceur.com\/wp-content\/uploads\/2024\/04\/myrrhe.webp\" \/>\n\t<meta property=\"og:image:width\" content=\"600\" \/>\n\t<meta property=\"og:image:height\" content=\"805\" \/>\n\t<meta property=\"og:image:type\" content=\"image\/webp\" \/>\n<meta name=\"twitter:card\" content=\"summary_large_image\" \/>\n<meta name=\"twitter:label1\" content=\"Tiempo de lectura\" \/>\n\t<meta name=\"twitter:data1\" content=\"1 minuto\" \/>\n<script type=\"application\/ld+json\" class=\"yoast-schema-graph\">{\"@context\":\"https:\\\/\\\/schema.org\",\"@graph\":[{\"@type\":\"WebPage\",\"@id\":\"https:\\\/\\\/www.lesourceur.com\\\/es\\\/produit\\\/ae-mirra-de-namibia\\\/\",\"url\":\"https:\\\/\\\/www.lesourceur.com\\\/es\\\/produit\\\/ae-mirra-de-namibia\\\/\",\"name\":\"Aceite esencial de mirra de Namibia (Commiphora Wildii) : usos\",\"isPartOf\":{\"@id\":\"https:\\\/\\\/www.lesourceur.com\\\/#website\"},\"primaryImageOfPage\":{\"@id\":\"https:\\\/\\\/www.lesourceur.com\\\/es\\\/produit\\\/ae-mirra-de-namibia\\\/#primaryimage\"},\"image\":{\"@id\":\"https:\\\/\\\/www.lesourceur.com\\\/es\\\/produit\\\/ae-mirra-de-namibia\\\/#primaryimage\"},\"thumbnailUrl\":\"https:\\\/\\\/www.lesourceur.com\\\/wp-content\\\/uploads\\\/2024\\\/04\\\/myrrhe.webp\",\"datePublished\":\"2024-04-05T08:42:15+00:00\",\"dateModified\":\"2026-02-04T23:31:31+00:00\",\"description\":\"El Aceite Esencial de Mirra de Namibia (Commiphora Wildii) es 100% puro y natural. Se obtiene por hidrodestilaci\u00f3n de la resina de Mirra.\",\"breadcrumb\":{\"@id\":\"https:\\\/\\\/www.lesourceur.com\\\/es\\\/produit\\\/ae-mirra-de-namibia\\\/#breadcrumb\"},\"inLanguage\":\"es\",\"potentialAction\":[{\"@type\":\"ReadAction\",\"target\":[\"https:\\\/\\\/www.lesourceur.com\\\/es\\\/produit\\\/ae-mirra-de-namibia\\\/\"]}]},{\"@type\":\"ImageObject\",\"inLanguage\":\"es\",\"@id\":\"https:\\\/\\\/www.lesourceur.com\\\/es\\\/produit\\\/ae-mirra-de-namibia\\\/#primaryimage\",\"url\":\"https:\\\/\\\/www.lesourceur.com\\\/wp-content\\\/uploads\\\/2024\\\/04\\\/myrrhe.webp\",\"contentUrl\":\"https:\\\/\\\/www.lesourceur.com\\\/wp-content\\\/uploads\\\/2024\\\/04\\\/myrrhe.webp\",\"width\":600,\"height\":805,\"caption\":\"Myrrhe\"},{\"@type\":\"BreadcrumbList\",\"@id\":\"https:\\\/\\\/www.lesourceur.com\\\/es\\\/produit\\\/ae-mirra-de-namibia\\\/#breadcrumb\",\"itemListElement\":[{\"@type\":\"ListItem\",\"position\":1,\"name\":\"Accueil\",\"item\":\"https:\\\/\\\/www.lesourceur.com\\\/es\\\/inicio\\\/\"},{\"@type\":\"ListItem\",\"position\":2,\"name\":\"La tienda\",\"item\":\"https:\\\/\\\/www.lesourceur.com\\\/es\\\/la-tienda\\\/\"},{\"@type\":\"ListItem\",\"position\":3,\"name\":\"Mirra de Namibia\"}]},{\"@type\":\"WebSite\",\"@id\":\"https:\\\/\\\/www.lesourceur.com\\\/#website\",\"url\":\"https:\\\/\\\/www.lesourceur.com\\\/\",\"name\":\"Le sourceur\",\"description\":\"\",\"potentialAction\":[{\"@type\":\"SearchAction\",\"target\":{\"@type\":\"EntryPoint\",\"urlTemplate\":\"https:\\\/\\\/www.lesourceur.com\\\/?s={search_term_string}\"},\"query-input\":{\"@type\":\"PropertyValueSpecification\",\"valueRequired\":true,\"valueName\":\"search_term_string\"}}],\"inLanguage\":\"es\"}]}<\/script>\n<!-- \/ Yoast SEO plugin. -->","yoast_head_json":{"title":"Aceite esencial de mirra de Namibia (Commiphora Wildii) : usos","description":"El Aceite Esencial de Mirra de Namibia (Commiphora Wildii) es 100% puro y natural. Se obtiene por hidrodestilaci\u00f3n de la resina de Mirra.","robots":{"index":"index","follow":"follow","max-snippet":"max-snippet:-1","max-image-preview":"max-image-preview:large","max-video-preview":"max-video-preview:-1"},"canonical":"https:\/\/www.lesourceur.com\/es\/produit\/ae-mirra-de-namibia\/","og_locale":"es_ES","og_type":"article","og_title":"Aceite esencial de mirra de Namibia (Commiphora Wildii) : usos","og_description":"El Aceite Esencial de Mirra de Namibia (Commiphora Wildii) es 100% puro y natural. Se obtiene por hidrodestilaci\u00f3n de la resina de Mirra.","og_url":"https:\/\/www.lesourceur.com\/es\/produit\/ae-mirra-de-namibia\/","og_site_name":"Le sourceur","article_modified_time":"2026-02-04T23:31:31+00:00","og_image":[{"width":600,"height":805,"url":"https:\/\/www.lesourceur.com\/wp-content\/uploads\/2024\/04\/myrrhe.webp","type":"image\/webp"}],"twitter_card":"summary_large_image","twitter_misc":{"Tiempo de lectura":"1 minuto"},"schema":{"@context":"https:\/\/schema.org","@graph":[{"@type":"WebPage","@id":"https:\/\/www.lesourceur.com\/es\/produit\/ae-mirra-de-namibia\/","url":"https:\/\/www.lesourceur.com\/es\/produit\/ae-mirra-de-namibia\/","name":"Aceite esencial de mirra de Namibia (Commiphora Wildii) : usos","isPartOf":{"@id":"https:\/\/www.lesourceur.com\/#website"},"primaryImageOfPage":{"@id":"https:\/\/www.lesourceur.com\/es\/produit\/ae-mirra-de-namibia\/#primaryimage"},"image":{"@id":"https:\/\/www.lesourceur.com\/es\/produit\/ae-mirra-de-namibia\/#primaryimage"},"thumbnailUrl":"https:\/\/www.lesourceur.com\/wp-content\/uploads\/2024\/04\/myrrhe.webp","datePublished":"2024-04-05T08:42:15+00:00","dateModified":"2026-02-04T23:31:31+00:00","description":"El Aceite Esencial de Mirra de Namibia (Commiphora Wildii) es 100% puro y natural. Se obtiene por hidrodestilaci\u00f3n de la resina de Mirra.","breadcrumb":{"@id":"https:\/\/www.lesourceur.com\/es\/produit\/ae-mirra-de-namibia\/#breadcrumb"},"inLanguage":"es","potentialAction":[{"@type":"ReadAction","target":["https:\/\/www.lesourceur.com\/es\/produit\/ae-mirra-de-namibia\/"]}]},{"@type":"ImageObject","inLanguage":"es","@id":"https:\/\/www.lesourceur.com\/es\/produit\/ae-mirra-de-namibia\/#primaryimage","url":"https:\/\/www.lesourceur.com\/wp-content\/uploads\/2024\/04\/myrrhe.webp","contentUrl":"https:\/\/www.lesourceur.com\/wp-content\/uploads\/2024\/04\/myrrhe.webp","width":600,"height":805,"caption":"Myrrhe"},{"@type":"BreadcrumbList","@id":"https:\/\/www.lesourceur.com\/es\/produit\/ae-mirra-de-namibia\/#breadcrumb","itemListElement":[{"@type":"ListItem","position":1,"name":"Accueil","item":"https:\/\/www.lesourceur.com\/es\/inicio\/"},{"@type":"ListItem","position":2,"name":"La tienda","item":"https:\/\/www.lesourceur.com\/es\/la-tienda\/"},{"@type":"ListItem","position":3,"name":"Mirra de Namibia"}]},{"@type":"WebSite","@id":"https:\/\/www.lesourceur.com\/#website","url":"https:\/\/www.lesourceur.com\/","name":"Le sourceur","description":"","potentialAction":[{"@type":"SearchAction","target":{"@type":"EntryPoint","urlTemplate":"https:\/\/www.lesourceur.com\/?s={search_term_string}"},"query-input":{"@type":"PropertyValueSpecification","valueRequired":true,"valueName":"search_term_string"}}],"inLanguage":"es"}]}},"_links":{"self":[{"href":"https:\/\/www.lesourceur.com\/es\/wp-json\/wp\/v2\/product\/13211","targetHints":{"allow":["GET"]}}],"collection":[{"href":"https:\/\/www.lesourceur.com\/es\/wp-json\/wp\/v2\/product"}],"about":[{"href":"https:\/\/www.lesourceur.com\/es\/wp-json\/wp\/v2\/types\/product"}],"version-history":[{"count":3,"href":"https:\/\/www.lesourceur.com\/es\/wp-json\/wp\/v2\/product\/13211\/revisions"}],"predecessor-version":[{"id":14425,"href":"https:\/\/www.lesourceur.com\/es\/wp-json\/wp\/v2\/product\/13211\/revisions\/14425"}],"wp:featuredmedia":[{"embeddable":true,"href":"https:\/\/www.lesourceur.com\/es\/wp-json\/wp\/v2\/media\/12903"}],"wp:attachment":[{"href":"https:\/\/www.lesourceur.com\/es\/wp-json\/wp\/v2\/media?parent=13211"}],"wp:term":[{"taxonomy":"intervenant","embeddable":true,"href":"https:\/\/www.lesourceur.com\/es\/wp-json\/wp\/v2\/intervenant?post=13211"},{"taxonomy":"lieu-de-latelier","embeddable":true,"href":"https:\/\/www.lesourceur.com\/es\/wp-json\/wp\/v2\/lieu-de-latelier?post=13211"},{"taxonomy":"product_brand","embeddable":true,"href":"https:\/\/www.lesourceur.com\/es\/wp-json\/wp\/v2\/product_brand?post=13211"},{"taxonomy":"product_cat","embeddable":true,"href":"https:\/\/www.lesourceur.com\/es\/wp-json\/wp\/v2\/product_cat?post=13211"},{"taxonomy":"product_tag","embeddable":true,"href":"https:\/\/www.lesourceur.com\/es\/wp-json\/wp\/v2\/product_tag?post=13211"}],"curies":[{"name":"wp","href":"https:\/\/api.w.org\/{rel}","templated":true}]}}