{"id":13294,"date":"2024-04-08T15:45:33","date_gmt":"2024-04-08T13:45:33","guid":{"rendered":"https:\/\/www.lesourceur.com\/produit\/vetiver\/"},"modified":"2026-01-12T19:30:40","modified_gmt":"2026-01-12T18:30:40","slug":"ae-vetiver","status":"publish","type":"product","link":"https:\/\/www.lesourceur.com\/es\/produit\/ae-vetiver\/","title":{"rendered":"Vetiver"},"content":{"rendered":"<div id=\"product-description-short-31\">\n<p>El aceite esencial de vetiver (Chrysopogon Zizanioides) se obtiene mediante destilaci\u00f3n al vapor de las ra\u00edces cultivadas en la regi\u00f3n de Les Cayes, en Hait\u00ed. Es muy apreciado y reconocido en perfumer\u00eda por <strong>su aroma particular, con notas amaderadas y terrosas, frescas y vegetales.<\/strong><\/p>\n<p>&nbsp;<\/p>\n<p>El aceite esencial de vetiver es conocido sobre todo <strong>por sus propiedades t\u00f3nicas<\/strong> (circulatorias, arteriales, venosas y tambi\u00e9n linf\u00e1ticas). Estimulante, es beneficioso para el organismo y refuerza el sistema inmunitario. <strong>Tambi\u00e9n es tranquilizante y relajante.<\/strong> Dos excelentes razones para difundir su perfume en su hogar.<\/p>\n<\/div>\n","protected":false},"excerpt":{"rendered":"<p>El aceite esencial de vetiver (Chrysopogon Zizanioides) se obtiene mediante destilaci\u00f3n al vapor de las ra\u00edces cultivadas en la regi\u00f3n de Les Cayes, en Hait\u00ed. Es muy apreciado y reconocido en perfumer\u00eda por su aroma particular, con notas amaderadas y terrosas, frescas y vegetales. &nbsp; El aceite esencial de vetiver es conocido sobre todo por [&hellip;]<\/p>\n","protected":false},"featured_media":13295,"template":"","meta":{"_acf_changed":false},"intervenant":[],"lieu-de-latelier":[],"product_brand":[],"product_cat":[198],"product_tag":[209],"class_list":{"0":"post-13294","1":"product","2":"type-product","3":"status-publish","4":"has-post-thumbnail","6":"product_cat-aceite-esencial","7":"product_tag-amaderadas","8":"pa_contenance-10-ml-es","9":"pa_contenance-30-ml-es","10":"pa_contenance-5-ml-es","12":"first","13":"instock","14":"taxable","15":"shipping-taxable","16":"purchasable","17":"product-type-variable","18":"has-default-attributes"},"acf":[],"yoast_head":"<!-- This site is optimized with the Yoast SEO plugin v27.3 - https:\/\/yoast.com\/product\/yoast-seo-wordpress\/ -->\n<title>Aceite esencial de vetiver (Chrysopogon Zizanioides): olor y usos<\/title>\n<meta name=\"description\" content=\"El aceite esencial de vetiver (Chrysopogon Zizanioides) se obtiene mediante destilaci\u00f3n al vapor de las ra\u00edces de vetiver Hait\u00ed. Su fragancia es amaderadas.\" \/>\n<meta name=\"robots\" content=\"index, follow, max-snippet:-1, max-image-preview:large, max-video-preview:-1\" \/>\n<link rel=\"canonical\" href=\"https:\/\/www.lesourceur.com\/es\/produit\/ae-vetiver\/\" \/>\n<meta property=\"og:locale\" content=\"es_ES\" \/>\n<meta property=\"og:type\" content=\"article\" \/>\n<meta property=\"og:title\" content=\"Aceite esencial de vetiver (Chrysopogon Zizanioides): olor y usos\" \/>\n<meta property=\"og:description\" content=\"El aceite esencial de vetiver (Chrysopogon Zizanioides) se obtiene mediante destilaci\u00f3n al vapor de las ra\u00edces de vetiver Hait\u00ed. Su fragancia es amaderadas.\" \/>\n<meta property=\"og:url\" content=\"https:\/\/www.lesourceur.com\/es\/produit\/ae-vetiver\/\" \/>\n<meta property=\"og:site_name\" content=\"Le sourceur\" \/>\n<meta property=\"article:modified_time\" content=\"2026-01-12T18:30:40+00:00\" \/>\n<meta property=\"og:image\" content=\"https:\/\/www.lesourceur.com\/wp-content\/uploads\/2024\/04\/vetiver-matiere-png.webp\" \/>\n\t<meta property=\"og:image:width\" content=\"600\" \/>\n\t<meta property=\"og:image:height\" content=\"805\" \/>\n\t<meta property=\"og:image:type\" content=\"image\/webp\" \/>\n<meta name=\"twitter:card\" content=\"summary_large_image\" \/>\n<meta name=\"twitter:label1\" content=\"Tiempo de lectura\" \/>\n\t<meta name=\"twitter:data1\" content=\"1 minuto\" \/>\n<script type=\"application\/ld+json\" class=\"yoast-schema-graph\">{\"@context\":\"https:\\\/\\\/schema.org\",\"@graph\":[{\"@type\":\"WebPage\",\"@id\":\"https:\\\/\\\/www.lesourceur.com\\\/es\\\/produit\\\/ae-vetiver\\\/\",\"url\":\"https:\\\/\\\/www.lesourceur.com\\\/es\\\/produit\\\/ae-vetiver\\\/\",\"name\":\"Aceite esencial de vetiver (Chrysopogon Zizanioides): olor y usos\",\"isPartOf\":{\"@id\":\"https:\\\/\\\/www.lesourceur.com\\\/#website\"},\"primaryImageOfPage\":{\"@id\":\"https:\\\/\\\/www.lesourceur.com\\\/es\\\/produit\\\/ae-vetiver\\\/#primaryimage\"},\"image\":{\"@id\":\"https:\\\/\\\/www.lesourceur.com\\\/es\\\/produit\\\/ae-vetiver\\\/#primaryimage\"},\"thumbnailUrl\":\"https:\\\/\\\/www.lesourceur.com\\\/wp-content\\\/uploads\\\/2024\\\/04\\\/vetiver-matiere-png.webp\",\"datePublished\":\"2024-04-08T13:45:33+00:00\",\"dateModified\":\"2026-01-12T18:30:40+00:00\",\"description\":\"El aceite esencial de vetiver (Chrysopogon Zizanioides) se obtiene mediante destilaci\u00f3n al vapor de las ra\u00edces de vetiver Hait\u00ed. Su fragancia es amaderadas.\",\"breadcrumb\":{\"@id\":\"https:\\\/\\\/www.lesourceur.com\\\/es\\\/produit\\\/ae-vetiver\\\/#breadcrumb\"},\"inLanguage\":\"es\",\"potentialAction\":[{\"@type\":\"ReadAction\",\"target\":[\"https:\\\/\\\/www.lesourceur.com\\\/es\\\/produit\\\/ae-vetiver\\\/\"]}]},{\"@type\":\"ImageObject\",\"inLanguage\":\"es\",\"@id\":\"https:\\\/\\\/www.lesourceur.com\\\/es\\\/produit\\\/ae-vetiver\\\/#primaryimage\",\"url\":\"https:\\\/\\\/www.lesourceur.com\\\/wp-content\\\/uploads\\\/2024\\\/04\\\/vetiver-matiere-png.webp\",\"contentUrl\":\"https:\\\/\\\/www.lesourceur.com\\\/wp-content\\\/uploads\\\/2024\\\/04\\\/vetiver-matiere-png.webp\",\"width\":600,\"height\":805,\"caption\":\"Vetiver-Matiere.png\"},{\"@type\":\"BreadcrumbList\",\"@id\":\"https:\\\/\\\/www.lesourceur.com\\\/es\\\/produit\\\/ae-vetiver\\\/#breadcrumb\",\"itemListElement\":[{\"@type\":\"ListItem\",\"position\":1,\"name\":\"Accueil\",\"item\":\"https:\\\/\\\/www.lesourceur.com\\\/es\\\/inicio\\\/\"},{\"@type\":\"ListItem\",\"position\":2,\"name\":\"La tienda\",\"item\":\"https:\\\/\\\/www.lesourceur.com\\\/es\\\/la-tienda\\\/\"},{\"@type\":\"ListItem\",\"position\":3,\"name\":\"Vetiver\"}]},{\"@type\":\"WebSite\",\"@id\":\"https:\\\/\\\/www.lesourceur.com\\\/#website\",\"url\":\"https:\\\/\\\/www.lesourceur.com\\\/\",\"name\":\"Le sourceur\",\"description\":\"\",\"potentialAction\":[{\"@type\":\"SearchAction\",\"target\":{\"@type\":\"EntryPoint\",\"urlTemplate\":\"https:\\\/\\\/www.lesourceur.com\\\/?s={search_term_string}\"},\"query-input\":{\"@type\":\"PropertyValueSpecification\",\"valueRequired\":true,\"valueName\":\"search_term_string\"}}],\"inLanguage\":\"es\"}]}<\/script>\n<!-- \/ Yoast SEO plugin. -->","yoast_head_json":{"title":"Aceite esencial de vetiver (Chrysopogon Zizanioides): olor y usos","description":"El aceite esencial de vetiver (Chrysopogon Zizanioides) se obtiene mediante destilaci\u00f3n al vapor de las ra\u00edces de vetiver Hait\u00ed. Su fragancia es amaderadas.","robots":{"index":"index","follow":"follow","max-snippet":"max-snippet:-1","max-image-preview":"max-image-preview:large","max-video-preview":"max-video-preview:-1"},"canonical":"https:\/\/www.lesourceur.com\/es\/produit\/ae-vetiver\/","og_locale":"es_ES","og_type":"article","og_title":"Aceite esencial de vetiver (Chrysopogon Zizanioides): olor y usos","og_description":"El aceite esencial de vetiver (Chrysopogon Zizanioides) se obtiene mediante destilaci\u00f3n al vapor de las ra\u00edces de vetiver Hait\u00ed. Su fragancia es amaderadas.","og_url":"https:\/\/www.lesourceur.com\/es\/produit\/ae-vetiver\/","og_site_name":"Le sourceur","article_modified_time":"2026-01-12T18:30:40+00:00","og_image":[{"width":600,"height":805,"url":"https:\/\/www.lesourceur.com\/wp-content\/uploads\/2024\/04\/vetiver-matiere-png.webp","type":"image\/webp"}],"twitter_card":"summary_large_image","twitter_misc":{"Tiempo de lectura":"1 minuto"},"schema":{"@context":"https:\/\/schema.org","@graph":[{"@type":"WebPage","@id":"https:\/\/www.lesourceur.com\/es\/produit\/ae-vetiver\/","url":"https:\/\/www.lesourceur.com\/es\/produit\/ae-vetiver\/","name":"Aceite esencial de vetiver (Chrysopogon Zizanioides): olor y usos","isPartOf":{"@id":"https:\/\/www.lesourceur.com\/#website"},"primaryImageOfPage":{"@id":"https:\/\/www.lesourceur.com\/es\/produit\/ae-vetiver\/#primaryimage"},"image":{"@id":"https:\/\/www.lesourceur.com\/es\/produit\/ae-vetiver\/#primaryimage"},"thumbnailUrl":"https:\/\/www.lesourceur.com\/wp-content\/uploads\/2024\/04\/vetiver-matiere-png.webp","datePublished":"2024-04-08T13:45:33+00:00","dateModified":"2026-01-12T18:30:40+00:00","description":"El aceite esencial de vetiver (Chrysopogon Zizanioides) se obtiene mediante destilaci\u00f3n al vapor de las ra\u00edces de vetiver Hait\u00ed. Su fragancia es amaderadas.","breadcrumb":{"@id":"https:\/\/www.lesourceur.com\/es\/produit\/ae-vetiver\/#breadcrumb"},"inLanguage":"es","potentialAction":[{"@type":"ReadAction","target":["https:\/\/www.lesourceur.com\/es\/produit\/ae-vetiver\/"]}]},{"@type":"ImageObject","inLanguage":"es","@id":"https:\/\/www.lesourceur.com\/es\/produit\/ae-vetiver\/#primaryimage","url":"https:\/\/www.lesourceur.com\/wp-content\/uploads\/2024\/04\/vetiver-matiere-png.webp","contentUrl":"https:\/\/www.lesourceur.com\/wp-content\/uploads\/2024\/04\/vetiver-matiere-png.webp","width":600,"height":805,"caption":"Vetiver-Matiere.png"},{"@type":"BreadcrumbList","@id":"https:\/\/www.lesourceur.com\/es\/produit\/ae-vetiver\/#breadcrumb","itemListElement":[{"@type":"ListItem","position":1,"name":"Accueil","item":"https:\/\/www.lesourceur.com\/es\/inicio\/"},{"@type":"ListItem","position":2,"name":"La tienda","item":"https:\/\/www.lesourceur.com\/es\/la-tienda\/"},{"@type":"ListItem","position":3,"name":"Vetiver"}]},{"@type":"WebSite","@id":"https:\/\/www.lesourceur.com\/#website","url":"https:\/\/www.lesourceur.com\/","name":"Le sourceur","description":"","potentialAction":[{"@type":"SearchAction","target":{"@type":"EntryPoint","urlTemplate":"https:\/\/www.lesourceur.com\/?s={search_term_string}"},"query-input":{"@type":"PropertyValueSpecification","valueRequired":true,"valueName":"search_term_string"}}],"inLanguage":"es"}]}},"_links":{"self":[{"href":"https:\/\/www.lesourceur.com\/es\/wp-json\/wp\/v2\/product\/13294","targetHints":{"allow":["GET"]}}],"collection":[{"href":"https:\/\/www.lesourceur.com\/es\/wp-json\/wp\/v2\/product"}],"about":[{"href":"https:\/\/www.lesourceur.com\/es\/wp-json\/wp\/v2\/types\/product"}],"version-history":[{"count":3,"href":"https:\/\/www.lesourceur.com\/es\/wp-json\/wp\/v2\/product\/13294\/revisions"}],"predecessor-version":[{"id":14725,"href":"https:\/\/www.lesourceur.com\/es\/wp-json\/wp\/v2\/product\/13294\/revisions\/14725"}],"wp:featuredmedia":[{"embeddable":true,"href":"https:\/\/www.lesourceur.com\/es\/wp-json\/wp\/v2\/media\/13295"}],"wp:attachment":[{"href":"https:\/\/www.lesourceur.com\/es\/wp-json\/wp\/v2\/media?parent=13294"}],"wp:term":[{"taxonomy":"intervenant","embeddable":true,"href":"https:\/\/www.lesourceur.com\/es\/wp-json\/wp\/v2\/intervenant?post=13294"},{"taxonomy":"lieu-de-latelier","embeddable":true,"href":"https:\/\/www.lesourceur.com\/es\/wp-json\/wp\/v2\/lieu-de-latelier?post=13294"},{"taxonomy":"product_brand","embeddable":true,"href":"https:\/\/www.lesourceur.com\/es\/wp-json\/wp\/v2\/product_brand?post=13294"},{"taxonomy":"product_cat","embeddable":true,"href":"https:\/\/www.lesourceur.com\/es\/wp-json\/wp\/v2\/product_cat?post=13294"},{"taxonomy":"product_tag","embeddable":true,"href":"https:\/\/www.lesourceur.com\/es\/wp-json\/wp\/v2\/product_tag?post=13294"}],"curies":[{"name":"wp","href":"https:\/\/api.w.org\/{rel}","templated":true}]}}