{"id":13300,"date":"2024-04-08T15:50:31","date_gmt":"2024-04-08T13:50:31","guid":{"rendered":"https:\/\/www.lesourceur.com\/produit\/ylang-ylang\/"},"modified":"2025-10-01T13:33:10","modified_gmt":"2025-10-01T11:33:10","slug":"ae-ylang","status":"publish","type":"product","link":"https:\/\/www.lesourceur.com\/es\/produit\/ae-ylang\/","title":{"rendered":"Ylang Ylang"},"content":{"rendered":"<p>El aceite esencial de Ylang Ylang (<em>Cananga Odorata<\/em>) que ofrecemos es de calidad Extra Superior. Se obtiene de la recolecci\u00f3n de las flores amarillas de los \u00e1rboles de Ylang que crecen de forma natural en la regi\u00f3n de Anjouan, en las Comoras. Se obtiene en <strong>los primeros 50 minutos de destilaci\u00f3n gracias a un alambique que funciona \u00edntegramente con energ\u00eda solar<\/strong>. Una t\u00e9cnica que permite obtener un aceite de calidad excepcional sin dejar de lado el respeto por el planeta.<\/p>\n<p>&nbsp;<\/p>\n<p>Especialmente apreciado en perfumer\u00eda por <strong>su fragancia entre el jazm\u00edn y el sol, lo floral y lo afrutado<\/strong>, es perfecto para embellecer todas sus creaciones perfumadas o cosm\u00e9ticas. Pero eso no es todo&#8230; El aceite esencial de ylang ylang tambi\u00e9n es un elemento imprescindible en la aromaterapia y la olfatoterapia, y <strong>sus numerosas y variadas propiedades le ayudar\u00e1n a controlar mejor sus peque\u00f1as preocupaciones cotidianas.<\/strong><\/p>\n","protected":false},"excerpt":{"rendered":"<p>El aceite esencial de Ylang Ylang (Cananga Odorata) que ofrecemos es de calidad Extra Superior. Se obtiene de la recolecci\u00f3n de las flores amarillas de los \u00e1rboles de Ylang que crecen de forma natural en la regi\u00f3n de Anjouan, en las Comoras. Se obtiene en los primeros 50 minutos de destilaci\u00f3n gracias a un alambique [&hellip;]<\/p>\n","protected":false},"featured_media":13301,"template":"","meta":{"_acf_changed":false},"intervenant":[],"lieu-de-latelier":[],"product_brand":[],"product_cat":[198],"product_tag":[206],"class_list":{"0":"post-13300","1":"product","2":"type-product","3":"status-publish","4":"has-post-thumbnail","6":"product_cat-aceite-esencial","7":"product_tag-florales-es","8":"pa_contenance-10-ml-es","9":"pa_contenance-30-ml-es","10":"pa_contenance-5-ml-es","12":"first","13":"instock","14":"taxable","15":"shipping-taxable","16":"purchasable","17":"product-type-variable","18":"has-default-attributes"},"acf":[],"yoast_head":"<!-- This site is optimized with the Yoast SEO plugin v27.5 - https:\/\/yoast.com\/product\/yoast-seo-wordpress\/ -->\n<title>Aceite esencial de Ylang (Cananga Odorata): propiedades y usos<\/title>\n<meta name=\"description\" content=\"El aceite esencial de Ylang (Cananga Odorata) se destila al vapor en las Comoras mediante un alambique que funciona con energ\u00eda solar.\" \/>\n<meta name=\"robots\" content=\"index, follow, max-snippet:-1, max-image-preview:large, max-video-preview:-1\" \/>\n<link rel=\"canonical\" href=\"https:\/\/www.lesourceur.com\/es\/produit\/ae-ylang\/\" \/>\n<meta property=\"og:locale\" content=\"es_ES\" \/>\n<meta property=\"og:type\" content=\"article\" \/>\n<meta property=\"og:title\" content=\"Aceite esencial de Ylang (Cananga Odorata): propiedades y usos\" \/>\n<meta property=\"og:description\" content=\"El aceite esencial de Ylang (Cananga Odorata) se destila al vapor en las Comoras mediante un alambique que funciona con energ\u00eda solar.\" \/>\n<meta property=\"og:url\" content=\"https:\/\/www.lesourceur.com\/es\/produit\/ae-ylang\/\" \/>\n<meta property=\"og:site_name\" content=\"Le sourceur\" \/>\n<meta property=\"article:modified_time\" content=\"2025-10-01T11:33:10+00:00\" \/>\n<meta property=\"og:image\" content=\"https:\/\/www.lesourceur.com\/wp-content\/uploads\/2024\/04\/ylang-extra-matiere-png.webp\" \/>\n\t<meta property=\"og:image:width\" content=\"600\" \/>\n\t<meta property=\"og:image:height\" content=\"805\" \/>\n\t<meta property=\"og:image:type\" content=\"image\/webp\" \/>\n<meta name=\"twitter:card\" content=\"summary_large_image\" \/>\n<meta name=\"twitter:label1\" content=\"Tiempo de lectura\" \/>\n\t<meta name=\"twitter:data1\" content=\"1 minuto\" \/>\n<script type=\"application\/ld+json\" class=\"yoast-schema-graph\">{\"@context\":\"https:\\\/\\\/schema.org\",\"@graph\":[{\"@type\":\"WebPage\",\"@id\":\"https:\\\/\\\/www.lesourceur.com\\\/es\\\/produit\\\/ae-ylang\\\/\",\"url\":\"https:\\\/\\\/www.lesourceur.com\\\/es\\\/produit\\\/ae-ylang\\\/\",\"name\":\"Aceite esencial de Ylang (Cananga Odorata): propiedades y usos\",\"isPartOf\":{\"@id\":\"https:\\\/\\\/www.lesourceur.com\\\/#website\"},\"primaryImageOfPage\":{\"@id\":\"https:\\\/\\\/www.lesourceur.com\\\/es\\\/produit\\\/ae-ylang\\\/#primaryimage\"},\"image\":{\"@id\":\"https:\\\/\\\/www.lesourceur.com\\\/es\\\/produit\\\/ae-ylang\\\/#primaryimage\"},\"thumbnailUrl\":\"https:\\\/\\\/www.lesourceur.com\\\/wp-content\\\/uploads\\\/2024\\\/04\\\/ylang-extra-matiere-png.webp\",\"datePublished\":\"2024-04-08T13:50:31+00:00\",\"dateModified\":\"2025-10-01T11:33:10+00:00\",\"description\":\"El aceite esencial de Ylang (Cananga Odorata) se destila al vapor en las Comoras mediante un alambique que funciona con energ\u00eda solar.\",\"breadcrumb\":{\"@id\":\"https:\\\/\\\/www.lesourceur.com\\\/es\\\/produit\\\/ae-ylang\\\/#breadcrumb\"},\"inLanguage\":\"es\",\"potentialAction\":[{\"@type\":\"ReadAction\",\"target\":[\"https:\\\/\\\/www.lesourceur.com\\\/es\\\/produit\\\/ae-ylang\\\/\"]}]},{\"@type\":\"ImageObject\",\"inLanguage\":\"es\",\"@id\":\"https:\\\/\\\/www.lesourceur.com\\\/es\\\/produit\\\/ae-ylang\\\/#primaryimage\",\"url\":\"https:\\\/\\\/www.lesourceur.com\\\/wp-content\\\/uploads\\\/2024\\\/04\\\/ylang-extra-matiere-png.webp\",\"contentUrl\":\"https:\\\/\\\/www.lesourceur.com\\\/wp-content\\\/uploads\\\/2024\\\/04\\\/ylang-extra-matiere-png.webp\",\"width\":600,\"height\":805,\"caption\":\"Ylang-Extra-Matiere.png\"},{\"@type\":\"BreadcrumbList\",\"@id\":\"https:\\\/\\\/www.lesourceur.com\\\/es\\\/produit\\\/ae-ylang\\\/#breadcrumb\",\"itemListElement\":[{\"@type\":\"ListItem\",\"position\":1,\"name\":\"Accueil\",\"item\":\"https:\\\/\\\/www.lesourceur.com\\\/es\\\/inicio\\\/\"},{\"@type\":\"ListItem\",\"position\":2,\"name\":\"La tienda\",\"item\":\"https:\\\/\\\/www.lesourceur.com\\\/es\\\/la-tienda\\\/\"},{\"@type\":\"ListItem\",\"position\":3,\"name\":\"Ylang Ylang\"}]},{\"@type\":\"WebSite\",\"@id\":\"https:\\\/\\\/www.lesourceur.com\\\/#website\",\"url\":\"https:\\\/\\\/www.lesourceur.com\\\/\",\"name\":\"Le sourceur\",\"description\":\"\",\"potentialAction\":[{\"@type\":\"SearchAction\",\"target\":{\"@type\":\"EntryPoint\",\"urlTemplate\":\"https:\\\/\\\/www.lesourceur.com\\\/?s={search_term_string}\"},\"query-input\":{\"@type\":\"PropertyValueSpecification\",\"valueRequired\":true,\"valueName\":\"search_term_string\"}}],\"inLanguage\":\"es\"}]}<\/script>\n<!-- \/ Yoast SEO plugin. -->","yoast_head_json":{"title":"Aceite esencial de Ylang (Cananga Odorata): propiedades y usos","description":"El aceite esencial de Ylang (Cananga Odorata) se destila al vapor en las Comoras mediante un alambique que funciona con energ\u00eda solar.","robots":{"index":"index","follow":"follow","max-snippet":"max-snippet:-1","max-image-preview":"max-image-preview:large","max-video-preview":"max-video-preview:-1"},"canonical":"https:\/\/www.lesourceur.com\/es\/produit\/ae-ylang\/","og_locale":"es_ES","og_type":"article","og_title":"Aceite esencial de Ylang (Cananga Odorata): propiedades y usos","og_description":"El aceite esencial de Ylang (Cananga Odorata) se destila al vapor en las Comoras mediante un alambique que funciona con energ\u00eda solar.","og_url":"https:\/\/www.lesourceur.com\/es\/produit\/ae-ylang\/","og_site_name":"Le sourceur","article_modified_time":"2025-10-01T11:33:10+00:00","og_image":[{"width":600,"height":805,"url":"https:\/\/www.lesourceur.com\/wp-content\/uploads\/2024\/04\/ylang-extra-matiere-png.webp","type":"image\/webp"}],"twitter_card":"summary_large_image","twitter_misc":{"Tiempo de lectura":"1 minuto"},"schema":{"@context":"https:\/\/schema.org","@graph":[{"@type":"WebPage","@id":"https:\/\/www.lesourceur.com\/es\/produit\/ae-ylang\/","url":"https:\/\/www.lesourceur.com\/es\/produit\/ae-ylang\/","name":"Aceite esencial de Ylang (Cananga Odorata): propiedades y usos","isPartOf":{"@id":"https:\/\/www.lesourceur.com\/#website"},"primaryImageOfPage":{"@id":"https:\/\/www.lesourceur.com\/es\/produit\/ae-ylang\/#primaryimage"},"image":{"@id":"https:\/\/www.lesourceur.com\/es\/produit\/ae-ylang\/#primaryimage"},"thumbnailUrl":"https:\/\/www.lesourceur.com\/wp-content\/uploads\/2024\/04\/ylang-extra-matiere-png.webp","datePublished":"2024-04-08T13:50:31+00:00","dateModified":"2025-10-01T11:33:10+00:00","description":"El aceite esencial de Ylang (Cananga Odorata) se destila al vapor en las Comoras mediante un alambique que funciona con energ\u00eda solar.","breadcrumb":{"@id":"https:\/\/www.lesourceur.com\/es\/produit\/ae-ylang\/#breadcrumb"},"inLanguage":"es","potentialAction":[{"@type":"ReadAction","target":["https:\/\/www.lesourceur.com\/es\/produit\/ae-ylang\/"]}]},{"@type":"ImageObject","inLanguage":"es","@id":"https:\/\/www.lesourceur.com\/es\/produit\/ae-ylang\/#primaryimage","url":"https:\/\/www.lesourceur.com\/wp-content\/uploads\/2024\/04\/ylang-extra-matiere-png.webp","contentUrl":"https:\/\/www.lesourceur.com\/wp-content\/uploads\/2024\/04\/ylang-extra-matiere-png.webp","width":600,"height":805,"caption":"Ylang-Extra-Matiere.png"},{"@type":"BreadcrumbList","@id":"https:\/\/www.lesourceur.com\/es\/produit\/ae-ylang\/#breadcrumb","itemListElement":[{"@type":"ListItem","position":1,"name":"Accueil","item":"https:\/\/www.lesourceur.com\/es\/inicio\/"},{"@type":"ListItem","position":2,"name":"La tienda","item":"https:\/\/www.lesourceur.com\/es\/la-tienda\/"},{"@type":"ListItem","position":3,"name":"Ylang Ylang"}]},{"@type":"WebSite","@id":"https:\/\/www.lesourceur.com\/#website","url":"https:\/\/www.lesourceur.com\/","name":"Le sourceur","description":"","potentialAction":[{"@type":"SearchAction","target":{"@type":"EntryPoint","urlTemplate":"https:\/\/www.lesourceur.com\/?s={search_term_string}"},"query-input":{"@type":"PropertyValueSpecification","valueRequired":true,"valueName":"search_term_string"}}],"inLanguage":"es"}]}},"_links":{"self":[{"href":"https:\/\/www.lesourceur.com\/es\/wp-json\/wp\/v2\/product\/13300","targetHints":{"allow":["GET"]}}],"collection":[{"href":"https:\/\/www.lesourceur.com\/es\/wp-json\/wp\/v2\/product"}],"about":[{"href":"https:\/\/www.lesourceur.com\/es\/wp-json\/wp\/v2\/types\/product"}],"version-history":[{"count":3,"href":"https:\/\/www.lesourceur.com\/es\/wp-json\/wp\/v2\/product\/13300\/revisions"}],"predecessor-version":[{"id":14416,"href":"https:\/\/www.lesourceur.com\/es\/wp-json\/wp\/v2\/product\/13300\/revisions\/14416"}],"wp:featuredmedia":[{"embeddable":true,"href":"https:\/\/www.lesourceur.com\/es\/wp-json\/wp\/v2\/media\/13301"}],"wp:attachment":[{"href":"https:\/\/www.lesourceur.com\/es\/wp-json\/wp\/v2\/media?parent=13300"}],"wp:term":[{"taxonomy":"intervenant","embeddable":true,"href":"https:\/\/www.lesourceur.com\/es\/wp-json\/wp\/v2\/intervenant?post=13300"},{"taxonomy":"lieu-de-latelier","embeddable":true,"href":"https:\/\/www.lesourceur.com\/es\/wp-json\/wp\/v2\/lieu-de-latelier?post=13300"},{"taxonomy":"product_brand","embeddable":true,"href":"https:\/\/www.lesourceur.com\/es\/wp-json\/wp\/v2\/product_brand?post=13300"},{"taxonomy":"product_cat","embeddable":true,"href":"https:\/\/www.lesourceur.com\/es\/wp-json\/wp\/v2\/product_cat?post=13300"},{"taxonomy":"product_tag","embeddable":true,"href":"https:\/\/www.lesourceur.com\/es\/wp-json\/wp\/v2\/product_tag?post=13300"}],"curies":[{"name":"wp","href":"https:\/\/api.w.org\/{rel}","templated":true}]}}