{"id":13306,"date":"2024-04-08T15:54:34","date_gmt":"2024-04-08T13:54:34","guid":{"rendered":"https:\/\/www.lesourceur.com\/produit\/cipres\/"},"modified":"2026-02-05T00:31:31","modified_gmt":"2026-02-04T23:31:31","slug":"ae-cipres","status":"publish","type":"product","link":"https:\/\/www.lesourceur.com\/es\/produit\/ae-cipres\/","title":{"rendered":"Cipres"},"content":{"rendered":"<p>El aceite esencial de cipr\u00e9s de Portugal (Cupressus Lusitanica) de Le Sourceur es 100 % puro y natural. Se obtiene mediante destilaci\u00f3n al vapor de las ramas frondosas del \u00e1rbol cultivado en Madagascar por la asociaci\u00f3n C\u0153ur de For\u00eat. Original y sorprendente, su fragancia es muy diferente a la de los cipreses cl\u00e1sicos. De una <strong>potencia inigualable<\/strong>, es a la vez <strong>c\u00edtrica, arom\u00e1tica y amaderada<\/strong>. Notas fabulosas que aportan un <strong>efecto verde y afrutado a las creaciones perfumadas<\/strong> o simplemente en difusi\u00f3n. No se lo pierda bajo ning\u00fan concepto.<\/p>\n<p>&nbsp;<\/p>\n<p>Por otra parte, el aceite esencial de cipr\u00e9s de Portugal ser\u00e1 un gran aliado en el d\u00eda a d\u00eda. <strong>Rico en monoterpenos<\/strong>, tiene numerosas propiedades: antis\u00e9pticas, antivirales y sedantes.<\/p>\n","protected":false},"excerpt":{"rendered":"<p>El aceite esencial de cipr\u00e9s de Portugal (Cupressus Lusitanica) de Le Sourceur es 100 % puro y natural. Se obtiene mediante destilaci\u00f3n al vapor de las ramas frondosas del \u00e1rbol cultivado en Madagascar por la asociaci\u00f3n C\u0153ur de For\u00eat. Original y sorprendente, su fragancia es muy diferente a la de los cipreses cl\u00e1sicos. De una [&hellip;]<\/p>\n","protected":false},"featured_media":13307,"template":"","meta":{"_acf_changed":false},"intervenant":[],"lieu-de-latelier":[],"product_brand":[],"product_cat":[198],"product_tag":[210],"class_list":{"0":"post-13306","1":"product","2":"type-product","3":"status-publish","4":"has-post-thumbnail","6":"product_cat-aceite-esencial","7":"product_tag-aromaticos","8":"pa_contenance-10-ml-es","9":"pa_contenance-30-ml-es","10":"pa_contenance-5-ml-es","12":"first","13":"instock","14":"taxable","15":"shipping-taxable","16":"purchasable","17":"product-type-variable","18":"has-default-attributes"},"acf":[],"yoast_head":"<!-- This site is optimized with the Yoast SEO plugin v27.3 - https:\/\/yoast.com\/product\/yoast-seo-wordpress\/ -->\n<title>Aceite esencial de cipr\u00e9s (Cupressus Lusitanica): olor y usos<\/title>\n<meta name=\"description\" content=\"El aceite esencial de cipr\u00e9s de Portugal (Cupressus Lusitanica) se obtiene de sus ramitas mediante destilaci\u00f3n al vapor. Su fragancia es verde y afrutada.\" \/>\n<meta name=\"robots\" content=\"index, follow, max-snippet:-1, max-image-preview:large, max-video-preview:-1\" \/>\n<link rel=\"canonical\" href=\"https:\/\/www.lesourceur.com\/es\/produit\/ae-cipres\/\" \/>\n<meta property=\"og:locale\" content=\"es_ES\" \/>\n<meta property=\"og:type\" content=\"article\" \/>\n<meta property=\"og:title\" content=\"Aceite esencial de cipr\u00e9s (Cupressus Lusitanica): olor y usos\" \/>\n<meta property=\"og:description\" content=\"El aceite esencial de cipr\u00e9s de Portugal (Cupressus Lusitanica) se obtiene de sus ramitas mediante destilaci\u00f3n al vapor. Su fragancia es verde y afrutada.\" \/>\n<meta property=\"og:url\" content=\"https:\/\/www.lesourceur.com\/es\/produit\/ae-cipres\/\" \/>\n<meta property=\"og:site_name\" content=\"Le sourceur\" \/>\n<meta property=\"article:modified_time\" content=\"2026-02-04T23:31:31+00:00\" \/>\n<meta property=\"og:image\" content=\"https:\/\/www.lesourceur.com\/wp-content\/uploads\/2024\/04\/cypres-matiere-png.webp\" \/>\n\t<meta property=\"og:image:width\" content=\"600\" \/>\n\t<meta property=\"og:image:height\" content=\"805\" \/>\n\t<meta property=\"og:image:type\" content=\"image\/webp\" \/>\n<meta name=\"twitter:card\" content=\"summary_large_image\" \/>\n<meta name=\"twitter:label1\" content=\"Tiempo de lectura\" \/>\n\t<meta name=\"twitter:data1\" content=\"1 minuto\" \/>\n<script type=\"application\/ld+json\" class=\"yoast-schema-graph\">{\"@context\":\"https:\\\/\\\/schema.org\",\"@graph\":[{\"@type\":\"WebPage\",\"@id\":\"https:\\\/\\\/www.lesourceur.com\\\/es\\\/produit\\\/ae-cipres\\\/\",\"url\":\"https:\\\/\\\/www.lesourceur.com\\\/es\\\/produit\\\/ae-cipres\\\/\",\"name\":\"Aceite esencial de cipr\u00e9s (Cupressus Lusitanica): olor y usos\",\"isPartOf\":{\"@id\":\"https:\\\/\\\/www.lesourceur.com\\\/#website\"},\"primaryImageOfPage\":{\"@id\":\"https:\\\/\\\/www.lesourceur.com\\\/es\\\/produit\\\/ae-cipres\\\/#primaryimage\"},\"image\":{\"@id\":\"https:\\\/\\\/www.lesourceur.com\\\/es\\\/produit\\\/ae-cipres\\\/#primaryimage\"},\"thumbnailUrl\":\"https:\\\/\\\/www.lesourceur.com\\\/wp-content\\\/uploads\\\/2024\\\/04\\\/cypres-matiere-png.webp\",\"datePublished\":\"2024-04-08T13:54:34+00:00\",\"dateModified\":\"2026-02-04T23:31:31+00:00\",\"description\":\"El aceite esencial de cipr\u00e9s de Portugal (Cupressus Lusitanica) se obtiene de sus ramitas mediante destilaci\u00f3n al vapor. Su fragancia es verde y afrutada.\",\"breadcrumb\":{\"@id\":\"https:\\\/\\\/www.lesourceur.com\\\/es\\\/produit\\\/ae-cipres\\\/#breadcrumb\"},\"inLanguage\":\"es\",\"potentialAction\":[{\"@type\":\"ReadAction\",\"target\":[\"https:\\\/\\\/www.lesourceur.com\\\/es\\\/produit\\\/ae-cipres\\\/\"]}]},{\"@type\":\"ImageObject\",\"inLanguage\":\"es\",\"@id\":\"https:\\\/\\\/www.lesourceur.com\\\/es\\\/produit\\\/ae-cipres\\\/#primaryimage\",\"url\":\"https:\\\/\\\/www.lesourceur.com\\\/wp-content\\\/uploads\\\/2024\\\/04\\\/cypres-matiere-png.webp\",\"contentUrl\":\"https:\\\/\\\/www.lesourceur.com\\\/wp-content\\\/uploads\\\/2024\\\/04\\\/cypres-matiere-png.webp\",\"width\":600,\"height\":805,\"caption\":\"Cypres-Matiere.png\"},{\"@type\":\"BreadcrumbList\",\"@id\":\"https:\\\/\\\/www.lesourceur.com\\\/es\\\/produit\\\/ae-cipres\\\/#breadcrumb\",\"itemListElement\":[{\"@type\":\"ListItem\",\"position\":1,\"name\":\"Accueil\",\"item\":\"https:\\\/\\\/www.lesourceur.com\\\/es\\\/inicio\\\/\"},{\"@type\":\"ListItem\",\"position\":2,\"name\":\"La tienda\",\"item\":\"https:\\\/\\\/www.lesourceur.com\\\/es\\\/la-tienda\\\/\"},{\"@type\":\"ListItem\",\"position\":3,\"name\":\"Cipres\"}]},{\"@type\":\"WebSite\",\"@id\":\"https:\\\/\\\/www.lesourceur.com\\\/#website\",\"url\":\"https:\\\/\\\/www.lesourceur.com\\\/\",\"name\":\"Le sourceur\",\"description\":\"\",\"potentialAction\":[{\"@type\":\"SearchAction\",\"target\":{\"@type\":\"EntryPoint\",\"urlTemplate\":\"https:\\\/\\\/www.lesourceur.com\\\/?s={search_term_string}\"},\"query-input\":{\"@type\":\"PropertyValueSpecification\",\"valueRequired\":true,\"valueName\":\"search_term_string\"}}],\"inLanguage\":\"es\"}]}<\/script>\n<!-- \/ Yoast SEO plugin. -->","yoast_head_json":{"title":"Aceite esencial de cipr\u00e9s (Cupressus Lusitanica): olor y usos","description":"El aceite esencial de cipr\u00e9s de Portugal (Cupressus Lusitanica) se obtiene de sus ramitas mediante destilaci\u00f3n al vapor. Su fragancia es verde y afrutada.","robots":{"index":"index","follow":"follow","max-snippet":"max-snippet:-1","max-image-preview":"max-image-preview:large","max-video-preview":"max-video-preview:-1"},"canonical":"https:\/\/www.lesourceur.com\/es\/produit\/ae-cipres\/","og_locale":"es_ES","og_type":"article","og_title":"Aceite esencial de cipr\u00e9s (Cupressus Lusitanica): olor y usos","og_description":"El aceite esencial de cipr\u00e9s de Portugal (Cupressus Lusitanica) se obtiene de sus ramitas mediante destilaci\u00f3n al vapor. Su fragancia es verde y afrutada.","og_url":"https:\/\/www.lesourceur.com\/es\/produit\/ae-cipres\/","og_site_name":"Le sourceur","article_modified_time":"2026-02-04T23:31:31+00:00","og_image":[{"width":600,"height":805,"url":"https:\/\/www.lesourceur.com\/wp-content\/uploads\/2024\/04\/cypres-matiere-png.webp","type":"image\/webp"}],"twitter_card":"summary_large_image","twitter_misc":{"Tiempo de lectura":"1 minuto"},"schema":{"@context":"https:\/\/schema.org","@graph":[{"@type":"WebPage","@id":"https:\/\/www.lesourceur.com\/es\/produit\/ae-cipres\/","url":"https:\/\/www.lesourceur.com\/es\/produit\/ae-cipres\/","name":"Aceite esencial de cipr\u00e9s (Cupressus Lusitanica): olor y usos","isPartOf":{"@id":"https:\/\/www.lesourceur.com\/#website"},"primaryImageOfPage":{"@id":"https:\/\/www.lesourceur.com\/es\/produit\/ae-cipres\/#primaryimage"},"image":{"@id":"https:\/\/www.lesourceur.com\/es\/produit\/ae-cipres\/#primaryimage"},"thumbnailUrl":"https:\/\/www.lesourceur.com\/wp-content\/uploads\/2024\/04\/cypres-matiere-png.webp","datePublished":"2024-04-08T13:54:34+00:00","dateModified":"2026-02-04T23:31:31+00:00","description":"El aceite esencial de cipr\u00e9s de Portugal (Cupressus Lusitanica) se obtiene de sus ramitas mediante destilaci\u00f3n al vapor. Su fragancia es verde y afrutada.","breadcrumb":{"@id":"https:\/\/www.lesourceur.com\/es\/produit\/ae-cipres\/#breadcrumb"},"inLanguage":"es","potentialAction":[{"@type":"ReadAction","target":["https:\/\/www.lesourceur.com\/es\/produit\/ae-cipres\/"]}]},{"@type":"ImageObject","inLanguage":"es","@id":"https:\/\/www.lesourceur.com\/es\/produit\/ae-cipres\/#primaryimage","url":"https:\/\/www.lesourceur.com\/wp-content\/uploads\/2024\/04\/cypres-matiere-png.webp","contentUrl":"https:\/\/www.lesourceur.com\/wp-content\/uploads\/2024\/04\/cypres-matiere-png.webp","width":600,"height":805,"caption":"Cypres-Matiere.png"},{"@type":"BreadcrumbList","@id":"https:\/\/www.lesourceur.com\/es\/produit\/ae-cipres\/#breadcrumb","itemListElement":[{"@type":"ListItem","position":1,"name":"Accueil","item":"https:\/\/www.lesourceur.com\/es\/inicio\/"},{"@type":"ListItem","position":2,"name":"La tienda","item":"https:\/\/www.lesourceur.com\/es\/la-tienda\/"},{"@type":"ListItem","position":3,"name":"Cipres"}]},{"@type":"WebSite","@id":"https:\/\/www.lesourceur.com\/#website","url":"https:\/\/www.lesourceur.com\/","name":"Le sourceur","description":"","potentialAction":[{"@type":"SearchAction","target":{"@type":"EntryPoint","urlTemplate":"https:\/\/www.lesourceur.com\/?s={search_term_string}"},"query-input":{"@type":"PropertyValueSpecification","valueRequired":true,"valueName":"search_term_string"}}],"inLanguage":"es"}]}},"_links":{"self":[{"href":"https:\/\/www.lesourceur.com\/es\/wp-json\/wp\/v2\/product\/13306","targetHints":{"allow":["GET"]}}],"collection":[{"href":"https:\/\/www.lesourceur.com\/es\/wp-json\/wp\/v2\/product"}],"about":[{"href":"https:\/\/www.lesourceur.com\/es\/wp-json\/wp\/v2\/types\/product"}],"version-history":[{"count":2,"href":"https:\/\/www.lesourceur.com\/es\/wp-json\/wp\/v2\/product\/13306\/revisions"}],"predecessor-version":[{"id":14412,"href":"https:\/\/www.lesourceur.com\/es\/wp-json\/wp\/v2\/product\/13306\/revisions\/14412"}],"wp:featuredmedia":[{"embeddable":true,"href":"https:\/\/www.lesourceur.com\/es\/wp-json\/wp\/v2\/media\/13307"}],"wp:attachment":[{"href":"https:\/\/www.lesourceur.com\/es\/wp-json\/wp\/v2\/media?parent=13306"}],"wp:term":[{"taxonomy":"intervenant","embeddable":true,"href":"https:\/\/www.lesourceur.com\/es\/wp-json\/wp\/v2\/intervenant?post=13306"},{"taxonomy":"lieu-de-latelier","embeddable":true,"href":"https:\/\/www.lesourceur.com\/es\/wp-json\/wp\/v2\/lieu-de-latelier?post=13306"},{"taxonomy":"product_brand","embeddable":true,"href":"https:\/\/www.lesourceur.com\/es\/wp-json\/wp\/v2\/product_brand?post=13306"},{"taxonomy":"product_cat","embeddable":true,"href":"https:\/\/www.lesourceur.com\/es\/wp-json\/wp\/v2\/product_cat?post=13306"},{"taxonomy":"product_tag","embeddable":true,"href":"https:\/\/www.lesourceur.com\/es\/wp-json\/wp\/v2\/product_tag?post=13306"}],"curies":[{"name":"wp","href":"https:\/\/api.w.org\/{rel}","templated":true}]}}