{"id":13313,"date":"2024-04-08T16:03:16","date_gmt":"2024-04-08T14:03:16","guid":{"rendered":"https:\/\/www.lesourceur.com\/produit\/hierba-limon\/"},"modified":"2026-02-05T00:31:30","modified_gmt":"2026-02-04T23:31:30","slug":"ae-hierba-limon","status":"publish","type":"product","link":"https:\/\/www.lesourceur.com\/es\/produit\/ae-hierba-limon\/","title":{"rendered":"hierba limon"},"content":{"rendered":"<p>El aceite esencial de limoncillo (Cymbopogon Citratus), tambi\u00e9n conocido como verbena india, es 100 % puro y natural. Se obtiene mediante la destilaci\u00f3n de las hojas de la planta, procedente de Indonesia, por la asociaci\u00f3n C\u0153ur de For\u00eat.<\/p>\n<p>&nbsp;<\/p>\n<p><strong>Gran cl\u00e1sico de la perfumer\u00eda, su aroma es fresco y c\u00edtrico, pero tambi\u00e9n arom\u00e1tico y especiado<\/strong>. Un extracto fabuloso que se utiliza principalmente como aglutinante en composiciones arom\u00e1ticas. Pero no solo eso, ya que el bulbo de la citronela es un agente arom\u00e1tico b\u00e1sico en los platos indonesios. Y sus numerosas propiedades hacen que su aceite esencial sea un producto muy utilizado en medicina natural, especialmente por <strong>sus propiedades antiinfecciosas y antiinflamatorias.<\/strong><\/p>\n","protected":false},"excerpt":{"rendered":"<p>El aceite esencial de limoncillo (Cymbopogon Citratus), tambi\u00e9n conocido como verbena india, es 100 % puro y natural. Se obtiene mediante la destilaci\u00f3n de las hojas de la planta, procedente de Indonesia, por la asociaci\u00f3n C\u0153ur de For\u00eat. &nbsp; Gran cl\u00e1sico de la perfumer\u00eda, su aroma es fresco y c\u00edtrico, pero tambi\u00e9n arom\u00e1tico y especiado. [&hellip;]<\/p>\n","protected":false},"featured_media":13314,"template":"","meta":{"_acf_changed":false},"intervenant":[],"lieu-de-latelier":[],"product_brand":[],"product_cat":[198],"product_tag":[199],"class_list":{"0":"post-13313","1":"product","2":"type-product","3":"status-publish","4":"has-post-thumbnail","6":"product_cat-aceite-esencial","7":"product_tag-citricas","8":"pa_contenance-10-ml-es","9":"pa_contenance-30-ml-es","10":"pa_contenance-5-ml-es","12":"first","13":"instock","14":"taxable","15":"shipping-taxable","16":"purchasable","17":"product-type-variable","18":"has-default-attributes"},"acf":[],"yoast_head":"<!-- This site is optimized with the Yoast SEO plugin v27.2 - https:\/\/yoast.com\/product\/yoast-seo-wordpress\/ -->\n<title>Aceite esencial de Hierba lim\u00f3n (Cymbopogon Citratus): olor y usos<\/title>\n<meta name=\"description\" content=\"El aceite esencial de Hierba lim\u00f3n (Cymbopogon Citratus) se obtiene mediante destilaci\u00f3n al vapor de las hojas de la planta, procedente de Indonesia.\" \/>\n<meta name=\"robots\" content=\"index, follow, max-snippet:-1, max-image-preview:large, max-video-preview:-1\" \/>\n<link rel=\"canonical\" href=\"https:\/\/www.lesourceur.com\/es\/produit\/ae-hierba-limon\/\" \/>\n<meta property=\"og:locale\" content=\"es_ES\" \/>\n<meta property=\"og:type\" content=\"article\" \/>\n<meta property=\"og:title\" content=\"Aceite esencial de Hierba lim\u00f3n (Cymbopogon Citratus): olor y usos\" \/>\n<meta property=\"og:description\" content=\"El aceite esencial de Hierba lim\u00f3n (Cymbopogon Citratus) se obtiene mediante destilaci\u00f3n al vapor de las hojas de la planta, procedente de Indonesia.\" \/>\n<meta property=\"og:url\" content=\"https:\/\/www.lesourceur.com\/es\/produit\/ae-hierba-limon\/\" \/>\n<meta property=\"og:site_name\" content=\"Le sourceur\" \/>\n<meta property=\"article:modified_time\" content=\"2026-02-04T23:31:30+00:00\" \/>\n<meta property=\"og:image\" content=\"https:\/\/www.lesourceur.com\/wp-content\/uploads\/2024\/04\/lemongrass-matiere-png.webp\" \/>\n\t<meta property=\"og:image:width\" content=\"600\" \/>\n\t<meta property=\"og:image:height\" content=\"805\" \/>\n\t<meta property=\"og:image:type\" content=\"image\/webp\" \/>\n<meta name=\"twitter:card\" content=\"summary_large_image\" \/>\n<meta name=\"twitter:label1\" content=\"Tiempo de lectura\" \/>\n\t<meta name=\"twitter:data1\" content=\"1 minuto\" \/>\n<script type=\"application\/ld+json\" class=\"yoast-schema-graph\">{\"@context\":\"https:\/\/schema.org\",\"@graph\":[{\"@type\":\"WebPage\",\"@id\":\"https:\/\/www.lesourceur.com\/es\/produit\/ae-hierba-limon\/\",\"url\":\"https:\/\/www.lesourceur.com\/es\/produit\/ae-hierba-limon\/\",\"name\":\"Aceite esencial de Hierba lim\u00f3n (Cymbopogon Citratus): olor y usos\",\"isPartOf\":{\"@id\":\"https:\/\/www.lesourceur.com\/#website\"},\"primaryImageOfPage\":{\"@id\":\"https:\/\/www.lesourceur.com\/es\/produit\/ae-hierba-limon\/#primaryimage\"},\"image\":{\"@id\":\"https:\/\/www.lesourceur.com\/es\/produit\/ae-hierba-limon\/#primaryimage\"},\"thumbnailUrl\":\"https:\/\/www.lesourceur.com\/wp-content\/uploads\/2024\/04\/lemongrass-matiere-png.webp\",\"datePublished\":\"2024-04-08T14:03:16+00:00\",\"dateModified\":\"2026-02-04T23:31:30+00:00\",\"description\":\"El aceite esencial de Hierba lim\u00f3n (Cymbopogon Citratus) se obtiene mediante destilaci\u00f3n al vapor de las hojas de la planta, procedente de Indonesia.\",\"breadcrumb\":{\"@id\":\"https:\/\/www.lesourceur.com\/es\/produit\/ae-hierba-limon\/#breadcrumb\"},\"inLanguage\":\"es\",\"potentialAction\":[{\"@type\":\"ReadAction\",\"target\":[\"https:\/\/www.lesourceur.com\/es\/produit\/ae-hierba-limon\/\"]}]},{\"@type\":\"ImageObject\",\"inLanguage\":\"es\",\"@id\":\"https:\/\/www.lesourceur.com\/es\/produit\/ae-hierba-limon\/#primaryimage\",\"url\":\"https:\/\/www.lesourceur.com\/wp-content\/uploads\/2024\/04\/lemongrass-matiere-png.webp\",\"contentUrl\":\"https:\/\/www.lesourceur.com\/wp-content\/uploads\/2024\/04\/lemongrass-matiere-png.webp\",\"width\":600,\"height\":805,\"caption\":\"Lemongrass-Matiere.png\"},{\"@type\":\"BreadcrumbList\",\"@id\":\"https:\/\/www.lesourceur.com\/es\/produit\/ae-hierba-limon\/#breadcrumb\",\"itemListElement\":[{\"@type\":\"ListItem\",\"position\":1,\"name\":\"Accueil\",\"item\":\"https:\/\/www.lesourceur.com\/es\/inicio\/\"},{\"@type\":\"ListItem\",\"position\":2,\"name\":\"La tienda\",\"item\":\"https:\/\/www.lesourceur.com\/es\/la-tienda\/\"},{\"@type\":\"ListItem\",\"position\":3,\"name\":\"hierba limon\"}]},{\"@type\":\"WebSite\",\"@id\":\"https:\/\/www.lesourceur.com\/#website\",\"url\":\"https:\/\/www.lesourceur.com\/\",\"name\":\"Le sourceur\",\"description\":\"\",\"potentialAction\":[{\"@type\":\"SearchAction\",\"target\":{\"@type\":\"EntryPoint\",\"urlTemplate\":\"https:\/\/www.lesourceur.com\/?s={search_term_string}\"},\"query-input\":{\"@type\":\"PropertyValueSpecification\",\"valueRequired\":true,\"valueName\":\"search_term_string\"}}],\"inLanguage\":\"es\"}]}<\/script>\n<!-- \/ Yoast SEO plugin. -->","yoast_head_json":{"title":"Aceite esencial de Hierba lim\u00f3n (Cymbopogon Citratus): olor y usos","description":"El aceite esencial de Hierba lim\u00f3n (Cymbopogon Citratus) se obtiene mediante destilaci\u00f3n al vapor de las hojas de la planta, procedente de Indonesia.","robots":{"index":"index","follow":"follow","max-snippet":"max-snippet:-1","max-image-preview":"max-image-preview:large","max-video-preview":"max-video-preview:-1"},"canonical":"https:\/\/www.lesourceur.com\/es\/produit\/ae-hierba-limon\/","og_locale":"es_ES","og_type":"article","og_title":"Aceite esencial de Hierba lim\u00f3n (Cymbopogon Citratus): olor y usos","og_description":"El aceite esencial de Hierba lim\u00f3n (Cymbopogon Citratus) se obtiene mediante destilaci\u00f3n al vapor de las hojas de la planta, procedente de Indonesia.","og_url":"https:\/\/www.lesourceur.com\/es\/produit\/ae-hierba-limon\/","og_site_name":"Le sourceur","article_modified_time":"2026-02-04T23:31:30+00:00","og_image":[{"width":600,"height":805,"url":"https:\/\/www.lesourceur.com\/wp-content\/uploads\/2024\/04\/lemongrass-matiere-png.webp","type":"image\/webp"}],"twitter_card":"summary_large_image","twitter_misc":{"Tiempo de lectura":"1 minuto"},"schema":{"@context":"https:\/\/schema.org","@graph":[{"@type":"WebPage","@id":"https:\/\/www.lesourceur.com\/es\/produit\/ae-hierba-limon\/","url":"https:\/\/www.lesourceur.com\/es\/produit\/ae-hierba-limon\/","name":"Aceite esencial de Hierba lim\u00f3n (Cymbopogon Citratus): olor y usos","isPartOf":{"@id":"https:\/\/www.lesourceur.com\/#website"},"primaryImageOfPage":{"@id":"https:\/\/www.lesourceur.com\/es\/produit\/ae-hierba-limon\/#primaryimage"},"image":{"@id":"https:\/\/www.lesourceur.com\/es\/produit\/ae-hierba-limon\/#primaryimage"},"thumbnailUrl":"https:\/\/www.lesourceur.com\/wp-content\/uploads\/2024\/04\/lemongrass-matiere-png.webp","datePublished":"2024-04-08T14:03:16+00:00","dateModified":"2026-02-04T23:31:30+00:00","description":"El aceite esencial de Hierba lim\u00f3n (Cymbopogon Citratus) se obtiene mediante destilaci\u00f3n al vapor de las hojas de la planta, procedente de Indonesia.","breadcrumb":{"@id":"https:\/\/www.lesourceur.com\/es\/produit\/ae-hierba-limon\/#breadcrumb"},"inLanguage":"es","potentialAction":[{"@type":"ReadAction","target":["https:\/\/www.lesourceur.com\/es\/produit\/ae-hierba-limon\/"]}]},{"@type":"ImageObject","inLanguage":"es","@id":"https:\/\/www.lesourceur.com\/es\/produit\/ae-hierba-limon\/#primaryimage","url":"https:\/\/www.lesourceur.com\/wp-content\/uploads\/2024\/04\/lemongrass-matiere-png.webp","contentUrl":"https:\/\/www.lesourceur.com\/wp-content\/uploads\/2024\/04\/lemongrass-matiere-png.webp","width":600,"height":805,"caption":"Lemongrass-Matiere.png"},{"@type":"BreadcrumbList","@id":"https:\/\/www.lesourceur.com\/es\/produit\/ae-hierba-limon\/#breadcrumb","itemListElement":[{"@type":"ListItem","position":1,"name":"Accueil","item":"https:\/\/www.lesourceur.com\/es\/inicio\/"},{"@type":"ListItem","position":2,"name":"La tienda","item":"https:\/\/www.lesourceur.com\/es\/la-tienda\/"},{"@type":"ListItem","position":3,"name":"hierba limon"}]},{"@type":"WebSite","@id":"https:\/\/www.lesourceur.com\/#website","url":"https:\/\/www.lesourceur.com\/","name":"Le sourceur","description":"","potentialAction":[{"@type":"SearchAction","target":{"@type":"EntryPoint","urlTemplate":"https:\/\/www.lesourceur.com\/?s={search_term_string}"},"query-input":{"@type":"PropertyValueSpecification","valueRequired":true,"valueName":"search_term_string"}}],"inLanguage":"es"}]}},"_links":{"self":[{"href":"https:\/\/www.lesourceur.com\/es\/wp-json\/wp\/v2\/product\/13313","targetHints":{"allow":["GET"]}}],"collection":[{"href":"https:\/\/www.lesourceur.com\/es\/wp-json\/wp\/v2\/product"}],"about":[{"href":"https:\/\/www.lesourceur.com\/es\/wp-json\/wp\/v2\/types\/product"}],"version-history":[{"count":3,"href":"https:\/\/www.lesourceur.com\/es\/wp-json\/wp\/v2\/product\/13313\/revisions"}],"predecessor-version":[{"id":14724,"href":"https:\/\/www.lesourceur.com\/es\/wp-json\/wp\/v2\/product\/13313\/revisions\/14724"}],"wp:featuredmedia":[{"embeddable":true,"href":"https:\/\/www.lesourceur.com\/es\/wp-json\/wp\/v2\/media\/13314"}],"wp:attachment":[{"href":"https:\/\/www.lesourceur.com\/es\/wp-json\/wp\/v2\/media?parent=13313"}],"wp:term":[{"taxonomy":"intervenant","embeddable":true,"href":"https:\/\/www.lesourceur.com\/es\/wp-json\/wp\/v2\/intervenant?post=13313"},{"taxonomy":"lieu-de-latelier","embeddable":true,"href":"https:\/\/www.lesourceur.com\/es\/wp-json\/wp\/v2\/lieu-de-latelier?post=13313"},{"taxonomy":"product_brand","embeddable":true,"href":"https:\/\/www.lesourceur.com\/es\/wp-json\/wp\/v2\/product_brand?post=13313"},{"taxonomy":"product_cat","embeddable":true,"href":"https:\/\/www.lesourceur.com\/es\/wp-json\/wp\/v2\/product_cat?post=13313"},{"taxonomy":"product_tag","embeddable":true,"href":"https:\/\/www.lesourceur.com\/es\/wp-json\/wp\/v2\/product_tag?post=13313"}],"curies":[{"name":"wp","href":"https:\/\/api.w.org\/{rel}","templated":true}]}}