{"id":13348,"date":"2024-04-09T11:38:12","date_gmt":"2024-04-09T09:38:12","guid":{"rendered":"https:\/\/www.lesourceur.com\/produit\/oud-negro\/"},"modified":"2026-03-23T10:30:47","modified_gmt":"2026-03-23T09:30:47","slug":"ae-oud-negro","status":"publish","type":"product","link":"https:\/\/www.lesourceur.com\/es\/produit\/ae-oud-negro\/","title":{"rendered":"Oud Negro"},"content":{"rendered":"<p>El aceite esencial de Oud Noir (Aetoxylon Sympetalum) se obtiene en Indonesia, concretamente en la isla de Borneo. Se obtiene mediante la destilaci\u00f3n al vapor de la madera de Aetoxylon. <strong>Esta \u00faltima proviene de una variedad de \u00e1rbol similar al agar, que forma parte de la familia de los Ouds<\/strong>. El Aetoxylon, una fragancia con car\u00e1cter, intriga por <strong>sus notas de cuero<\/strong>. Este aroma se intensifica a\u00fan m\u00e1s cuando se destila la materia prima para obtener el aceite esencial, pero conserva su dulzura, casi como si estuvi\u00e9ramos en una tienda de zapatos nuevos.<\/p>\n<p>&nbsp;<\/p>\n<p>Tradicionalmente, el aceite esencial de Oud Noir es \u00fatil para tratar <strong>problemas emocionales, nerviosos y psicol\u00f3gicos.<\/strong> Tiene la capacidad de inducir un estado meditativo profundo. Adem\u00e1s, es ampliamente reconocido por<strong> sus propiedades afrodis\u00edacas y para combatir el insomnio<\/strong>. \u00a1Un \u00abPeace &amp; Love\u00bb oriental!<\/p>\n","protected":false},"excerpt":{"rendered":"<p>El aceite esencial de Oud Noir (Aetoxylon Sympetalum) se obtiene en Indonesia, concretamente en la isla de Borneo. Se obtiene mediante la destilaci\u00f3n al vapor de la madera de Aetoxylon. Esta \u00faltima proviene de una variedad de \u00e1rbol similar al agar, que forma parte de la familia de los Ouds. El Aetoxylon, una fragancia con [&hellip;]<\/p>\n","protected":false},"featured_media":13349,"template":"","meta":{"_acf_changed":false},"intervenant":[],"lieu-de-latelier":[],"product_brand":[],"product_cat":[198,236],"product_tag":[209],"class_list":{"0":"post-13348","1":"product","2":"type-product","3":"status-publish","4":"has-post-thumbnail","6":"product_cat-aceite-esencial","7":"product_cat-ideas-para-regalos","8":"product_tag-amaderadas","9":"pa_contenance-10-ml-es","10":"pa_contenance-30-ml-es","11":"pa_contenance-5-ml-es","13":"first","14":"instock","15":"taxable","16":"shipping-taxable","17":"purchasable","18":"product-type-variable","19":"has-default-attributes"},"acf":[],"yoast_head":"<!-- This site is optimized with the Yoast SEO plugin v27.3 - https:\/\/yoast.com\/product\/yoast-seo-wordpress\/ -->\n<title>Aceite esencial de Oud Negro (Aetoxylon Sympetalum): propiedades<\/title>\n<meta name=\"description\" content=\"El aceite esencial de Oud Noir (Aetoxylon Sympetalum) es una variedad similar a la madera de agar que forma parte de la familia de los Ouds.\" \/>\n<meta name=\"robots\" content=\"index, follow, max-snippet:-1, max-image-preview:large, max-video-preview:-1\" \/>\n<link rel=\"canonical\" href=\"https:\/\/www.lesourceur.com\/es\/produit\/ae-oud-negro\/\" \/>\n<meta property=\"og:locale\" content=\"es_ES\" \/>\n<meta property=\"og:type\" content=\"article\" \/>\n<meta property=\"og:title\" content=\"Aceite esencial de Oud Negro (Aetoxylon Sympetalum): propiedades\" \/>\n<meta property=\"og:description\" content=\"El aceite esencial de Oud Noir (Aetoxylon Sympetalum) es una variedad similar a la madera de agar que forma parte de la familia de los Ouds.\" \/>\n<meta property=\"og:url\" content=\"https:\/\/www.lesourceur.com\/es\/produit\/ae-oud-negro\/\" \/>\n<meta property=\"og:site_name\" content=\"Le sourceur\" \/>\n<meta property=\"article:modified_time\" content=\"2026-03-23T09:30:47+00:00\" \/>\n<meta property=\"og:image\" content=\"https:\/\/www.lesourceur.com\/wp-content\/uploads\/2024\/04\/oud-noir-matiere-png.webp\" \/>\n\t<meta property=\"og:image:width\" content=\"600\" \/>\n\t<meta property=\"og:image:height\" content=\"805\" \/>\n\t<meta property=\"og:image:type\" content=\"image\/webp\" \/>\n<meta name=\"twitter:card\" content=\"summary_large_image\" \/>\n<meta name=\"twitter:label1\" content=\"Tiempo de lectura\" \/>\n\t<meta name=\"twitter:data1\" content=\"1 minuto\" \/>\n<script type=\"application\/ld+json\" class=\"yoast-schema-graph\">{\"@context\":\"https:\\\/\\\/schema.org\",\"@graph\":[{\"@type\":\"WebPage\",\"@id\":\"https:\\\/\\\/www.lesourceur.com\\\/es\\\/produit\\\/ae-oud-negro\\\/\",\"url\":\"https:\\\/\\\/www.lesourceur.com\\\/es\\\/produit\\\/ae-oud-negro\\\/\",\"name\":\"Aceite esencial de Oud Negro (Aetoxylon Sympetalum): propiedades\",\"isPartOf\":{\"@id\":\"https:\\\/\\\/www.lesourceur.com\\\/#website\"},\"primaryImageOfPage\":{\"@id\":\"https:\\\/\\\/www.lesourceur.com\\\/es\\\/produit\\\/ae-oud-negro\\\/#primaryimage\"},\"image\":{\"@id\":\"https:\\\/\\\/www.lesourceur.com\\\/es\\\/produit\\\/ae-oud-negro\\\/#primaryimage\"},\"thumbnailUrl\":\"https:\\\/\\\/www.lesourceur.com\\\/wp-content\\\/uploads\\\/2024\\\/04\\\/oud-noir-matiere-png.webp\",\"datePublished\":\"2024-04-09T09:38:12+00:00\",\"dateModified\":\"2026-03-23T09:30:47+00:00\",\"description\":\"El aceite esencial de Oud Noir (Aetoxylon Sympetalum) es una variedad similar a la madera de agar que forma parte de la familia de los Ouds.\",\"breadcrumb\":{\"@id\":\"https:\\\/\\\/www.lesourceur.com\\\/es\\\/produit\\\/ae-oud-negro\\\/#breadcrumb\"},\"inLanguage\":\"es\",\"potentialAction\":[{\"@type\":\"ReadAction\",\"target\":[\"https:\\\/\\\/www.lesourceur.com\\\/es\\\/produit\\\/ae-oud-negro\\\/\"]}]},{\"@type\":\"ImageObject\",\"inLanguage\":\"es\",\"@id\":\"https:\\\/\\\/www.lesourceur.com\\\/es\\\/produit\\\/ae-oud-negro\\\/#primaryimage\",\"url\":\"https:\\\/\\\/www.lesourceur.com\\\/wp-content\\\/uploads\\\/2024\\\/04\\\/oud-noir-matiere-png.webp\",\"contentUrl\":\"https:\\\/\\\/www.lesourceur.com\\\/wp-content\\\/uploads\\\/2024\\\/04\\\/oud-noir-matiere-png.webp\",\"width\":600,\"height\":805,\"caption\":\"Oud-Noir-Matiere.png\"},{\"@type\":\"BreadcrumbList\",\"@id\":\"https:\\\/\\\/www.lesourceur.com\\\/es\\\/produit\\\/ae-oud-negro\\\/#breadcrumb\",\"itemListElement\":[{\"@type\":\"ListItem\",\"position\":1,\"name\":\"Accueil\",\"item\":\"https:\\\/\\\/www.lesourceur.com\\\/es\\\/inicio\\\/\"},{\"@type\":\"ListItem\",\"position\":2,\"name\":\"La tienda\",\"item\":\"https:\\\/\\\/www.lesourceur.com\\\/es\\\/la-tienda\\\/\"},{\"@type\":\"ListItem\",\"position\":3,\"name\":\"Oud Negro\"}]},{\"@type\":\"WebSite\",\"@id\":\"https:\\\/\\\/www.lesourceur.com\\\/#website\",\"url\":\"https:\\\/\\\/www.lesourceur.com\\\/\",\"name\":\"Le sourceur\",\"description\":\"\",\"potentialAction\":[{\"@type\":\"SearchAction\",\"target\":{\"@type\":\"EntryPoint\",\"urlTemplate\":\"https:\\\/\\\/www.lesourceur.com\\\/?s={search_term_string}\"},\"query-input\":{\"@type\":\"PropertyValueSpecification\",\"valueRequired\":true,\"valueName\":\"search_term_string\"}}],\"inLanguage\":\"es\"}]}<\/script>\n<!-- \/ Yoast SEO plugin. -->","yoast_head_json":{"title":"Aceite esencial de Oud Negro (Aetoxylon Sympetalum): propiedades","description":"El aceite esencial de Oud Noir (Aetoxylon Sympetalum) es una variedad similar a la madera de agar que forma parte de la familia de los Ouds.","robots":{"index":"index","follow":"follow","max-snippet":"max-snippet:-1","max-image-preview":"max-image-preview:large","max-video-preview":"max-video-preview:-1"},"canonical":"https:\/\/www.lesourceur.com\/es\/produit\/ae-oud-negro\/","og_locale":"es_ES","og_type":"article","og_title":"Aceite esencial de Oud Negro (Aetoxylon Sympetalum): propiedades","og_description":"El aceite esencial de Oud Noir (Aetoxylon Sympetalum) es una variedad similar a la madera de agar que forma parte de la familia de los Ouds.","og_url":"https:\/\/www.lesourceur.com\/es\/produit\/ae-oud-negro\/","og_site_name":"Le sourceur","article_modified_time":"2026-03-23T09:30:47+00:00","og_image":[{"width":600,"height":805,"url":"https:\/\/www.lesourceur.com\/wp-content\/uploads\/2024\/04\/oud-noir-matiere-png.webp","type":"image\/webp"}],"twitter_card":"summary_large_image","twitter_misc":{"Tiempo de lectura":"1 minuto"},"schema":{"@context":"https:\/\/schema.org","@graph":[{"@type":"WebPage","@id":"https:\/\/www.lesourceur.com\/es\/produit\/ae-oud-negro\/","url":"https:\/\/www.lesourceur.com\/es\/produit\/ae-oud-negro\/","name":"Aceite esencial de Oud Negro (Aetoxylon Sympetalum): propiedades","isPartOf":{"@id":"https:\/\/www.lesourceur.com\/#website"},"primaryImageOfPage":{"@id":"https:\/\/www.lesourceur.com\/es\/produit\/ae-oud-negro\/#primaryimage"},"image":{"@id":"https:\/\/www.lesourceur.com\/es\/produit\/ae-oud-negro\/#primaryimage"},"thumbnailUrl":"https:\/\/www.lesourceur.com\/wp-content\/uploads\/2024\/04\/oud-noir-matiere-png.webp","datePublished":"2024-04-09T09:38:12+00:00","dateModified":"2026-03-23T09:30:47+00:00","description":"El aceite esencial de Oud Noir (Aetoxylon Sympetalum) es una variedad similar a la madera de agar que forma parte de la familia de los Ouds.","breadcrumb":{"@id":"https:\/\/www.lesourceur.com\/es\/produit\/ae-oud-negro\/#breadcrumb"},"inLanguage":"es","potentialAction":[{"@type":"ReadAction","target":["https:\/\/www.lesourceur.com\/es\/produit\/ae-oud-negro\/"]}]},{"@type":"ImageObject","inLanguage":"es","@id":"https:\/\/www.lesourceur.com\/es\/produit\/ae-oud-negro\/#primaryimage","url":"https:\/\/www.lesourceur.com\/wp-content\/uploads\/2024\/04\/oud-noir-matiere-png.webp","contentUrl":"https:\/\/www.lesourceur.com\/wp-content\/uploads\/2024\/04\/oud-noir-matiere-png.webp","width":600,"height":805,"caption":"Oud-Noir-Matiere.png"},{"@type":"BreadcrumbList","@id":"https:\/\/www.lesourceur.com\/es\/produit\/ae-oud-negro\/#breadcrumb","itemListElement":[{"@type":"ListItem","position":1,"name":"Accueil","item":"https:\/\/www.lesourceur.com\/es\/inicio\/"},{"@type":"ListItem","position":2,"name":"La tienda","item":"https:\/\/www.lesourceur.com\/es\/la-tienda\/"},{"@type":"ListItem","position":3,"name":"Oud Negro"}]},{"@type":"WebSite","@id":"https:\/\/www.lesourceur.com\/#website","url":"https:\/\/www.lesourceur.com\/","name":"Le sourceur","description":"","potentialAction":[{"@type":"SearchAction","target":{"@type":"EntryPoint","urlTemplate":"https:\/\/www.lesourceur.com\/?s={search_term_string}"},"query-input":{"@type":"PropertyValueSpecification","valueRequired":true,"valueName":"search_term_string"}}],"inLanguage":"es"}]}},"_links":{"self":[{"href":"https:\/\/www.lesourceur.com\/es\/wp-json\/wp\/v2\/product\/13348","targetHints":{"allow":["GET"]}}],"collection":[{"href":"https:\/\/www.lesourceur.com\/es\/wp-json\/wp\/v2\/product"}],"about":[{"href":"https:\/\/www.lesourceur.com\/es\/wp-json\/wp\/v2\/types\/product"}],"version-history":[{"count":5,"href":"https:\/\/www.lesourceur.com\/es\/wp-json\/wp\/v2\/product\/13348\/revisions"}],"predecessor-version":[{"id":14806,"href":"https:\/\/www.lesourceur.com\/es\/wp-json\/wp\/v2\/product\/13348\/revisions\/14806"}],"wp:featuredmedia":[{"embeddable":true,"href":"https:\/\/www.lesourceur.com\/es\/wp-json\/wp\/v2\/media\/13349"}],"wp:attachment":[{"href":"https:\/\/www.lesourceur.com\/es\/wp-json\/wp\/v2\/media?parent=13348"}],"wp:term":[{"taxonomy":"intervenant","embeddable":true,"href":"https:\/\/www.lesourceur.com\/es\/wp-json\/wp\/v2\/intervenant?post=13348"},{"taxonomy":"lieu-de-latelier","embeddable":true,"href":"https:\/\/www.lesourceur.com\/es\/wp-json\/wp\/v2\/lieu-de-latelier?post=13348"},{"taxonomy":"product_brand","embeddable":true,"href":"https:\/\/www.lesourceur.com\/es\/wp-json\/wp\/v2\/product_brand?post=13348"},{"taxonomy":"product_cat","embeddable":true,"href":"https:\/\/www.lesourceur.com\/es\/wp-json\/wp\/v2\/product_cat?post=13348"},{"taxonomy":"product_tag","embeddable":true,"href":"https:\/\/www.lesourceur.com\/es\/wp-json\/wp\/v2\/product_tag?post=13348"}],"curies":[{"name":"wp","href":"https:\/\/api.w.org\/{rel}","templated":true}]}}