{"id":16686,"date":"2026-05-05T14:12:51","date_gmt":"2026-05-05T12:12:51","guid":{"rendered":"https:\/\/www.lesourceur.com\/?post_type=product&#038;p=16686"},"modified":"2026-05-05T16:38:50","modified_gmt":"2026-05-05T14:38:50","slug":"jasmin-copie","status":"publish","type":"product","link":"https:\/\/www.lesourceur.com\/es\/produit\/jasmin-copie\/","title":{"rendered":"Jasmin (Copie)"},"content":{"rendered":"<p>El alcoholato de jazm\u00edn (Jasminum Grandiflorum) es un extracto obtenido mediante lavados en fr\u00edo de <strong>la concreta de jazm\u00edn elaborada a partir de flores recolectadas en la Indi<\/strong>a. Este antiguo m\u00e9todo, recuperado por nuestro jefe de abastecimiento, permite acercarse lo m\u00e1s posible al aroma original de la flor y reproducir todo su espectro olfativo. <\/p>\n<p>&nbsp;<\/p>\n<p><strong>Entre suavidad y frescura,<\/strong> este extracto es ideal para crear perfumes femeninos con car\u00e1cter o simplemente para realzar sus creaciones cosm\u00e9ticas. Pero, sobre todo, le sorprender\u00e1 con <strong>su irresistible fragancia afrutada, sedosa y deliciosa.<\/strong> <\/p>\n","protected":false},"excerpt":{"rendered":"<p>El alcoholato de jazm\u00edn (Jasminum Grandiflorum) es un extracto obtenido mediante lavados en fr\u00edo de la concreta de jazm\u00edn elaborada a partir de flores recolectadas en la India. Este antiguo m\u00e9todo, recuperado por nuestro jefe de abastecimiento, permite acercarse lo m\u00e1s posible al aroma original de la flor y reproducir todo su espectro olfativo. &nbsp; [&hellip;]<\/p>\n","protected":false},"featured_media":16691,"template":"","meta":{"_acf_changed":false},"intervenant":[],"lieu-de-latelier":[],"product_brand":[],"product_cat":[201],"product_tag":[206],"class_list":{"0":"post-16686","1":"product","2":"type-product","3":"status-publish","4":"has-post-thumbnail","6":"product_cat-alcoholato","7":"product_tag-florales-es","8":"pa_contenance-10-ml-es","9":"pa_contenance-30-ml-es","11":"first","12":"instock","13":"taxable","14":"shipping-taxable","15":"purchasable","16":"product-type-variable","17":"has-default-attributes"},"acf":[],"yoast_head":"<!-- This site is optimized with the Yoast SEO plugin v27.5 - https:\/\/yoast.com\/product\/yoast-seo-wordpress\/ -->\n<title>Alcoholato de jazm\u00edn (Jasminum Grandiflorum): usos y propiedades<\/title>\n<meta name=\"description\" content=\"El alcoholato de jazm\u00edn (Jasminum Grandiflorum) es una soluci\u00f3n alcoh\u00f3lica 100 % natural obtenida mediante la maceraci\u00f3n de la concreta de jazm\u00edn.\" \/>\n<meta name=\"robots\" content=\"index, follow, max-snippet:-1, max-image-preview:large, max-video-preview:-1\" \/>\n<link rel=\"canonical\" href=\"https:\/\/www.lesourceur.com\/es\/produit\/jasmin-copie\/\" \/>\n<meta property=\"og:locale\" content=\"es_ES\" \/>\n<meta property=\"og:type\" content=\"article\" \/>\n<meta property=\"og:title\" content=\"Alcoholato de jazm\u00edn (Jasminum Grandiflorum): usos y propiedades\" \/>\n<meta property=\"og:description\" content=\"El alcoholato de jazm\u00edn (Jasminum Grandiflorum) es una soluci\u00f3n alcoh\u00f3lica 100 % natural obtenida mediante la maceraci\u00f3n de la concreta de jazm\u00edn.\" \/>\n<meta property=\"og:url\" content=\"https:\/\/www.lesourceur.com\/es\/produit\/jasmin-copie\/\" \/>\n<meta property=\"og:site_name\" content=\"Le sourceur\" \/>\n<meta property=\"article:modified_time\" content=\"2026-05-05T14:38:50+00:00\" \/>\n<meta property=\"og:image\" content=\"https:\/\/www.lesourceur.com\/wp-content\/uploads\/2026\/05\/ginger-lily-lesourceur-produit.webp\" \/>\n\t<meta property=\"og:image:width\" content=\"600\" \/>\n\t<meta property=\"og:image:height\" content=\"805\" \/>\n\t<meta property=\"og:image:type\" content=\"image\/webp\" \/>\n<meta name=\"twitter:card\" content=\"summary_large_image\" \/>\n<meta name=\"twitter:label1\" content=\"Tiempo de lectura\" \/>\n\t<meta name=\"twitter:data1\" content=\"1 minuto\" \/>\n<script type=\"application\/ld+json\" class=\"yoast-schema-graph\">{\"@context\":\"https:\\\/\\\/schema.org\",\"@graph\":[{\"@type\":\"WebPage\",\"@id\":\"https:\\\/\\\/www.lesourceur.com\\\/es\\\/produit\\\/jasmin-copie\\\/\",\"url\":\"https:\\\/\\\/www.lesourceur.com\\\/es\\\/produit\\\/jasmin-copie\\\/\",\"name\":\"Alcoholato de jazm\u00edn (Jasminum Grandiflorum): usos y propiedades\",\"isPartOf\":{\"@id\":\"https:\\\/\\\/www.lesourceur.com\\\/#website\"},\"primaryImageOfPage\":{\"@id\":\"https:\\\/\\\/www.lesourceur.com\\\/es\\\/produit\\\/jasmin-copie\\\/#primaryimage\"},\"image\":{\"@id\":\"https:\\\/\\\/www.lesourceur.com\\\/es\\\/produit\\\/jasmin-copie\\\/#primaryimage\"},\"thumbnailUrl\":\"https:\\\/\\\/www.lesourceur.com\\\/wp-content\\\/uploads\\\/2026\\\/05\\\/ginger-lily-lesourceur-produit.webp\",\"datePublished\":\"2026-05-05T12:12:51+00:00\",\"dateModified\":\"2026-05-05T14:38:50+00:00\",\"description\":\"El alcoholato de jazm\u00edn (Jasminum Grandiflorum) es una soluci\u00f3n alcoh\u00f3lica 100 % natural obtenida mediante la maceraci\u00f3n de la concreta de jazm\u00edn.\",\"breadcrumb\":{\"@id\":\"https:\\\/\\\/www.lesourceur.com\\\/es\\\/produit\\\/jasmin-copie\\\/#breadcrumb\"},\"inLanguage\":\"es\",\"potentialAction\":[{\"@type\":\"ReadAction\",\"target\":[\"https:\\\/\\\/www.lesourceur.com\\\/es\\\/produit\\\/jasmin-copie\\\/\"]}]},{\"@type\":\"ImageObject\",\"inLanguage\":\"es\",\"@id\":\"https:\\\/\\\/www.lesourceur.com\\\/es\\\/produit\\\/jasmin-copie\\\/#primaryimage\",\"url\":\"https:\\\/\\\/www.lesourceur.com\\\/wp-content\\\/uploads\\\/2026\\\/05\\\/ginger-lily-lesourceur-produit.webp\",\"contentUrl\":\"https:\\\/\\\/www.lesourceur.com\\\/wp-content\\\/uploads\\\/2026\\\/05\\\/ginger-lily-lesourceur-produit.webp\",\"width\":600,\"height\":805},{\"@type\":\"BreadcrumbList\",\"@id\":\"https:\\\/\\\/www.lesourceur.com\\\/es\\\/produit\\\/jasmin-copie\\\/#breadcrumb\",\"itemListElement\":[{\"@type\":\"ListItem\",\"position\":1,\"name\":\"Accueil\",\"item\":\"https:\\\/\\\/www.lesourceur.com\\\/es\\\/inicio\\\/\"},{\"@type\":\"ListItem\",\"position\":2,\"name\":\"La tienda\",\"item\":\"https:\\\/\\\/www.lesourceur.com\\\/es\\\/la-tienda\\\/\"},{\"@type\":\"ListItem\",\"position\":3,\"name\":\"Jasmin (Copie)\"}]},{\"@type\":\"WebSite\",\"@id\":\"https:\\\/\\\/www.lesourceur.com\\\/#website\",\"url\":\"https:\\\/\\\/www.lesourceur.com\\\/\",\"name\":\"Le sourceur\",\"description\":\"\",\"potentialAction\":[{\"@type\":\"SearchAction\",\"target\":{\"@type\":\"EntryPoint\",\"urlTemplate\":\"https:\\\/\\\/www.lesourceur.com\\\/?s={search_term_string}\"},\"query-input\":{\"@type\":\"PropertyValueSpecification\",\"valueRequired\":true,\"valueName\":\"search_term_string\"}}],\"inLanguage\":\"es\"}]}<\/script>\n<!-- \/ Yoast SEO plugin. -->","yoast_head_json":{"title":"Alcoholato de jazm\u00edn (Jasminum Grandiflorum): usos y propiedades","description":"El alcoholato de jazm\u00edn (Jasminum Grandiflorum) es una soluci\u00f3n alcoh\u00f3lica 100 % natural obtenida mediante la maceraci\u00f3n de la concreta de jazm\u00edn.","robots":{"index":"index","follow":"follow","max-snippet":"max-snippet:-1","max-image-preview":"max-image-preview:large","max-video-preview":"max-video-preview:-1"},"canonical":"https:\/\/www.lesourceur.com\/es\/produit\/jasmin-copie\/","og_locale":"es_ES","og_type":"article","og_title":"Alcoholato de jazm\u00edn (Jasminum Grandiflorum): usos y propiedades","og_description":"El alcoholato de jazm\u00edn (Jasminum Grandiflorum) es una soluci\u00f3n alcoh\u00f3lica 100 % natural obtenida mediante la maceraci\u00f3n de la concreta de jazm\u00edn.","og_url":"https:\/\/www.lesourceur.com\/es\/produit\/jasmin-copie\/","og_site_name":"Le sourceur","article_modified_time":"2026-05-05T14:38:50+00:00","og_image":[{"width":600,"height":805,"url":"https:\/\/www.lesourceur.com\/wp-content\/uploads\/2026\/05\/ginger-lily-lesourceur-produit.webp","type":"image\/webp"}],"twitter_card":"summary_large_image","twitter_misc":{"Tiempo de lectura":"1 minuto"},"schema":{"@context":"https:\/\/schema.org","@graph":[{"@type":"WebPage","@id":"https:\/\/www.lesourceur.com\/es\/produit\/jasmin-copie\/","url":"https:\/\/www.lesourceur.com\/es\/produit\/jasmin-copie\/","name":"Alcoholato de jazm\u00edn (Jasminum Grandiflorum): usos y propiedades","isPartOf":{"@id":"https:\/\/www.lesourceur.com\/#website"},"primaryImageOfPage":{"@id":"https:\/\/www.lesourceur.com\/es\/produit\/jasmin-copie\/#primaryimage"},"image":{"@id":"https:\/\/www.lesourceur.com\/es\/produit\/jasmin-copie\/#primaryimage"},"thumbnailUrl":"https:\/\/www.lesourceur.com\/wp-content\/uploads\/2026\/05\/ginger-lily-lesourceur-produit.webp","datePublished":"2026-05-05T12:12:51+00:00","dateModified":"2026-05-05T14:38:50+00:00","description":"El alcoholato de jazm\u00edn (Jasminum Grandiflorum) es una soluci\u00f3n alcoh\u00f3lica 100 % natural obtenida mediante la maceraci\u00f3n de la concreta de jazm\u00edn.","breadcrumb":{"@id":"https:\/\/www.lesourceur.com\/es\/produit\/jasmin-copie\/#breadcrumb"},"inLanguage":"es","potentialAction":[{"@type":"ReadAction","target":["https:\/\/www.lesourceur.com\/es\/produit\/jasmin-copie\/"]}]},{"@type":"ImageObject","inLanguage":"es","@id":"https:\/\/www.lesourceur.com\/es\/produit\/jasmin-copie\/#primaryimage","url":"https:\/\/www.lesourceur.com\/wp-content\/uploads\/2026\/05\/ginger-lily-lesourceur-produit.webp","contentUrl":"https:\/\/www.lesourceur.com\/wp-content\/uploads\/2026\/05\/ginger-lily-lesourceur-produit.webp","width":600,"height":805},{"@type":"BreadcrumbList","@id":"https:\/\/www.lesourceur.com\/es\/produit\/jasmin-copie\/#breadcrumb","itemListElement":[{"@type":"ListItem","position":1,"name":"Accueil","item":"https:\/\/www.lesourceur.com\/es\/inicio\/"},{"@type":"ListItem","position":2,"name":"La tienda","item":"https:\/\/www.lesourceur.com\/es\/la-tienda\/"},{"@type":"ListItem","position":3,"name":"Jasmin (Copie)"}]},{"@type":"WebSite","@id":"https:\/\/www.lesourceur.com\/#website","url":"https:\/\/www.lesourceur.com\/","name":"Le sourceur","description":"","potentialAction":[{"@type":"SearchAction","target":{"@type":"EntryPoint","urlTemplate":"https:\/\/www.lesourceur.com\/?s={search_term_string}"},"query-input":{"@type":"PropertyValueSpecification","valueRequired":true,"valueName":"search_term_string"}}],"inLanguage":"es"}]}},"_links":{"self":[{"href":"https:\/\/www.lesourceur.com\/es\/wp-json\/wp\/v2\/product\/16686","targetHints":{"allow":["GET"]}}],"collection":[{"href":"https:\/\/www.lesourceur.com\/es\/wp-json\/wp\/v2\/product"}],"about":[{"href":"https:\/\/www.lesourceur.com\/es\/wp-json\/wp\/v2\/types\/product"}],"version-history":[{"count":1,"href":"https:\/\/www.lesourceur.com\/es\/wp-json\/wp\/v2\/product\/16686\/revisions"}],"predecessor-version":[{"id":16709,"href":"https:\/\/www.lesourceur.com\/es\/wp-json\/wp\/v2\/product\/16686\/revisions\/16709"}],"wp:featuredmedia":[{"embeddable":true,"href":"https:\/\/www.lesourceur.com\/es\/wp-json\/wp\/v2\/media\/16691"}],"wp:attachment":[{"href":"https:\/\/www.lesourceur.com\/es\/wp-json\/wp\/v2\/media?parent=16686"}],"wp:term":[{"taxonomy":"intervenant","embeddable":true,"href":"https:\/\/www.lesourceur.com\/es\/wp-json\/wp\/v2\/intervenant?post=16686"},{"taxonomy":"lieu-de-latelier","embeddable":true,"href":"https:\/\/www.lesourceur.com\/es\/wp-json\/wp\/v2\/lieu-de-latelier?post=16686"},{"taxonomy":"product_brand","embeddable":true,"href":"https:\/\/www.lesourceur.com\/es\/wp-json\/wp\/v2\/product_brand?post=16686"},{"taxonomy":"product_cat","embeddable":true,"href":"https:\/\/www.lesourceur.com\/es\/wp-json\/wp\/v2\/product_cat?post=16686"},{"taxonomy":"product_tag","embeddable":true,"href":"https:\/\/www.lesourceur.com\/es\/wp-json\/wp\/v2\/product_tag?post=16686"}],"curies":[{"name":"wp","href":"https:\/\/api.w.org\/{rel}","templated":true}]}}